{"id":1218,"date":"2024-05-16T19:02:54","date_gmt":"2024-05-16T19:02:54","guid":{"rendered":"https:\/\/store.ticketrio.com.br\/store\/"},"modified":"2026-02-27T14:09:17","modified_gmt":"2026-02-27T14:09:17","slug":"store-ticket-rio-carnival","status":"publish","type":"page","link":"https:\/\/store.ticketrio.com.br\/de\/store-ticket-rio-carnival\/","title":{"rendered":"Store Ticket Rio Carnaval"},"content":{"rendered":"<figure class=\"wp-block-image alignleft size-full is-resized\"><img loading=\"lazy\" decoding=\"async\" width=\"250\" height=\"117\" src=\"https:\/\/store.ticketrio.com.br\/wp-content\/uploads\/2025\/08\/a-empresa-ticket-rio-logos-e1755781346568.png\" alt=\"\" class=\"wp-image-4035\" style=\"width:374px\"\/><\/figure>\n\n\n\n<p class=\"has-large-font-size\"><strong><span style=\"text-decoration: underline;\">W\u00e4hlen Sie die Tickets aus, die Sie kaufen m\u00f6chten<\/span><\/strong><\/p>\n\n\n\n<p><strong>Bezahlen Sie mit PayPal oder Kreditkarte. Es ist sicher und einfach.<\/strong><\/p>\n\n\n\n<p>Sie m\u00fcssen den Ort ausw\u00e4hlen, an dem Sie Ihre Tickets abholen m\u00f6chten. (AUCH F\u00dcR DIGITALE TICKETS)<\/p>\n\n\n\n<p><strong>Barra da Tijuca Store&nbsp;<\/strong>\u2013 Unser Ladengesch\u00e4ft in Barra ist das ganze Jahr \u00fcber ge\u00f6ffnet. Adresse: Av. das Am\u00e9ricas, Loja 700 112 L \u2013 Barra da Tijuca \u00d6ffnungszeiten: 10 bis 18 Uhr (einschlie\u00dflich Karnevalstage)<\/p>\n\n\n\n<p><strong>Copacabana Hotel VilaMar Hospitality Desk \u2013&nbsp;<\/strong>Copacabana Help Desk - Nur in der Karnevalswoche ge\u00f6ffnet. Adresse: Hotel VilaMar \u2013 Rua Bolivar, 75 Copacabana. \u00d6ffnungszeiten: 10 bis 18 Uhr (einschlie\u00dflich Karnevalstage)<\/p>\n\n\n\n<p class=\"has-ast-global-color-0-color has-text-color has-link-color wp-elements-e9a48db2bbe8bc38a9b161f56393bdee\"><strong><br><\/strong><strong>Nach dem Kauf:<\/strong><\/p>\n\n\n\n<p><strong>Our customer service&nbsp;<\/strong>will send the Ticket Rio <strong>Voucher <\/strong>to the register e-mail. This voucher is your purchase confirmation and all the orde detail is there. Please bring an photo ID to get your tickets at the select location.<\/p>\n\n\n\n<p class=\"has-ast-global-color-7-color has-text-color has-link-color wp-elements-7b6e4fc0c048d2986be77876dcc94011\"><strong>Stornierung: 7 Kalendertage<\/strong> (Brazilian Law)<br>After you receive the Ticket Rio Voucher, you have 7 calendar days to ask the cancelation for whatever reason and 100% refund will be provided.<br><br> After this period until December 31, we charge 30% cancelation fee due the administration process and due time holding the tickets for you for the event and you will receive 70% refund to the original payment. After December 31, it\u2019s not possible to cancel but you can send us and e-mail and we check the possibility to sell your tickets to another customer and return your money (70% refund).<\/p>\n\n\n\n<h4 class=\"wp-block-heading has-luminous-vivid-orange-color has-text-color has-link-color wp-elements-fa9c246c845f70a064aeb923b4c186b7\"><strong><br>SO ERHALTEN SIE IHRE RIO CARNIVAL SAMBADROME-TICKETS<\/strong>:<\/h4>\n\n\n\n<p><br><strong>&#8211; For Digital Tickets &#8211; GRANDSTAND and ALLOCATED CHAIR<\/strong>.<br>For complete DIGITAL TICKETS instructions please visit the bellow page.<strong><br><\/strong><br><mark style=\"background-color:rgba(0, 0, 0, 0);color:#0693e3\" class=\"has-inline-color\"><strong>WIR KONTAKTIEREN JEDEN DURCH<\/strong><\/mark><strong><mark style=\"background-color:rgba(0, 0, 0, 0);color:#00d084\" class=\"has-inline-color\"> WHATSAPP<\/mark><\/strong> <strong>15 days before Carnival <\/strong>to starts transfering the <mark style=\"background-color:rgba(0, 0, 0, 0);color:#ff6900\" class=\"has-inline-color\">Digital Ticket to Quentro App<\/mark> (sambadrome entrance app). Please inform your whatsapp in the moment of your purchase. We also have our physical store and Copacabana Vila Mar Holel in case you want to receive your Digital Tickets in person.<br><br>Read all the info about Digital Ticket transfering here &#8211;> <a href=\"https:\/\/store.ticketrio.com.br\/de\/digital-tickets-rio-sambadrome-carnival-tickets\/\">https:\/\/store.ticketrio.com.br\/digital-tickets-rio-sambadrome-carnival-tickets\/<\/a><br><br><br><strong>\u2013 F\u00fcr physische Tickets<\/strong> &#8211; FRONT BOX and VIP Camarotes All Inclusive.<br><strong>Sambadrome-Tickets sind in der Karnevalswoche erh\u00e4ltlich.<br><\/strong>Bitte bringen Sie Ihren Gutschein mit, um Ihre Tickets in der Karnevalswoche von 10 bis 18 Uhr (einschlie\u00dflich aller Karnevalstage) am Copacabana-Helpdesk oder im Barra da Tijuca Store zu erhalten.<br><br><strong><br><\/strong><\/p>\n\n\n\n<p><\/p>\n\n\n\n<h4 class=\"wp-block-heading\"><strong>Zu jedem Ticket gibt es Geschenke<\/strong>.<\/h4>","protected":false},"excerpt":{"rendered":"<p>Select the Tickets you want to buy Pay with PayPal or Credit Card. It&#8217;s safe and easy. You must to choose the location to pick-up your tickets. (EVEN FOR DIGITAL TICKETS) Barra da Tijuca Store&nbsp;\u2013 Our Physical store in Barra open the whole year. Address: Av. das Am\u00e9ricas, Loja 700 112 L \u2013 Barra da [&hellip;]<\/p>\n","protected":false},"author":1,"featured_media":0,"parent":0,"menu_order":0,"comment_status":"closed","ping_status":"closed","template":"","meta":{"_seopress_robots_primary_cat":"","_seopress_titles_title":"","_seopress_titles_desc":"","_seopress_robots_index":"","_surecart_dashboard_logo_width":"180px","_surecart_dashboard_show_logo":true,"_surecart_dashboard_navigation_orders":true,"_surecart_dashboard_navigation_invoices":true,"_surecart_dashboard_navigation_subscriptions":true,"_surecart_dashboard_navigation_downloads":true,"_surecart_dashboard_navigation_billing":true,"_surecart_dashboard_navigation_account":true,"_uag_custom_page_level_css":"","site-sidebar-layout":"no-sidebar","site-content-layout":"default","ast-site-content-layout":"default","site-content-style":"default","site-sidebar-style":"default","ast-global-header-display":"","ast-banner-title-visibility":"","ast-main-header-display":"","ast-hfb-above-header-display":"","ast-hfb-below-header-display":"","ast-hfb-mobile-header-display":"","site-post-title":"disabled","ast-breadcrumbs-content":"","ast-featured-img":"","footer-sml-layout":"","ast-disable-related-posts":"","theme-transparent-header-meta":"default","adv-header-id-meta":"","stick-header-meta":"","header-above-stick-meta":"","header-main-stick-meta":"","header-below-stick-meta":"","astra-migrate-meta-layouts":"set","ast-page-background-enabled":"default","ast-page-background-meta":{"desktop":{"background-color":"","background-image":"","background-repeat":"repeat","background-position":"center center","background-size":"auto","background-attachment":"scroll","background-type":"","background-media":"","overlay-type":"","overlay-color":"","overlay-opacity":"","overlay-gradient":""},"tablet":{"background-color":"","background-image":"","background-repeat":"repeat","background-position":"center center","background-size":"auto","background-attachment":"scroll","background-type":"","background-media":"","overlay-type":"","overlay-color":"","overlay-opacity":"","overlay-gradient":""},"mobile":{"background-color":"","background-image":"","background-repeat":"repeat","background-position":"center center","background-size":"auto","background-attachment":"scroll","background-type":"","background-media":"","overlay-type":"","overlay-color":"","overlay-opacity":"","overlay-gradient":""}},"ast-content-background-meta":{"desktop":{"background-color":"var(--ast-global-color-5)","background-image":"","background-repeat":"repeat","background-position":"center center","background-size":"auto","background-attachment":"scroll","background-type":"","background-media":"","overlay-type":"","overlay-color":"","overlay-opacity":"","overlay-gradient":""},"tablet":{"background-color":"var(--ast-global-color-5)","background-image":"","background-repeat":"repeat","background-position":"center center","background-size":"auto","background-attachment":"scroll","background-type":"","background-media":"","overlay-type":"","overlay-color":"","overlay-opacity":"","overlay-gradient":""},"mobile":{"background-color":"var(--ast-global-color-5)","background-image":"","background-repeat":"repeat","background-position":"center center","background-size":"auto","background-attachment":"scroll","background-type":"","background-media":"","overlay-type":"","overlay-color":"","overlay-opacity":"","overlay-gradient":""}},"iawp_total_views":1107,"footnotes":""},"class_list":["post-1218","page","type-page","status-publish","hentry"],"uagb_featured_image_src":{"full":false,"thumbnail":false,"medium":false,"medium_large":false,"large":false,"1536x1536":false,"2048x2048":false,"trp-custom-language-flag":false,"woocommerce_thumbnail":false,"woocommerce_single":false,"woocommerce_gallery_thumbnail":false},"uagb_author_info":{"display_name":"Duda","author_link":"https:\/\/store.ticketrio.com.br\/de\/author\/duda\/"},"uagb_comment_info":0,"uagb_excerpt":"Select the Tickets you want to buy Pay with PayPal or Credit Card. It&#8217;s safe and easy. You must to choose the location to pick-up your tickets. (EVEN FOR DIGITAL TICKETS) Barra da Tijuca Store&nbsp;\u2013 Our Physical store in Barra open the whole year. Address: Av. das Am\u00e9ricas, Loja 700 112 L \u2013 Barra da&hellip;","jetpack_sharing_enabled":true,"_links":{"self":[{"href":"https:\/\/store.ticketrio.com.br\/de\/wp-json\/wp\/v2\/pages\/1218","targetHints":{"allow":["GET"]}}],"collection":[{"href":"https:\/\/store.ticketrio.com.br\/de\/wp-json\/wp\/v2\/pages"}],"about":[{"href":"https:\/\/store.ticketrio.com.br\/de\/wp-json\/wp\/v2\/types\/page"}],"author":[{"embeddable":true,"href":"https:\/\/store.ticketrio.com.br\/de\/wp-json\/wp\/v2\/users\/1"}],"replies":[{"embeddable":true,"href":"https:\/\/store.ticketrio.com.br\/de\/wp-json\/wp\/v2\/comments?post=1218"}],"version-history":[{"count":8,"href":"https:\/\/store.ticketrio.com.br\/de\/wp-json\/wp\/v2\/pages\/1218\/revisions"}],"predecessor-version":[{"id":4536,"href":"https:\/\/store.ticketrio.com.br\/de\/wp-json\/wp\/v2\/pages\/1218\/revisions\/4536"}],"wp:attachment":[{"href":"https:\/\/store.ticketrio.com.br\/de\/wp-json\/wp\/v2\/media?parent=1218"}],"curies":[{"name":"wp","href":"https:\/\/api.w.org\/{rel}","templated":true}]}}