{"id":3311,"date":"2024-06-10T02:27:32","date_gmt":"2024-06-10T02:27:32","guid":{"rendered":"https:\/\/store.ticketrio.com.br\/?page_id=3311"},"modified":"2026-04-06T18:44:37","modified_gmt":"2026-04-06T18:44:37","slug":"digital-tickets-rio-sambadrome-carnival-tickets","status":"publish","type":"page","link":"https:\/\/store.ticketrio.com.br\/de\/digital-tickets-rio-sambadrome-carnival-tickets\/","title":{"rendered":"Rio Carnival Sambadrome Tickets \/ Digital Tickets &#8211; Grandstands Tickets and Front Box"},"content":{"rendered":"<h1 class=\"wp-block-heading has-ast-global-color-0-color has-text-color has-link-color has-medium-font-size wp-elements-ea8c107ac4959078c50c6faaa976052f\">SO ERHALTEN SIE DIGITALE TICKETS, DIE SIE BEI \u200b\u200bTICKET RIO KAUFEN<\/h1>\n\n\n\n<hr class=\"wp-block-separator has-alpha-channel-opacity\"\/>\n\n\n\n<h1 class=\"wp-block-heading has-medium-font-size\"><strong>\u00a0Now your Grandstands Tickets and Front Box (Frisas) for every Sambadrome Sector is Digital tickets (QR code). <\/strong><br><br>The digital tickets will be available 15 days before Carnival. <br><br>Nach dem Kauf erhalten Sie zun\u00e4chst unseren Gutschein per E-Mail (dies ist Ihre Kaufbest\u00e4tigung) und dann werden wir Sie per Telefon (Whatsapp) und E-Mail kontaktieren, um <strong>ANLEITUNG zur Ticket\u00fcbertragung auf Ihre QUENTRO APP<\/strong>.<br><br>&#8211;>Camarote VIP All Inclusive are still physical tickets and need to be picked up at selected location (Barra or Copacabana).<br><br>Unsere physischen Standorte stehen zur Abholung von Frontboxen oder VIP-Tickets und zum Erhalt der GESCHENKE (optional) zur Verf\u00fcgung.<br><br>F\u00dcR DIE TRIB\u00dcNE M\u00dcSSEN SIE NUR ZU DEM AUSGEW\u00c4HLTEN ORT GEHEN, WENN SIE DIE GESCHENKE HABEN M\u00d6CHTEN. <br><\/h1>\n\n\n\n<h1 class=\"wp-block-heading has-medium-font-size\">&nbsp;Wie kann ich auf meine mit Ticket Rio gekauften digitalen Tickets zugreifen?<br><\/h1>\n\n\n\n<p class=\"has-vivid-red-color has-text-color has-link-color has-medium-font-size wp-elements-89265a9f9fc678574d1fda97e447c87d\"><strong>\u2013 Laden Sie die QUENTRO-App auf Ihr Telefon herunter.<\/strong><\/p>\n\n\n\n<figure class=\"wp-block-image size-medium\"><a href=\"https:\/\/apps.apple.com\/br\/app\/quentro\/id1446088511\"><img loading=\"lazy\" decoding=\"async\" width=\"300\" height=\"101\" src=\"https:\/\/store.ticketrio.com.br\/wp-content\/uploads\/2024\/06\/SlKyg18510-300x101.png\" alt=\"\" class=\"wp-image-3312\" srcset=\"https:\/\/store.ticketrio.com.br\/wp-content\/uploads\/2024\/06\/SlKyg18510-300x101.png 300w, https:\/\/store.ticketrio.com.br\/wp-content\/uploads\/2024\/06\/SlKyg18510.png 388w\" sizes=\"auto, (max-width: 300px) 100vw, 300px\" \/><\/a><\/figure>\n\n\n\n<figure class=\"wp-block-image size-medium\"><a href=\"https:\/\/play.google.com\/store\/apps\/details?id=com.getcrowder.quentro&amp;hl=pt_BR&amp;gl=US\"><img loading=\"lazy\" decoding=\"async\" width=\"300\" height=\"89\" src=\"https:\/\/store.ticketrio.com.br\/wp-content\/uploads\/2024\/06\/Rglio18210-300x89.png\" alt=\"\" class=\"wp-image-3313\" srcset=\"https:\/\/store.ticketrio.com.br\/wp-content\/uploads\/2024\/06\/Rglio18210-300x89.png 300w, https:\/\/store.ticketrio.com.br\/wp-content\/uploads\/2024\/06\/Rglio18210.png 412w\" sizes=\"auto, (max-width: 300px) 100vw, 300px\" \/><\/a><\/figure>\n\n\n\n<p class=\"has-vivid-red-color has-text-color has-link-color has-medium-font-size wp-elements-e5c7b78413529434502da26b79209bd3\">&#8211; CREATE A QUENTRO ACCOUNT IN THE APP.<br><br> Our offical whatsapp is bellow for any doubt. <br><a href=\"https:\/\/api.whatsapp.com\/send?phone=+14079784355\">+55 21 98379-5068 (Telefon und WhatsApp)<\/a>)<br><br>Wir werden die Tickets von unserem Quentro-Konto auf das Quentro-Konto des K\u00e4ufers \u00fcbertragen. Nur bis Januar 2026.<\/p>\n\n\n\n<h1 class=\"wp-block-heading has-medium-font-size\"><\/h1>\n\n\n\n<figure class=\"wp-block-image aligncenter size-medium is-resized\"><img loading=\"lazy\" decoding=\"async\" width=\"245\" height=\"300\" src=\"https:\/\/store.ticketrio.com.br\/wp-content\/uploads\/2024\/06\/quantro-qr-code-245x300.png\" alt=\"\" class=\"wp-image-3319\" style=\"width:232px;height:auto\" srcset=\"https:\/\/store.ticketrio.com.br\/wp-content\/uploads\/2024\/06\/quantro-qr-code-245x300.png 245w, https:\/\/store.ticketrio.com.br\/wp-content\/uploads\/2024\/06\/quantro-qr-code.png 450w\" sizes=\"auto, (max-width: 245px) 100vw, 245px\" \/><\/figure>\n\n\n\n<h3 class=\"wp-block-heading\">Bleiben Sie dran f\u00fcr Empfehlungen!<\/h3>\n\n\n\n<ul class=\"wp-block-list\">\n<li>Halten Sie Ihr Telefon aufgeladen. Wir scannen beim Eintritt den QR-Code in der Quentro-App. Stellen Sie sicher, dass Ihr Mobiltelefon aufgeladen ist, wenn Sie am Veranstaltungsort ankommen.<\/li>\n\n\n\n<li>Verwenden Sie f\u00fcr die Anmeldung Ihr QUENTRO-Konto, eine g\u00fcltige E-Mail-Adresse, vorzugsweise dieselbe, mit der Sie Ihre Tickets bei uns gekauft haben, sowie dieselben Daten wie der Ticketk\u00e4ufer.<\/li>\n\n\n\n<li>\u00dcberpr\u00fcfen Sie Ihre pers\u00f6nlichen Daten. Vermeiden Sie Identifikationsprobleme! \u00dcberpr\u00fcfen Sie vor dem Einlass Ihre Konto- und Ticketdaten, um einen reibungslosen Ablauf zu gew\u00e4hrleisten.<\/li>\n\n\n\n<li>Kaufen Sie Tickets f\u00fcr das Rio Sambadrome im Voraus. Warten Sie nicht mit dem Kauf Ihrer Tickets in letzter Minute, damit bei Ihrem Eintritt bereits alles organisiert ist.<\/li>\n<\/ul>\n\n\n\n<h2 class=\"wp-block-heading\"><strong>AUFMERKSAMKEIT F\u00dcR DIE REGELN:<\/strong><\/h2>\n\n\n\n<ol class=\"wp-block-list\">\n<li><strong>Eine Stornierung von DIGITALEN TICKETS ist nach der Zustellung und Best\u00e4tigung durch den Kunden nicht mehr m\u00f6glich..<\/strong><\/li>\n\n\n\n<li><strong>DIGITALE TICKETS sind nicht \u00fcbertragbar.<\/strong><\/li>\n\n\n\n<li><strong>Nach der Lieferung von physischen oder digitalen Tickets liegt die Verantwortung beim Kunden\/Empf\u00e4nger.<\/strong><\/li>\n\n\n\n<li><strong>Im Falle eines Verlusts, Diebstahls oder Diebstahls von physischen Tickets oder des Ger\u00e4ts, auf dem das digitale Ticket akzeptiert wurde, liegt dies in der Verantwortung des Kunden und kann von unserem Unternehmen weder ersetzt noch storniert werden.<\/strong><\/li>\n<\/ol>\n\n\n\n<p class=\"has-vivid-red-color has-text-color has-link-color wp-elements-9263e2f701ca051b84f184d368ccae9c\">DER PHYSISCHE STANDORT IST IMMER NOCH VERF\u00dcGBAR, FALLS SIE DEN DIGITALEN TICKETPROZESS NICHT SELBST DURCHF\u00dcHREN M\u00d6CHTEN. Unser Team in Barra und in Vila Mar Copacabana wird in der Karnevalswoche zu Ihrer Verf\u00fcgung stehen, um Ihnen bei der digitalen Eintrittskarte zu helfen.<\/p>\n\n\n\n<p><strong>FRISA UND CAMAROTES&nbsp;<\/strong>A\u00daN SE DISPONE DE ENTRADAS F\u00cdSICAS Y SE DEBEN RECOGER EN LA UBICACI\u00d3N SELECCIONADA.<\/p>\n\n\n\n<p class=\"has-large-font-size\">GENIESSEN SIE DEN KARNEVAL VON RIO IM SAMBADROM! <br><br>HABT SPASS!<br><\/p>\n\n\n\n<p><\/p>","protected":false},"excerpt":{"rendered":"<p>HOW TO RECEIVE DIGITAL TICKETS PURCHASE AT TICKET RIO \u00a0Now your Grandstands Tickets and Front Box (Frisas) for every Sambadrome Sector is Digital tickets (QR code). The digital tickets will be available 15 days before Carnival. After purchase, first you receive our Voucher by email (which is your purchase confirmation) and then We will contact [&hellip;]<\/p>\n","protected":false},"author":1,"featured_media":0,"parent":0,"menu_order":0,"comment_status":"closed","ping_status":"closed","template":"","meta":{"_seopress_robots_primary_cat":"","_seopress_titles_title":"","_seopress_titles_desc":"","_seopress_robots_index":"","_surecart_dashboard_logo_width":"180px","_surecart_dashboard_show_logo":true,"_surecart_dashboard_navigation_orders":true,"_surecart_dashboard_navigation_invoices":true,"_surecart_dashboard_navigation_subscriptions":true,"_surecart_dashboard_navigation_downloads":true,"_surecart_dashboard_navigation_billing":true,"_surecart_dashboard_navigation_account":true,"_uag_custom_page_level_css":"","site-sidebar-layout":"no-sidebar","site-content-layout":"","ast-site-content-layout":"default","site-content-style":"default","site-sidebar-style":"default","ast-global-header-display":"","ast-banner-title-visibility":"","ast-main-header-display":"","ast-hfb-above-header-display":"","ast-hfb-below-header-display":"","ast-hfb-mobile-header-display":"","site-post-title":"","ast-breadcrumbs-content":"","ast-featured-img":"","footer-sml-layout":"","ast-disable-related-posts":"","theme-transparent-header-meta":"","adv-header-id-meta":"","stick-header-meta":"","header-above-stick-meta":"","header-main-stick-meta":"","header-below-stick-meta":"","astra-migrate-meta-layouts":"set","ast-page-background-enabled":"default","ast-page-background-meta":{"desktop":{"background-color":"","background-image":"","background-repeat":"repeat","background-position":"center center","background-size":"auto","background-attachment":"scroll","background-type":"","background-media":"","overlay-type":"","overlay-color":"","overlay-opacity":"","overlay-gradient":""},"tablet":{"background-color":"","background-image":"","background-repeat":"repeat","background-position":"center center","background-size":"auto","background-attachment":"scroll","background-type":"","background-media":"","overlay-type":"","overlay-color":"","overlay-opacity":"","overlay-gradient":""},"mobile":{"background-color":"","background-image":"","background-repeat":"repeat","background-position":"center center","background-size":"auto","background-attachment":"scroll","background-type":"","background-media":"","overlay-type":"","overlay-color":"","overlay-opacity":"","overlay-gradient":""}},"ast-content-background-meta":{"desktop":{"background-color":"var(--ast-global-color-5)","background-image":"","background-repeat":"repeat","background-position":"center center","background-size":"auto","background-attachment":"scroll","background-type":"","background-media":"","overlay-type":"","overlay-color":"","overlay-opacity":"","overlay-gradient":""},"tablet":{"background-color":"var(--ast-global-color-5)","background-image":"","background-repeat":"repeat","background-position":"center center","background-size":"auto","background-attachment":"scroll","background-type":"","background-media":"","overlay-type":"","overlay-color":"","overlay-opacity":"","overlay-gradient":""},"mobile":{"background-color":"var(--ast-global-color-5)","background-image":"","background-repeat":"repeat","background-position":"center center","background-size":"auto","background-attachment":"scroll","background-type":"","background-media":"","overlay-type":"","overlay-color":"","overlay-opacity":"","overlay-gradient":""}},"iawp_total_views":2050,"footnotes":""},"class_list":["post-3311","page","type-page","status-publish","hentry"],"uagb_featured_image_src":{"full":false,"thumbnail":false,"medium":false,"medium_large":false,"large":false,"1536x1536":false,"2048x2048":false,"trp-custom-language-flag":false,"woocommerce_thumbnail":false,"woocommerce_single":false,"woocommerce_gallery_thumbnail":false},"uagb_author_info":{"display_name":"Duda","author_link":"https:\/\/store.ticketrio.com.br\/de\/author\/duda\/"},"uagb_comment_info":0,"uagb_excerpt":"HOW TO RECEIVE DIGITAL TICKETS PURCHASE AT TICKET RIO \u00a0Now your Grandstands Tickets and Front Box (Frisas) for every Sambadrome Sector is Digital tickets (QR code). The digital tickets will be available 15 days before Carnival. After purchase, first you receive our Voucher by email (which is your purchase confirmation) and then We will contact&hellip;","jetpack_sharing_enabled":true,"_links":{"self":[{"href":"https:\/\/store.ticketrio.com.br\/de\/wp-json\/wp\/v2\/pages\/3311","targetHints":{"allow":["GET"]}}],"collection":[{"href":"https:\/\/store.ticketrio.com.br\/de\/wp-json\/wp\/v2\/pages"}],"about":[{"href":"https:\/\/store.ticketrio.com.br\/de\/wp-json\/wp\/v2\/types\/page"}],"author":[{"embeddable":true,"href":"https:\/\/store.ticketrio.com.br\/de\/wp-json\/wp\/v2\/users\/1"}],"replies":[{"embeddable":true,"href":"https:\/\/store.ticketrio.com.br\/de\/wp-json\/wp\/v2\/comments?post=3311"}],"version-history":[{"count":24,"href":"https:\/\/store.ticketrio.com.br\/de\/wp-json\/wp\/v2\/pages\/3311\/revisions"}],"predecessor-version":[{"id":4597,"href":"https:\/\/store.ticketrio.com.br\/de\/wp-json\/wp\/v2\/pages\/3311\/revisions\/4597"}],"wp:attachment":[{"href":"https:\/\/store.ticketrio.com.br\/de\/wp-json\/wp\/v2\/media?parent=3311"}],"curies":[{"name":"wp","href":"https:\/\/api.w.org\/{rel}","templated":true}]}}