{"id":3845,"date":"2025-05-23T16:21:05","date_gmt":"2025-05-23T16:21:05","guid":{"rendered":"https:\/\/store.ticketrio.com.br\/?page_id=3845"},"modified":"2025-05-27T18:00:42","modified_gmt":"2025-05-27T18:00:42","slug":"general-info-sambadrome","status":"publish","type":"page","link":"https:\/\/store.ticketrio.com.br\/de\/general-info-sambadrome\/","title":{"rendered":"Info Sambadrom"},"content":{"rendered":"<h3 class=\"wp-block-heading\"><strong>ALLGEMEINE INFORMATIONEN \u00dcBER SAMBODROME RIO DE JANEIRO<\/strong><\/h3>\n\n\n\n<p>Das Sambadrom ist in 13 Sektoren unterteilt. Der Ticketpreis f\u00fcr jeden Sektor h\u00e4ngt von der Lage und der Aussicht auf die Avenue ab. Die Sektoren mit ungeraden Nummern befinden sich auf der einen Seite, die mit geraden Nummern auf der anderen. Die Nummern steigen zum Ende der Avenue hin an. Die ungeraden Sektoren sind nicht mit den geraden Sektoren verbunden.<\/p>\n\n\n\n<p>Alle Sektoren bestehen aus Trib\u00fcnen, Frisas und VIP-Logen. Die Frisas befinden sich vor den Trib\u00fcnen, Reihe A, am n\u00e4chsten zur Paradestrecke des Sambadroms. VIP-Logen befinden sich in verschiedenen Sektoren. Ausl\u00e4ndische Touristen k\u00f6nnen Tickets f\u00fcr jeden Sektor des Sambadroms erwerben.<\/p>\n\n\n\n<p><strong>So erreichen Sie das Sambadrom<\/strong><br><br><strong>UBER <\/strong>\u2013 Uber ist nicht berechtigt, das Gebiet rund um das Sambadrom zu betreten, da der Bereich nur f\u00fcr autorisierte Fahrzeuge gesperrt ist.<br><strong>We do not recommend taking UBER as it will leave you far from the main entrances to the Sambadrome.<\/strong><\/p>\n\n\n\n<p><strong>U-Bahn<\/strong><br>Metr\u00f4Rio ist w\u00e4hrend des gesamten Karnevals in Rio rund um die Uhr in Betrieb. Metr\u00f4Rio bietet einen speziellen 24-Stunden-Betrieb, um den Feiernden die Fortbewegung zu erleichtern, wenn sie zu den Karnevalsbl\u00f6cken gehen oder die Paraden an der Passarela do Samba im Sambadrom ansehen. Die Metro ist schnell, aber an Karnevalstagen \u00fcberf\u00fcllt. Trotzdem ist sie die beste Option, um schnell, sicher und g\u00fcnstig zum Sambadrom zu gelangen. Wenn Sie mit der U-Bahn fahren m\u00f6chten, w\u00e4hlen Sie die Seite mit den geraden Nummern, da diese die n\u00e4chstgelegene U-Bahn-Station zum Sambadrom hat.<br><br><strong>U-Bahn-Station AUCH SEITE<\/strong> \u2013 Pra\u00e7a Onze<br><strong>U-Bahn-Station SEITE UNGERADE<\/strong> \u2013 Central do Brasil<br><br><strong>Taxi Cab<\/strong> \u2013 Benutzen Sie keine Stra\u00dfentaxis, da diese von einem akkreditierten Unternehmen betrieben werden m\u00fcssen. Akkreditierte Taxis haben Festpreise und verlangen eine vorherige telefonische Vereinbarung. Folgende Unternehmen sind f\u00fcr Taxifahrten zum Eingang des Sambadroms zugelassen:<br> &#8211; <strong>Gerade Seite: Coopatur <\/strong>\u2013 Tel: 55 (21) 2573-1009 \/ 3885-1000<br>&nbsp;&#8211; <strong>Seite ungerade: Coopertramo<\/strong> \u2013 Tel: 55 (21) 2560-2022 \/ 2560-1474<\/p>\n\n\n\n<p><strong>Privater Transport \u2013<\/strong> Um Ihre Ankunft im Sambadrom so reibungslos und sicher wie m\u00f6glich zu gestalten, bieten wir einen Sambadrom-Transferservice an. Unsere Preise finden Sie hier: <a href=\"https:\/\/store.ticketrio.com.br\/de\/karneval-rio-de-janeiro-tickets\/transfer-rio-carnival\/\">https:\/\/store.ticketrio.com.br\/product-category\/transfer-rio-carnival\/<\/a><\/p>\n\n\n\n<p><strong>Wann Sie ankommen sollten<\/strong><br>Einlass ist um 18:00 Uhr. Manche Personen, die keine nummerierten Sitzpl\u00e4tze haben, kommen in der Regel etwas fr\u00fcher, um sich die besten Pl\u00e4tze zu sichern. Die Startzeit der Paraden h\u00e4ngt vom jeweiligen Tag ab. Bitte beachten Sie den Ablaufplan der Parade.<\/p>\n\n\n\n<p><strong>Einrichtungen<\/strong>\/ <strong>Food Court<\/strong><br>In jedem Sektor des Sambadroms gibt es Bars mit Speisen und Getr\u00e4nken sowie Toiletten. Dar\u00fcber hinaus hat jeder Zugang zum offenen Bereich, einem Bereich hinter den Trib\u00fcnen des Sambadroms, in dem sich Restaurants, Eisdielen, Souvenirl\u00e4den und weitere Toiletten befinden.<\/p>\n\n\n\n<p><strong>Sicherheit<\/strong> <strong>im Sambadrom<\/strong><br>An Paradetagen gilt das Sambadrom als der sicherste Ort S\u00fcdamerikas. Unter den Menschenmassen tummeln sich viele internationale Prominente, Politiker und Mitglieder k\u00f6niglicher Familien. Das Sambadrom ist von riesigen Z\u00e4unen umgeben, die aus kommerziellen und Sicherheitsgr\u00fcnden niemand passieren kann, ohne kontrolliert zu werden.<\/p>\n\n\n\n<p><strong>Was Sie mitbringen sollten<\/strong><br>Bitte beachten Sie, dass im Sambadrom nur kleine Snacks wie Pizza und Cheeseburger erh\u00e4ltlich sind. Sie k\u00f6nnen auch Plastikbeh\u00e4lter mit Getr\u00e4nken und einigen Speisen wie Sandwiches und Obst mitbringen. Styropor, Flaschen, Glas und Feuerwerk sind verboten. Alkoholische Getr\u00e4nke werden im Sambadrom in der Regel an Personen \u00fcber 18 Jahren verkauft.<\/p>\n\n\n\n<p><strong>Children<mark style=\"background-color:rgba(0, 0, 0, 0);color:#cf2e2e\" class=\"has-inline-color\"> under 5 year<\/mark>s of age are not allowed to enter the Sambadrome, even if accompanied by their guardians.<\/strong><br><\/p>\n\n\n\n<figure class=\"wp-block-image\"><img decoding=\"async\" src=\"https:\/\/www.ticketrio.com.br\/site\/wp-content\/uploads\/2015\/05\/2012_LIESA_MAPA-SAMBODROMO_Normal.jpg\" alt=\"\"\/><\/figure>\n\n\n\n<ul class=\"wp-block-list\">\n<li><\/li>\n<\/ul>","protected":false},"excerpt":{"rendered":"<p>GENERAL INFORMATION ABOUT SAMBODROME RIO DE JANEIRO Sambadrome is divided into 13 sectors. The ticket price for each sector depends on the position and view of the Avenue. The odd-numbered sectors are on one side and the even-numbered sectors are on the other. The numbers increase towards the end of the Avenue. The odd-numbered side [&hellip;]<\/p>\n","protected":false},"author":1,"featured_media":0,"parent":0,"menu_order":0,"comment_status":"closed","ping_status":"closed","template":"","meta":{"_seopress_robots_primary_cat":"","_seopress_titles_title":"","_seopress_titles_desc":"","_seopress_robots_index":"","_surecart_dashboard_logo_width":"180px","_surecart_dashboard_show_logo":true,"_surecart_dashboard_navigation_orders":true,"_surecart_dashboard_navigation_invoices":true,"_surecart_dashboard_navigation_subscriptions":true,"_surecart_dashboard_navigation_downloads":true,"_surecart_dashboard_navigation_billing":true,"_surecart_dashboard_navigation_account":true,"_uag_custom_page_level_css":"","site-sidebar-layout":"no-sidebar","site-content-layout":"","ast-site-content-layout":"normal-width-container","site-content-style":"default","site-sidebar-style":"default","ast-global-header-display":"","ast-banner-title-visibility":"","ast-main-header-display":"","ast-hfb-above-header-display":"","ast-hfb-below-header-display":"","ast-hfb-mobile-header-display":"","site-post-title":"","ast-breadcrumbs-content":"","ast-featured-img":"","footer-sml-layout":"","ast-disable-related-posts":"","theme-transparent-header-meta":"","adv-header-id-meta":"","stick-header-meta":"","header-above-stick-meta":"","header-main-stick-meta":"","header-below-stick-meta":"","astra-migrate-meta-layouts":"set","ast-page-background-enabled":"default","ast-page-background-meta":{"desktop":{"background-color":"","background-image":"","background-repeat":"repeat","background-position":"center center","background-size":"auto","background-attachment":"scroll","background-type":"","background-media":"","overlay-type":"","overlay-color":"","overlay-gradient":""},"tablet":{"background-color":"","background-image":"","background-repeat":"repeat","background-position":"center center","background-size":"auto","background-attachment":"scroll","background-type":"","background-media":"","overlay-type":"","overlay-color":"","overlay-gradient":""},"mobile":{"background-color":"","background-image":"","background-repeat":"repeat","background-position":"center center","background-size":"auto","background-attachment":"scroll","background-type":"","background-media":"","overlay-type":"","overlay-color":"","overlay-gradient":""}},"ast-content-background-meta":{"desktop":{"background-color":"var(--ast-global-color-5)","background-image":"","background-repeat":"repeat","background-position":"center center","background-size":"auto","background-attachment":"scroll","background-type":"","background-media":"","overlay-type":"","overlay-color":"","overlay-gradient":""},"tablet":{"background-color":"var(--ast-global-color-5)","background-image":"","background-repeat":"repeat","background-position":"center center","background-size":"auto","background-attachment":"scroll","background-type":"","background-media":"","overlay-type":"","overlay-color":"","overlay-gradient":""},"mobile":{"background-color":"var(--ast-global-color-5)","background-image":"","background-repeat":"repeat","background-position":"center center","background-size":"auto","background-attachment":"scroll","background-type":"","background-media":"","overlay-type":"","overlay-color":"","overlay-gradient":""}},"iawp_total_views":1578,"footnotes":""},"class_list":["post-3845","page","type-page","status-publish","hentry"],"uagb_featured_image_src":{"full":false,"thumbnail":false,"medium":false,"medium_large":false,"large":false,"1536x1536":false,"2048x2048":false,"trp-custom-language-flag":false,"woocommerce_thumbnail":false,"woocommerce_single":false,"woocommerce_gallery_thumbnail":false},"uagb_author_info":{"display_name":"Duda","author_link":"https:\/\/store.ticketrio.com.br\/de\/author\/duda\/"},"uagb_comment_info":0,"uagb_excerpt":"GENERAL INFORMATION ABOUT SAMBODROME RIO DE JANEIRO Sambadrome is divided into 13 sectors. The ticket price for each sector depends on the position and view of the Avenue. The odd-numbered sectors are on one side and the even-numbered sectors are on the other. The numbers increase towards the end of the Avenue. The odd-numbered side&hellip;","jetpack_sharing_enabled":true,"_links":{"self":[{"href":"https:\/\/store.ticketrio.com.br\/de\/wp-json\/wp\/v2\/pages\/3845","targetHints":{"allow":["GET"]}}],"collection":[{"href":"https:\/\/store.ticketrio.com.br\/de\/wp-json\/wp\/v2\/pages"}],"about":[{"href":"https:\/\/store.ticketrio.com.br\/de\/wp-json\/wp\/v2\/types\/page"}],"author":[{"embeddable":true,"href":"https:\/\/store.ticketrio.com.br\/de\/wp-json\/wp\/v2\/users\/1"}],"replies":[{"embeddable":true,"href":"https:\/\/store.ticketrio.com.br\/de\/wp-json\/wp\/v2\/comments?post=3845"}],"version-history":[{"count":27,"href":"https:\/\/store.ticketrio.com.br\/de\/wp-json\/wp\/v2\/pages\/3845\/revisions"}],"predecessor-version":[{"id":3894,"href":"https:\/\/store.ticketrio.com.br\/de\/wp-json\/wp\/v2\/pages\/3845\/revisions\/3894"}],"wp:attachment":[{"href":"https:\/\/store.ticketrio.com.br\/de\/wp-json\/wp\/v2\/media?parent=3845"}],"curies":[{"name":"wp","href":"https:\/\/api.w.org\/{rel}","templated":true}]}}