{"id":3253,"date":"2024-06-06T20:30:24","date_gmt":"2024-06-06T20:30:24","guid":{"rendered":"https:\/\/store.ticketrio.com.br\/?post_type=product&#038;p=3253"},"modified":"2026-03-03T14:42:55","modified_gmt":"2026-03-03T14:42:55","slug":"king-camarote-all-inclusive-sector-08-tuesday-vip-riocarnival-tickets","status":"publish","type":"product","link":"https:\/\/store.ticketrio.com.br\/de\/product\/king-camarote-all-inclusive-sector-08-tuesday-vip-riocarnival-tickets\/","title":{"rendered":"King Camarote All Inclusive Sector 08 Tuesday 09\/02\/2027"},"content":{"rendered":"<div class=\"col-md-5\">\n<p>Das King's All Inclusive Camarote hat eine Fl\u00e4che von 2.300 m\u00b2 mit 3 Etagen und befindet sich im Sektor 08, direkt neben der zweiten Batteriestation. Es verf\u00fcgt \u00fcber den besten Service des Sambadrome. Gro\u00dfer Lounge-Bereich, Haar- und Make-up-Salon, Massage-Spa, Premium Open Bar, umfangreiche Verpflegungsm\u00f6glichkeiten mit einer speziellen japanischen K\u00fcche, Transfer In\/ Out und Live-Musik-Shows in den Pausen.<strong><br \/>\n<\/strong>Preis pro Person<\/p>\n<\/div>\n<div class=\"col-md-7 d-flex align-items-center justify-content-center\">\n<p><strong>VIP All Inclusive Service:  Open Bar Premium + Komplettes Buffet (einschlie\u00dflich ganzt\u00e4gig japanisches Essen) + Massage Spa + Beauty Center + Shows in den Pausen + 3 Great Floors mit Lounge-Bereich + Sambadrome Transfer in \/Out vom Treffpunkt + Geschenke<\/strong><\/p>\n<\/div>\n<div class=\"col-md-12 mt-5\">\n<div class=\"table-responsive\">\n<div class=\"col-md-7 d-flex align-items-center justify-content-center\"><strong>Paket: Ticket (T-Shirt) + All Inclusive<\/strong><\/div>\n<div class=\"col-md-7 d-flex align-items-center justify-content-center\">\n<p><strong>Sektor: 08<\/strong><\/p>\n<p><span style=\"color: #ff0000;\">Das Tragen des Camarote-T-Shirts als Teil des Tickets ist am Tag der Veranstaltung obligatorisch.<\/span><\/p>\n<\/div>\n<\/div>\n<\/div>","protected":false},"excerpt":{"rendered":"<div class=\"col-md-5\">\n<div class=\"col-md-5\">\n<p>Das King's All Inclusive Camarote hat 2.300m\u00b2 auf 3 Etagen und befindet sich im Sektor 08, direkt neben der zweiten Batteriestation. Es verf\u00fcgt \u00fcber den besten Service des Sambadrome. Gro\u00dfer Lounge-Bereich, Haar- und Make-up-Salon, Massage-Spa, Premium Open Bar, umfangreiche Verpflegungsm\u00f6glichkeiten mit einer speziellen japanischen K\u00fcche, Transfer In\/ Out und Live-Musik-Shows in den Pausen.<strong><br \/>\n<\/strong>Preis pro Person<\/p>\n<\/div>\n<div class=\"col-md-7 d-flex align-items-center justify-content-center\">\n<p><strong>VIP All Inclusive Service:  Open Bar Premium + Komplettes Buffet (einschlie\u00dflich ganzt\u00e4gig japanisches Essen) + Massage Spa + Beauty Center + Live-Musik-Shows in den Pausen + 3 gro\u00dfe Etagen mit Lounge-Bereich + Sambadrome Transfer vom\/zum Treffpunkt + Geschenke<\/strong><\/p>\n<\/div>\n<div class=\"col-md-12 mt-5\">\n<div class=\"table-responsive\">\n<div class=\"col-md-7 d-flex align-items-center justify-content-center\"><strong>Paket: Ticket (T-Shirt) + All Inclusive<\/strong><\/div>\n<div class=\"col-md-7 d-flex align-items-center justify-content-center\">\n<p><strong>Sektor: 08<\/strong><\/p>\n<p><span style=\"color: #ff0000;\">Das Tragen des Camarote-T-Shirts als Teil des Tickets ist am Tag der Veranstaltung obligatorisch.<\/span><\/p>\n<\/div>\n<\/div>\n<\/div>\n<\/div>","protected":false},"featured_media":3145,"comment_status":"open","ping_status":"closed","template":"","meta":{"_seopress_robots_primary_cat":"","_seopress_titles_title":"","_seopress_titles_desc":"","_seopress_robots_index":"","_surecart_dashboard_logo_width":"180px","_surecart_dashboard_show_logo":true,"_surecart_dashboard_navigation_orders":true,"_surecart_dashboard_navigation_invoices":true,"_surecart_dashboard_navigation_subscriptions":true,"_surecart_dashboard_navigation_downloads":true,"_surecart_dashboard_navigation_billing":true,"_surecart_dashboard_navigation_account":true,"_uag_custom_page_level_css":"","site-sidebar-layout":"default","site-content-layout":"default","ast-site-content-layout":"default","site-content-style":"default","site-sidebar-style":"default","ast-global-header-display":"","ast-banner-title-visibility":"","ast-main-header-display":"","ast-hfb-above-header-display":"","ast-hfb-below-header-display":"","ast-hfb-mobile-header-display":"","site-post-title":"","ast-breadcrumbs-content":"","ast-featured-img":"","footer-sml-layout":"","ast-disable-related-posts":"","theme-transparent-header-meta":"default","adv-header-id-meta":"","stick-header-meta":"default","header-above-stick-meta":"","header-main-stick-meta":"","header-below-stick-meta":"","astra-migrate-meta-layouts":"set","ast-page-background-enabled":"default","ast-page-background-meta":{"desktop":{"background-color":"","background-image":"","background-repeat":"repeat","background-position":"center center","background-size":"auto","background-attachment":"scroll","background-type":"","background-media":"","overlay-type":"","overlay-color":"","overlay-opacity":"","overlay-gradient":""},"tablet":{"background-color":"","background-image":"","background-repeat":"repeat","background-position":"center center","background-size":"auto","background-attachment":"scroll","background-type":"","background-media":"","overlay-type":"","overlay-color":"","overlay-opacity":"","overlay-gradient":""},"mobile":{"background-color":"","background-image":"","background-repeat":"repeat","background-position":"center center","background-size":"auto","background-attachment":"scroll","background-type":"","background-media":"","overlay-type":"","overlay-color":"","overlay-opacity":"","overlay-gradient":""}},"ast-content-background-meta":{"desktop":{"background-color":"var(--ast-global-color-5)","background-image":"","background-repeat":"repeat","background-position":"center center","background-size":"auto","background-attachment":"scroll","background-type":"","background-media":"","overlay-type":"","overlay-color":"","overlay-opacity":"","overlay-gradient":""},"tablet":{"background-color":"var(--ast-global-color-5)","background-image":"","background-repeat":"repeat","background-position":"center center","background-size":"auto","background-attachment":"scroll","background-type":"","background-media":"","overlay-type":"","overlay-color":"","overlay-opacity":"","overlay-gradient":""},"mobile":{"background-color":"var(--ast-global-color-5)","background-image":"","background-repeat":"repeat","background-position":"center center","background-size":"auto","background-attachment":"scroll","background-type":"","background-media":"","overlay-type":"","overlay-color":"","overlay-opacity":"","overlay-gradient":""}},"iawp_total_views":619},"product_brand":[],"product_cat":[66,33],"product_tag":[],"class_list":{"0":"post-3253","1":"product","2":"type-product","3":"status-publish","4":"has-post-thumbnail","6":"product_cat-king-camarote-all-inclusive","7":"product_cat-vip-camarotes-lounges-rio-carnival-tickets","8":"desktop-align-left","9":"tablet-align-left","10":"mobile-align-left","11":"ast-product-gallery-layout-horizontal-slider","13":"first","14":"instock","15":"taxable","16":"purchasable","17":"product-type-simple"},"uagb_featured_image_src":{"full":["https:\/\/store.ticketrio.com.br\/wp-content\/uploads\/2024\/05\/75ieH22606.jpg",1920,1258,false],"thumbnail":["https:\/\/store.ticketrio.com.br\/wp-content\/uploads\/2024\/05\/75ieH22606-150x150.jpg",150,150,true],"medium":["https:\/\/store.ticketrio.com.br\/wp-content\/uploads\/2024\/05\/75ieH22606-300x197.jpg",300,197,true],"medium_large":["https:\/\/store.ticketrio.com.br\/wp-content\/uploads\/2024\/05\/75ieH22606-768x503.jpg",768,503,true],"large":["https:\/\/store.ticketrio.com.br\/wp-content\/uploads\/2024\/05\/75ieH22606-1024x671.jpg",1024,671,true],"1536x1536":["https:\/\/store.ticketrio.com.br\/wp-content\/uploads\/2024\/05\/75ieH22606-1536x1006.jpg",1536,1006,true],"2048x2048":["https:\/\/store.ticketrio.com.br\/wp-content\/uploads\/2024\/05\/75ieH22606.jpg",1920,1258,false],"trp-custom-language-flag":["https:\/\/store.ticketrio.com.br\/wp-content\/uploads\/2024\/05\/75ieH22606.jpg",18,12,false],"woocommerce_thumbnail":["https:\/\/store.ticketrio.com.br\/wp-content\/uploads\/2024\/05\/75ieH22606-300x300.jpg",300,300,true],"woocommerce_single":["https:\/\/store.ticketrio.com.br\/wp-content\/uploads\/2024\/05\/75ieH22606-600x393.jpg",600,393,true],"woocommerce_gallery_thumbnail":["https:\/\/store.ticketrio.com.br\/wp-content\/uploads\/2024\/05\/75ieH22606-100x100.jpg",100,100,true]},"uagb_author_info":{"display_name":"Duda","author_link":"https:\/\/store.ticketrio.com.br\/de\/author\/"},"uagb_comment_info":0,"uagb_excerpt":"The King's All Inclusive Camarote has 2,300m\u00b2 3 floors and is located in sector 08, next to the second battery setback. It has the best service of Sambadrome. Great Lounge area, Hair and makeup salon, Massage Spa, Premium Open Bar, Extensive Food options with a dedicated Japanese Food, Transfer In\/ Out and Live Music Shows&hellip;","jetpack_sharing_enabled":true,"_links":{"self":[{"href":"https:\/\/store.ticketrio.com.br\/de\/wp-json\/wp\/v2\/product\/3253","targetHints":{"allow":["GET"]}}],"collection":[{"href":"https:\/\/store.ticketrio.com.br\/de\/wp-json\/wp\/v2\/product"}],"about":[{"href":"https:\/\/store.ticketrio.com.br\/de\/wp-json\/wp\/v2\/types\/product"}],"replies":[{"embeddable":true,"href":"https:\/\/store.ticketrio.com.br\/de\/wp-json\/wp\/v2\/comments?post=3253"}],"wp:featuredmedia":[{"embeddable":true,"href":"https:\/\/store.ticketrio.com.br\/de\/wp-json\/wp\/v2\/media\/3145"}],"wp:attachment":[{"href":"https:\/\/store.ticketrio.com.br\/de\/wp-json\/wp\/v2\/media?parent=3253"}],"wp:term":[{"taxonomy":"product_brand","embeddable":true,"href":"https:\/\/store.ticketrio.com.br\/de\/wp-json\/wp\/v2\/product_brand?post=3253"},{"taxonomy":"product_cat","embeddable":true,"href":"https:\/\/store.ticketrio.com.br\/de\/wp-json\/wp\/v2\/product_cat?post=3253"},{"taxonomy":"product_tag","embeddable":true,"href":"https:\/\/store.ticketrio.com.br\/de\/wp-json\/wp\/v2\/product_tag?post=3253"}],"curies":[{"name":"wp","href":"https:\/\/api.w.org\/{rel}","templated":true}]}}