{"id":3311,"date":"2024-06-10T02:27:32","date_gmt":"2024-06-10T02:27:32","guid":{"rendered":"https:\/\/store.ticketrio.com.br\/?page_id=3311"},"modified":"2026-04-06T18:44:37","modified_gmt":"2026-04-06T18:44:37","slug":"digital-tickets-rio-sambadrome-carnival-tickets","status":"publish","type":"page","link":"https:\/\/store.ticketrio.com.br\/es\/digital-tickets-rio-sambadrome-carnival-tickets\/","title":{"rendered":"Rio Carnival Sambadrome Tickets \/ Digital Tickets &#8211; Grandstands Tickets and Front Box"},"content":{"rendered":"<h1 class=\"wp-block-heading has-ast-global-color-0-color has-text-color has-link-color has-medium-font-size wp-elements-ea8c107ac4959078c50c6faaa976052f\">C\u00d3MO RECIBIR ENTRADAS DIGITALES COMPRA EN TICKET RIO<\/h1>\n\n\n\n<hr class=\"wp-block-separator has-alpha-channel-opacity\"\/>\n\n\n\n<h1 class=\"wp-block-heading has-medium-font-size\"><strong>\u00a0Now your Grandstands Tickets and Front Box (Frisas) for every Sambadrome Sector is Digital tickets (QR code). <\/strong><br><br>The digital tickets will be available 15 days before Carnival. <br><br>Despu\u00e9s de la compra, primero recibir\u00e1s nuestro Voucher por correo electr\u00f3nico (que es tu confirmaci\u00f3n de compra) y luego nos pondremos en contacto contigo por Tel\u00e9fono (Whatsapp) y Correo electr\u00f3nico para <strong>INSTRUCCIONES para realizar la transferencia del ticket a tu APP QUENTRO<\/strong>.<br><br>&#8211;>Camarote VIP All Inclusive are still physical tickets and need to be picked up at selected location (Barra or Copacabana).<br><br>Nuestras ubicaciones f\u00edsicas estar\u00e1n disponibles para retirar Frisas o Entradas VIP y para recibir los REGALOS (opcional).<br><br>PARA LA TRIBUNA S\u00d3LO TIENE QUE IR AL LUGAR ELEGIDO SI QUIERE LOS REGALOS. <br><\/h1>\n\n\n\n<h1 class=\"wp-block-heading has-medium-font-size\">&nbsp;\u00bfC\u00f3mo acceder a mis entradas digitales compradas con Ticket Rio?<br><\/h1>\n\n\n\n<p class=\"has-vivid-red-color has-text-color has-link-color has-medium-font-size wp-elements-89265a9f9fc678574d1fda97e447c87d\"><strong>\u2013 Descarga la aplicaci\u00f3n QUENTRO en tu tel\u00e9fono.<\/strong><\/p>\n\n\n\n<figure class=\"wp-block-image size-medium\"><a href=\"https:\/\/apps.apple.com\/br\/app\/quentro\/id1446088511\"><img loading=\"lazy\" decoding=\"async\" width=\"300\" height=\"101\" src=\"https:\/\/store.ticketrio.com.br\/wp-content\/uploads\/2024\/06\/SlKyg18510-300x101.png\" alt=\"\" class=\"wp-image-3312\" srcset=\"https:\/\/store.ticketrio.com.br\/wp-content\/uploads\/2024\/06\/SlKyg18510-300x101.png 300w, https:\/\/store.ticketrio.com.br\/wp-content\/uploads\/2024\/06\/SlKyg18510.png 388w\" sizes=\"auto, (max-width: 300px) 100vw, 300px\" \/><\/a><\/figure>\n\n\n\n<figure class=\"wp-block-image size-medium\"><a href=\"https:\/\/play.google.com\/store\/apps\/details?id=com.getcrowder.quentro&amp;hl=pt_BR&amp;gl=US\"><img loading=\"lazy\" decoding=\"async\" width=\"300\" height=\"89\" src=\"https:\/\/store.ticketrio.com.br\/wp-content\/uploads\/2024\/06\/Rglio18210-300x89.png\" alt=\"\" class=\"wp-image-3313\" srcset=\"https:\/\/store.ticketrio.com.br\/wp-content\/uploads\/2024\/06\/Rglio18210-300x89.png 300w, https:\/\/store.ticketrio.com.br\/wp-content\/uploads\/2024\/06\/Rglio18210.png 412w\" sizes=\"auto, (max-width: 300px) 100vw, 300px\" \/><\/a><\/figure>\n\n\n\n<p class=\"has-vivid-red-color has-text-color has-link-color has-medium-font-size wp-elements-e5c7b78413529434502da26b79209bd3\">&#8211; CREATE A QUENTRO ACCOUNT IN THE APP.<br><br> Our offical whatsapp is bellow for any doubt. <br><a href=\"https:\/\/api.whatsapp.com\/send?phone=+14079784355\">+55 21 98379-5068 (Tel\u00e9fono y WhatsApp<\/a>)<br><br>Transferiremos los billetes de nuestra cuenta Quentro a la cuenta Quentro del comprador. S\u00f3lo para enero de 2026.<\/p>\n\n\n\n<h1 class=\"wp-block-heading has-medium-font-size\"><\/h1>\n\n\n\n<figure class=\"wp-block-image aligncenter size-medium is-resized\"><img loading=\"lazy\" decoding=\"async\" width=\"245\" height=\"300\" src=\"https:\/\/store.ticketrio.com.br\/wp-content\/uploads\/2024\/06\/quantro-qr-code-245x300.png\" alt=\"\" class=\"wp-image-3319\" style=\"width:232px;height:auto\" srcset=\"https:\/\/store.ticketrio.com.br\/wp-content\/uploads\/2024\/06\/quantro-qr-code-245x300.png 245w, https:\/\/store.ticketrio.com.br\/wp-content\/uploads\/2024\/06\/quantro-qr-code.png 450w\" sizes=\"auto, (max-width: 245px) 100vw, 245px\" \/><\/figure>\n\n\n\n<h3 class=\"wp-block-heading\">\u00a1Est\u00e9n atentos a las recomendaciones!<\/h3>\n\n\n\n<ul class=\"wp-block-list\">\n<li>Mantenga su tel\u00e9fono cargado. Escanearemos el c\u00f3digo QR en la aplicaci\u00f3n Quentro al ingresar. Aseg\u00farese de que su tel\u00e9fono celular est\u00e9 cargado cuando llegue al lugar del evento.<\/li>\n\n\n\n<li>Utilice su cuenta QUENTRO para ingresar a la aplicaci\u00f3n, utilice un correo electr\u00f3nico v\u00e1lido, preferiblemente el mismo que utiliz\u00f3 para comprar sus boletos con nosotros, utilizando tambi\u00e9n los mismos datos que el comprador del boleto.<\/li>\n\n\n\n<li>Verifique sus datos personales. \u00a1Evita problemas de identificaci\u00f3n! Verifique los detalles de su cuenta y boleto antes de ingresar para asegurarse de que todo funcione sin problemas.<\/li>\n\n\n\n<li>Compre entradas para el Samb\u00f3dromo de R\u00edo con antelaci\u00f3n. No esperes a comprar tus entradas a \u00faltima hora para que todo est\u00e9 organizado cuando entres.<\/li>\n<\/ul>\n\n\n\n<h2 class=\"wp-block-heading\"><strong>ATENCI\u00d3N A LAS NORMAS:<\/strong><\/h2>\n\n\n\n<ol class=\"wp-block-list\">\n<li><strong>Los TICKETS DIGITALES, una vez entregados y confirmados por el cliente, ya no ser\u00e1 posible cancelarlos.<\/strong><\/li>\n\n\n\n<li><strong>Los boletos DIGITALES no son transferibles.<\/strong><\/li>\n\n\n\n<li><strong>BOLETOS F\u00cdSICOS O DIGITALES, una vez entregados la responsabilidad recaer\u00e1 en el CLIENTE\/RECEPTOR.<\/strong><\/li>\n\n\n\n<li><strong>EN CASO DE P\u00c9RDIDA, ROBO O HURTO DE LOS BOLETOS F\u00cdSICOS O DEL DISPOSITIVO DONDE FUE ACEPTADO EL BOLETO DIGITAL, es responsabilidad del CLIENTE y no podr\u00e1 ser reemplazado ni cancelado por nuestra empresa.<\/strong><\/li>\n<\/ol>\n\n\n\n<p class=\"has-vivid-red-color has-text-color has-link-color wp-elements-9263e2f701ca051b84f184d368ccae9c\">LA UBICACI\u00d3N F\u00cdSICA TODAV\u00cdA DISPONIBLE EN CASO DE QUE NO DESEE HACER EL PROCESO DE BOLETO DIGITAL POR S\u00cd MISMO. Nuestro equipo en Barra y en Vila Mar Copacabana estar\u00e1 en la semana de carnaval a su disposici\u00f3n para ayudar con el billete digital.<\/p>\n\n\n\n<p><strong>FRISA Y CAMAROTES&nbsp;<\/strong>A\u00daN SE DISPONE DE ENTRADAS F\u00cdSICAS Y SE DEBEN RECOGER EN LA UBICACI\u00d3N SELECCIONADA.<\/p>\n\n\n\n<p class=\"has-large-font-size\">\u00a1DISFRUTA DEL CARNAVAL DE RIO EN EL SAMBADROMO ! <br><br>DIVI\u00c9RTETE<br><\/p>\n\n\n\n<p><\/p>","protected":false},"excerpt":{"rendered":"<p>HOW TO RECEIVE DIGITAL TICKETS PURCHASE AT TICKET RIO \u00a0Now your Grandstands Tickets and Front Box (Frisas) for every Sambadrome Sector is Digital tickets (QR code). The digital tickets will be available 15 days before Carnival. After purchase, first you receive our Voucher by email (which is your purchase confirmation) and then We will contact [&hellip;]<\/p>\n","protected":false},"author":1,"featured_media":0,"parent":0,"menu_order":0,"comment_status":"closed","ping_status":"closed","template":"","meta":{"_seopress_robots_primary_cat":"","_seopress_titles_title":"","_seopress_titles_desc":"","_seopress_robots_index":"","_surecart_dashboard_logo_width":"180px","_surecart_dashboard_show_logo":true,"_surecart_dashboard_navigation_orders":true,"_surecart_dashboard_navigation_invoices":true,"_surecart_dashboard_navigation_subscriptions":true,"_surecart_dashboard_navigation_downloads":true,"_surecart_dashboard_navigation_billing":true,"_surecart_dashboard_navigation_account":true,"_uag_custom_page_level_css":"","site-sidebar-layout":"no-sidebar","site-content-layout":"","ast-site-content-layout":"default","site-content-style":"default","site-sidebar-style":"default","ast-global-header-display":"","ast-banner-title-visibility":"","ast-main-header-display":"","ast-hfb-above-header-display":"","ast-hfb-below-header-display":"","ast-hfb-mobile-header-display":"","site-post-title":"","ast-breadcrumbs-content":"","ast-featured-img":"","footer-sml-layout":"","ast-disable-related-posts":"","theme-transparent-header-meta":"","adv-header-id-meta":"","stick-header-meta":"","header-above-stick-meta":"","header-main-stick-meta":"","header-below-stick-meta":"","astra-migrate-meta-layouts":"set","ast-page-background-enabled":"default","ast-page-background-meta":{"desktop":{"background-color":"","background-image":"","background-repeat":"repeat","background-position":"center center","background-size":"auto","background-attachment":"scroll","background-type":"","background-media":"","overlay-type":"","overlay-color":"","overlay-opacity":"","overlay-gradient":""},"tablet":{"background-color":"","background-image":"","background-repeat":"repeat","background-position":"center center","background-size":"auto","background-attachment":"scroll","background-type":"","background-media":"","overlay-type":"","overlay-color":"","overlay-opacity":"","overlay-gradient":""},"mobile":{"background-color":"","background-image":"","background-repeat":"repeat","background-position":"center center","background-size":"auto","background-attachment":"scroll","background-type":"","background-media":"","overlay-type":"","overlay-color":"","overlay-opacity":"","overlay-gradient":""}},"ast-content-background-meta":{"desktop":{"background-color":"var(--ast-global-color-5)","background-image":"","background-repeat":"repeat","background-position":"center center","background-size":"auto","background-attachment":"scroll","background-type":"","background-media":"","overlay-type":"","overlay-color":"","overlay-opacity":"","overlay-gradient":""},"tablet":{"background-color":"var(--ast-global-color-5)","background-image":"","background-repeat":"repeat","background-position":"center center","background-size":"auto","background-attachment":"scroll","background-type":"","background-media":"","overlay-type":"","overlay-color":"","overlay-opacity":"","overlay-gradient":""},"mobile":{"background-color":"var(--ast-global-color-5)","background-image":"","background-repeat":"repeat","background-position":"center center","background-size":"auto","background-attachment":"scroll","background-type":"","background-media":"","overlay-type":"","overlay-color":"","overlay-opacity":"","overlay-gradient":""}},"iawp_total_views":2050,"footnotes":""},"class_list":["post-3311","page","type-page","status-publish","hentry"],"uagb_featured_image_src":{"full":false,"thumbnail":false,"medium":false,"medium_large":false,"large":false,"1536x1536":false,"2048x2048":false,"trp-custom-language-flag":false,"woocommerce_thumbnail":false,"woocommerce_single":false,"woocommerce_gallery_thumbnail":false},"uagb_author_info":{"display_name":"Duda","author_link":"https:\/\/store.ticketrio.com.br\/es\/author\/duda\/"},"uagb_comment_info":0,"uagb_excerpt":"HOW TO RECEIVE DIGITAL TICKETS PURCHASE AT TICKET RIO \u00a0Now your Grandstands Tickets and Front Box (Frisas) for every Sambadrome Sector is Digital tickets (QR code). The digital tickets will be available 15 days before Carnival. After purchase, first you receive our Voucher by email (which is your purchase confirmation) and then We will contact&hellip;","jetpack_sharing_enabled":true,"_links":{"self":[{"href":"https:\/\/store.ticketrio.com.br\/es\/wp-json\/wp\/v2\/pages\/3311","targetHints":{"allow":["GET"]}}],"collection":[{"href":"https:\/\/store.ticketrio.com.br\/es\/wp-json\/wp\/v2\/pages"}],"about":[{"href":"https:\/\/store.ticketrio.com.br\/es\/wp-json\/wp\/v2\/types\/page"}],"author":[{"embeddable":true,"href":"https:\/\/store.ticketrio.com.br\/es\/wp-json\/wp\/v2\/users\/1"}],"replies":[{"embeddable":true,"href":"https:\/\/store.ticketrio.com.br\/es\/wp-json\/wp\/v2\/comments?post=3311"}],"version-history":[{"count":24,"href":"https:\/\/store.ticketrio.com.br\/es\/wp-json\/wp\/v2\/pages\/3311\/revisions"}],"predecessor-version":[{"id":4597,"href":"https:\/\/store.ticketrio.com.br\/es\/wp-json\/wp\/v2\/pages\/3311\/revisions\/4597"}],"wp:attachment":[{"href":"https:\/\/store.ticketrio.com.br\/es\/wp-json\/wp\/v2\/media?parent=3311"}],"curies":[{"name":"wp","href":"https:\/\/api.w.org\/{rel}","templated":true}]}}