{"id":3845,"date":"2025-05-23T16:21:05","date_gmt":"2025-05-23T16:21:05","guid":{"rendered":"https:\/\/store.ticketrio.com.br\/?page_id=3845"},"modified":"2025-05-27T18:00:42","modified_gmt":"2025-05-27T18:00:42","slug":"general-info-sambadrome","status":"publish","type":"page","link":"https:\/\/store.ticketrio.com.br\/es\/general-info-sambadrome\/","title":{"rendered":"Info Samb\u00f3dromo"},"content":{"rendered":"<h3 class=\"wp-block-heading\"><strong>INFORMACI\u00d3N GENERAL SOBRE EL SAMBODROMO DE R\u00cdO DE JANEIRO<\/strong><\/h3>\n\n\n\n<p>El Samb\u00f3dromo se divide en 13 sectores. El precio de la entrada para cada sector depende de la ubicaci\u00f3n y la vista de la Avenida. Los sectores impares est\u00e1n a un lado y los pares al otro. La numeraci\u00f3n aumenta hacia el final de la Avenida. El lado impar no conecta con el par.<\/p>\n\n\n\n<p>Todos los sectores cuentan con tribunas, frisas y palcos VIP. Las frisas se ubican frente a las tribunas, con la fila A m\u00e1s cercana a la pista de desfile del Samb\u00f3dromo. Los palcos VIP se ubican en varios sectores. Los turistas extranjeros pueden adquirir entradas para cualquier sector del Samb\u00f3dromo.<\/p>\n\n\n\n<p><strong>C\u00f3mo llegar al Samb\u00f3dromo<\/strong><br><br><strong>UBER <\/strong>\u2013 Uber no est\u00e1 autorizado a ingresar al \u00e1rea circundante al Samb\u00f3dromo, ya que el \u00e1rea est\u00e1 bloqueada s\u00f3lo para veh\u00edculos autorizados.<br><strong>We do not recommend taking UBER as it will leave you far from the main entrances to the Sambadrome.<\/strong><\/p>\n\n\n\n<p><strong>Metro<\/strong><br>Metr\u00f4Rio opera las 24 horas del d\u00eda durante el Carnaval de R\u00edo. Metr\u00f4Rio tiene un horario especial de funcionamiento ininterrumpido las 24 horas para facilitar el desplazamiento de los asistentes al Carnaval o a los desfiles en la Passarela do Samba, en el Samb\u00f3dromo. Es r\u00e1pido, pero suele estar concurrido durante los d\u00edas de Carnaval. En cualquier caso, es la mejor opci\u00f3n para acercarse al Samb\u00f3dromo de forma r\u00e1pida, segura y econ\u00f3mica. Si prefiere ir en metro, elija el lado par, ya que all\u00ed se encuentra la estaci\u00f3n m\u00e1s cercana al Samb\u00f3dromo.<br><br><strong>Estaci\u00f3n de Metro LADO PAR<\/strong> \u2013 Pra\u00e7a Onze<br><strong>Estaci\u00f3n de Metro LADO IMPAR<\/strong> \u2013 Central do Brasil<br><br><strong>Taxi Cab<\/strong> - No utilice taxis callejeros, ya que deben ser de una empresa acreditada. Los taxis acreditados tienen tarifas fijas y requieren que el cliente llame con anticipaci\u00f3n para programar el viaje. Las empresas acreditadas para prestar servicios de taxi hasta la entrada del Samb\u00f3dromo son:<br> &#8211; <strong>Lado par: Coopatur <\/strong>\u2013 Tel: 55 (21) 2573-1009 \/ 3885-1000<br>&nbsp;&#8211; <strong>Lado impar: Coopertramo<\/strong> \u2013 Tel: 55 (21) 2560-2022 \/ 2560-1474<\/p>\n\n\n\n<p><strong>Transporte Privado \u2013<\/strong> Para garantizar que su llegada al Samb\u00f3dromo sea lo m\u00e1s c\u00f3moda y segura posible, le ofrecemos un servicio de traslado al Samb\u00f3dromo. Consulte nuestros precios aqu\u00ed. <a href=\"https:\/\/store.ticketrio.com.br\/es\/carnaval-rio-de-janeiro-boletos\/transfer-rio-carnival\/\">https:\/\/store.ticketrio.com.br\/product-category\/transfer-rio-carnival\/<\/a><\/p>\n\n\n\n<p><strong>Cuando llegar<\/strong><br>Las puertas abren a las 18:00 h. Quienes no tengan entradas numeradas suelen llegar un poco antes para asegurarse los mejores asientos. La hora de inicio de los desfiles depende del d\u00eda del desfile; consulte el horario del desfile.<\/p>\n\n\n\n<p><strong>Instalaciones<\/strong>\/ <strong>Patio de Comidas<\/strong><br>Hay bares con comida y bebida, y ba\u00f1os en cada sector del Samb\u00f3dromo. Adem\u00e1s, todos tienen acceso al \u00e1rea abierta, un espacio detr\u00e1s de las gradas del Samb\u00f3dromo, donde hay restaurantes, helader\u00edas, tiendas de recuerdos y m\u00e1s ba\u00f1os.<\/p>\n\n\n\n<p><strong>Seguridad<\/strong> <strong>en el Samb\u00f3dromo<\/strong><br>Los d\u00edas de desfile, el Samb\u00f3dromo se considera el lugar m\u00e1s seguro de Sudam\u00e9rica. Hay una gran concentraci\u00f3n de celebridades internacionales, pol\u00edticos y miembros de la realeza entre la multitud. El Samb\u00f3dromo est\u00e1 rodeado de enormes vallas que impiden el paso a nadie sin ser registrado, por razones comerciales y de seguridad.<\/p>\n\n\n\n<p><strong>Qu\u00e9 traer<\/strong><br>Prep\u00e1rese para que en el Samb\u00f3dromo solo se ofrezcan refrigerios r\u00e1pidos, como pizza y hamburguesas con queso. Tambi\u00e9n puede traer recipientes de pl\u00e1stico con bebidas y algo de comida, como s\u00e1ndwiches y fruta. El poliestireno, las botellas, el vidrio y los fuegos artificiales est\u00e1n prohibidos. Las bebidas alcoh\u00f3licas se venden normalmente dentro del Samb\u00f3dromo a mayores de 18 a\u00f1os.<\/p>\n\n\n\n<p><strong>Children<mark style=\"background-color:rgba(0, 0, 0, 0);color:#cf2e2e\" class=\"has-inline-color\"> under 5 year<\/mark>s of age are not allowed to enter the Sambadrome, even if accompanied by their guardians.<\/strong><br><\/p>\n\n\n\n<figure class=\"wp-block-image\"><img decoding=\"async\" src=\"https:\/\/www.ticketrio.com.br\/site\/wp-content\/uploads\/2015\/05\/2012_LIESA_MAPA-SAMBODROMO_Normal.jpg\" alt=\"\"\/><\/figure>\n\n\n\n<ul class=\"wp-block-list\">\n<li><\/li>\n<\/ul>","protected":false},"excerpt":{"rendered":"<p>GENERAL INFORMATION ABOUT SAMBODROME RIO DE JANEIRO Sambadrome is divided into 13 sectors. The ticket price for each sector depends on the position and view of the Avenue. The odd-numbered sectors are on one side and the even-numbered sectors are on the other. The numbers increase towards the end of the Avenue. The odd-numbered side [&hellip;]<\/p>\n","protected":false},"author":1,"featured_media":0,"parent":0,"menu_order":0,"comment_status":"closed","ping_status":"closed","template":"","meta":{"_seopress_robots_primary_cat":"","_seopress_titles_title":"","_seopress_titles_desc":"","_seopress_robots_index":"","_surecart_dashboard_logo_width":"180px","_surecart_dashboard_show_logo":true,"_surecart_dashboard_navigation_orders":true,"_surecart_dashboard_navigation_invoices":true,"_surecart_dashboard_navigation_subscriptions":true,"_surecart_dashboard_navigation_downloads":true,"_surecart_dashboard_navigation_billing":true,"_surecart_dashboard_navigation_account":true,"_uag_custom_page_level_css":"","site-sidebar-layout":"no-sidebar","site-content-layout":"","ast-site-content-layout":"normal-width-container","site-content-style":"default","site-sidebar-style":"default","ast-global-header-display":"","ast-banner-title-visibility":"","ast-main-header-display":"","ast-hfb-above-header-display":"","ast-hfb-below-header-display":"","ast-hfb-mobile-header-display":"","site-post-title":"","ast-breadcrumbs-content":"","ast-featured-img":"","footer-sml-layout":"","ast-disable-related-posts":"","theme-transparent-header-meta":"","adv-header-id-meta":"","stick-header-meta":"","header-above-stick-meta":"","header-main-stick-meta":"","header-below-stick-meta":"","astra-migrate-meta-layouts":"set","ast-page-background-enabled":"default","ast-page-background-meta":{"desktop":{"background-color":"","background-image":"","background-repeat":"repeat","background-position":"center center","background-size":"auto","background-attachment":"scroll","background-type":"","background-media":"","overlay-type":"","overlay-color":"","overlay-gradient":""},"tablet":{"background-color":"","background-image":"","background-repeat":"repeat","background-position":"center center","background-size":"auto","background-attachment":"scroll","background-type":"","background-media":"","overlay-type":"","overlay-color":"","overlay-gradient":""},"mobile":{"background-color":"","background-image":"","background-repeat":"repeat","background-position":"center center","background-size":"auto","background-attachment":"scroll","background-type":"","background-media":"","overlay-type":"","overlay-color":"","overlay-gradient":""}},"ast-content-background-meta":{"desktop":{"background-color":"var(--ast-global-color-5)","background-image":"","background-repeat":"repeat","background-position":"center center","background-size":"auto","background-attachment":"scroll","background-type":"","background-media":"","overlay-type":"","overlay-color":"","overlay-gradient":""},"tablet":{"background-color":"var(--ast-global-color-5)","background-image":"","background-repeat":"repeat","background-position":"center center","background-size":"auto","background-attachment":"scroll","background-type":"","background-media":"","overlay-type":"","overlay-color":"","overlay-gradient":""},"mobile":{"background-color":"var(--ast-global-color-5)","background-image":"","background-repeat":"repeat","background-position":"center center","background-size":"auto","background-attachment":"scroll","background-type":"","background-media":"","overlay-type":"","overlay-color":"","overlay-gradient":""}},"iawp_total_views":1578,"footnotes":""},"class_list":["post-3845","page","type-page","status-publish","hentry"],"uagb_featured_image_src":{"full":false,"thumbnail":false,"medium":false,"medium_large":false,"large":false,"1536x1536":false,"2048x2048":false,"trp-custom-language-flag":false,"woocommerce_thumbnail":false,"woocommerce_single":false,"woocommerce_gallery_thumbnail":false},"uagb_author_info":{"display_name":"Duda","author_link":"https:\/\/store.ticketrio.com.br\/es\/author\/duda\/"},"uagb_comment_info":0,"uagb_excerpt":"GENERAL INFORMATION ABOUT SAMBODROME RIO DE JANEIRO Sambadrome is divided into 13 sectors. The ticket price for each sector depends on the position and view of the Avenue. The odd-numbered sectors are on one side and the even-numbered sectors are on the other. The numbers increase towards the end of the Avenue. The odd-numbered side&hellip;","jetpack_sharing_enabled":true,"_links":{"self":[{"href":"https:\/\/store.ticketrio.com.br\/es\/wp-json\/wp\/v2\/pages\/3845","targetHints":{"allow":["GET"]}}],"collection":[{"href":"https:\/\/store.ticketrio.com.br\/es\/wp-json\/wp\/v2\/pages"}],"about":[{"href":"https:\/\/store.ticketrio.com.br\/es\/wp-json\/wp\/v2\/types\/page"}],"author":[{"embeddable":true,"href":"https:\/\/store.ticketrio.com.br\/es\/wp-json\/wp\/v2\/users\/1"}],"replies":[{"embeddable":true,"href":"https:\/\/store.ticketrio.com.br\/es\/wp-json\/wp\/v2\/comments?post=3845"}],"version-history":[{"count":27,"href":"https:\/\/store.ticketrio.com.br\/es\/wp-json\/wp\/v2\/pages\/3845\/revisions"}],"predecessor-version":[{"id":3894,"href":"https:\/\/store.ticketrio.com.br\/es\/wp-json\/wp\/v2\/pages\/3845\/revisions\/3894"}],"wp:attachment":[{"href":"https:\/\/store.ticketrio.com.br\/es\/wp-json\/wp\/v2\/media?parent=3845"}],"curies":[{"name":"wp","href":"https:\/\/api.w.org\/{rel}","templated":true}]}}