{"id":3257,"date":"2024-06-09T01:06:09","date_gmt":"2024-06-09T01:06:09","guid":{"rendered":"https:\/\/store.ticketrio.com.br\/?post_type=product&#038;p=3257"},"modified":"2026-03-12T20:00:08","modified_gmt":"2026-03-12T20:00:08","slug":"king-camarote-all-inclusive-sector-08-friday-parade-riocarnival-vip-tickets","status":"publish","type":"product","link":"https:\/\/store.ticketrio.com.br\/es\/product\/king-camarote-all-inclusive-sector-08-friday-parade-riocarnival-vip-tickets\/","title":{"rendered":"King Camarote All Inclusive Sector 08 Friday Parade Gold Serie 05\/02\/2027"},"content":{"rendered":"<div class=\"col-md-5\">\n<p>El King\u2019s All Inclusive Camarote cuenta con 2.300m\u00b2 (3 pisos) y est\u00e1 ubicado en el sector 08, junto al segundo retranqueo de la bater\u00eda. Cuenta con el mejor servicio del Samb\u00f3dromo. Gran \u00e1rea Lounge, Sal\u00f3n de peluquer\u00eda y maquillaje, Spa de masajes, Barra Libre Premium, Amplia oferta gastron\u00f3mica con una dedicada comida japonesa, Transfer In\/ Out y Shows en los breaks.<strong><br \/>\n<\/strong>Precio por Persona<\/p>\n<\/div>\n<div class=\"col-md-7 d-flex align-items-center justify-content-center\">\n<p><strong>VIP All Inclusive Service:\u00a0 Open Bar Premium + Complete Buffet (including full time Japanese Food) + Massage Spa + Beauty Center + Shows in the breaks + 3 Floors with a lounge area + Sambadrome Transfer in \/Out from meeting point + Gifts<\/strong><\/p>\n<\/div>\n<div class=\"col-md-12 mt-5\">\n<div class=\"table-responsive\">\n<div class=\"col-md-7 d-flex align-items-center justify-content-center\"><strong>Paquete: Entrada (Camiseta) + Todo Incluido<\/strong><\/div>\n<div class=\"col-md-7 d-flex align-items-center justify-content-center\">\n<p><strong>Sector:\u00a008<\/strong><\/p>\n<p><span style=\"color: #ff0000;\">Es Obligatorio portar la camiseta de Camarote el d\u00eda del evento como parte del boleto.<\/span><\/p>\n<\/div>\n<\/div>\n<\/div>","protected":false},"excerpt":{"rendered":"<div class=\"col-md-5\">\n<div class=\"col-md-5\">\n<p>El King\u2019s All Inclusive Camarote cuenta con 2.300m\u00b2 (3 pisos) y est\u00e1 ubicado en el sector 08, junto al segundo retranqueo de la bater\u00eda. Cuenta con el mejor servicio del Samb\u00f3dromo. Gran \u00e1rea Lounge, Sal\u00f3n de peluquer\u00eda y maquillaje, Spa de masajes, Barra Libre Premium, Amplia oferta gastron\u00f3mica con una dedicada comida japonesa, Transfer In\/ Out y Shows en los breaks.<strong><br \/>\n<\/strong>Precio por Persona<\/p>\n<\/div>\n<div class=\"col-md-7 d-flex align-items-center justify-content-center\">\n<p><strong>Servicio VIP Todo Incluido: Barra Libre Premium + Buffet Completo (incluye Comida Japonesa full time) + Spa de Masajes + Centro de Belleza + Shows en los descansos + 3 Pisos con zona lounge + Samb\u00f3dromo Transfer in\/out desde punto de encuentro + gifts<\/strong><\/p>\n<\/div>\n<div class=\"col-md-12 mt-5\">\n<div class=\"table-responsive\">\n<div class=\"col-md-7 d-flex align-items-center justify-content-center\"><strong>Paquete: Entrada (Camiseta) + Todo Incluido<\/strong><\/div>\n<div class=\"col-md-7 d-flex align-items-center justify-content-center\">\n<p><strong>Sector:\u00a008<\/strong><\/p>\n<p><span style=\"color: #ff0000;\">Es Obligatorio portar la camiseta de Camarote el d\u00eda del evento como parte del boleto.<\/span><\/p>\n<\/div>\n<\/div>\n<\/div>\n<\/div>","protected":false},"featured_media":3145,"comment_status":"open","ping_status":"closed","template":"","meta":{"_seopress_robots_primary_cat":"","_seopress_titles_title":"","_seopress_titles_desc":"","_seopress_robots_index":"","_surecart_dashboard_logo_width":"180px","_surecart_dashboard_show_logo":true,"_surecart_dashboard_navigation_orders":true,"_surecart_dashboard_navigation_invoices":true,"_surecart_dashboard_navigation_subscriptions":true,"_surecart_dashboard_navigation_downloads":true,"_surecart_dashboard_navigation_billing":true,"_surecart_dashboard_navigation_account":true,"_uag_custom_page_level_css":"","site-sidebar-layout":"default","site-content-layout":"default","ast-site-content-layout":"default","site-content-style":"default","site-sidebar-style":"default","ast-global-header-display":"","ast-banner-title-visibility":"","ast-main-header-display":"","ast-hfb-above-header-display":"","ast-hfb-below-header-display":"","ast-hfb-mobile-header-display":"","site-post-title":"","ast-breadcrumbs-content":"","ast-featured-img":"","footer-sml-layout":"","ast-disable-related-posts":"","theme-transparent-header-meta":"default","adv-header-id-meta":"","stick-header-meta":"default","header-above-stick-meta":"","header-main-stick-meta":"","header-below-stick-meta":"","astra-migrate-meta-layouts":"set","ast-page-background-enabled":"default","ast-page-background-meta":{"desktop":{"background-color":"","background-image":"","background-repeat":"repeat","background-position":"center center","background-size":"auto","background-attachment":"scroll","background-type":"","background-media":"","overlay-type":"","overlay-color":"","overlay-opacity":"","overlay-gradient":""},"tablet":{"background-color":"","background-image":"","background-repeat":"repeat","background-position":"center center","background-size":"auto","background-attachment":"scroll","background-type":"","background-media":"","overlay-type":"","overlay-color":"","overlay-opacity":"","overlay-gradient":""},"mobile":{"background-color":"","background-image":"","background-repeat":"repeat","background-position":"center center","background-size":"auto","background-attachment":"scroll","background-type":"","background-media":"","overlay-type":"","overlay-color":"","overlay-opacity":"","overlay-gradient":""}},"ast-content-background-meta":{"desktop":{"background-color":"var(--ast-global-color-5)","background-image":"","background-repeat":"repeat","background-position":"center center","background-size":"auto","background-attachment":"scroll","background-type":"","background-media":"","overlay-type":"","overlay-color":"","overlay-opacity":"","overlay-gradient":""},"tablet":{"background-color":"var(--ast-global-color-5)","background-image":"","background-repeat":"repeat","background-position":"center center","background-size":"auto","background-attachment":"scroll","background-type":"","background-media":"","overlay-type":"","overlay-color":"","overlay-opacity":"","overlay-gradient":""},"mobile":{"background-color":"var(--ast-global-color-5)","background-image":"","background-repeat":"repeat","background-position":"center center","background-size":"auto","background-attachment":"scroll","background-type":"","background-media":"","overlay-type":"","overlay-color":"","overlay-opacity":"","overlay-gradient":""}},"iawp_total_views":255},"product_brand":[],"product_cat":[66,33],"product_tag":[],"class_list":{"0":"post-3257","1":"product","2":"type-product","3":"status-publish","4":"has-post-thumbnail","6":"product_cat-king-camarote-all-inclusive","7":"product_cat-vip-camarotes-lounges-rio-carnival-tickets","8":"desktop-align-left","9":"tablet-align-left","10":"mobile-align-left","11":"ast-product-gallery-layout-horizontal-slider","13":"first","14":"instock","15":"featured","16":"taxable","17":"purchasable","18":"product-type-simple"},"uagb_featured_image_src":{"full":["https:\/\/store.ticketrio.com.br\/wp-content\/uploads\/2024\/05\/75ieH22606.jpg",1920,1258,false],"thumbnail":["https:\/\/store.ticketrio.com.br\/wp-content\/uploads\/2024\/05\/75ieH22606-150x150.jpg",150,150,true],"medium":["https:\/\/store.ticketrio.com.br\/wp-content\/uploads\/2024\/05\/75ieH22606-300x197.jpg",300,197,true],"medium_large":["https:\/\/store.ticketrio.com.br\/wp-content\/uploads\/2024\/05\/75ieH22606-768x503.jpg",768,503,true],"large":["https:\/\/store.ticketrio.com.br\/wp-content\/uploads\/2024\/05\/75ieH22606-1024x671.jpg",1024,671,true],"1536x1536":["https:\/\/store.ticketrio.com.br\/wp-content\/uploads\/2024\/05\/75ieH22606-1536x1006.jpg",1536,1006,true],"2048x2048":["https:\/\/store.ticketrio.com.br\/wp-content\/uploads\/2024\/05\/75ieH22606.jpg",1920,1258,false],"trp-custom-language-flag":["https:\/\/store.ticketrio.com.br\/wp-content\/uploads\/2024\/05\/75ieH22606.jpg",18,12,false],"woocommerce_thumbnail":["https:\/\/store.ticketrio.com.br\/wp-content\/uploads\/2024\/05\/75ieH22606-300x300.jpg",300,300,true],"woocommerce_single":["https:\/\/store.ticketrio.com.br\/wp-content\/uploads\/2024\/05\/75ieH22606-600x393.jpg",600,393,true],"woocommerce_gallery_thumbnail":["https:\/\/store.ticketrio.com.br\/wp-content\/uploads\/2024\/05\/75ieH22606-100x100.jpg",100,100,true]},"uagb_author_info":{"display_name":"Duda","author_link":"https:\/\/store.ticketrio.com.br\/es\/author\/"},"uagb_comment_info":0,"uagb_excerpt":"The King's All Inclusive Camarote has 2,300m\u00b2 (3 floors) and is located in sector 08, next to the second battery setback. It has the best service of Sambadrome. Great Lounge area, Hair and makeup salon, Massage Spa, Premium Open Bar, Extensive Food options with a dedicated Japanese Food, Transfer In\/ Out and Shows in the&hellip;","jetpack_sharing_enabled":true,"_links":{"self":[{"href":"https:\/\/store.ticketrio.com.br\/es\/wp-json\/wp\/v2\/product\/3257","targetHints":{"allow":["GET"]}}],"collection":[{"href":"https:\/\/store.ticketrio.com.br\/es\/wp-json\/wp\/v2\/product"}],"about":[{"href":"https:\/\/store.ticketrio.com.br\/es\/wp-json\/wp\/v2\/types\/product"}],"replies":[{"embeddable":true,"href":"https:\/\/store.ticketrio.com.br\/es\/wp-json\/wp\/v2\/comments?post=3257"}],"wp:featuredmedia":[{"embeddable":true,"href":"https:\/\/store.ticketrio.com.br\/es\/wp-json\/wp\/v2\/media\/3145"}],"wp:attachment":[{"href":"https:\/\/store.ticketrio.com.br\/es\/wp-json\/wp\/v2\/media?parent=3257"}],"wp:term":[{"taxonomy":"product_brand","embeddable":true,"href":"https:\/\/store.ticketrio.com.br\/es\/wp-json\/wp\/v2\/product_brand?post=3257"},{"taxonomy":"product_cat","embeddable":true,"href":"https:\/\/store.ticketrio.com.br\/es\/wp-json\/wp\/v2\/product_cat?post=3257"},{"taxonomy":"product_tag","embeddable":true,"href":"https:\/\/store.ticketrio.com.br\/es\/wp-json\/wp\/v2\/product_tag?post=3257"}],"curies":[{"name":"wp","href":"https:\/\/api.w.org\/{rel}","templated":true}]}}