{"id":3275,"date":"2024-06-09T02:21:21","date_gmt":"2024-06-09T02:21:21","guid":{"rendered":"https:\/\/store.ticketrio.com.br\/?post_type=product&#038;p=3275"},"modified":"2026-03-03T13:54:02","modified_gmt":"2026-03-03T13:54:02","slug":"lounge-carioca-champions-parade-rio-carnival-tickets","status":"publish","type":"product","link":"https:\/\/store.ticketrio.com.br\/es\/product\/lounge-carioca-champions-parade-rio-carnival-tickets\/","title":{"rendered":"Lounge Carioca All Inclusive Sector 07 Champions Parade 13\/02\/2027"},"content":{"rendered":"<div class=\"col-md-5\">\n<p>Camarote Lounge Carioca has one of the best locations in Sapuca\u00ed, Sector 07, in the middle of the avenue. We also have 30 meters of frontage, a cool lounge integrated into the cabin, two floors in three comfortable spaces. All this with an All Inclusive Premium service of Open Bar, Buffet, Massage, Beauty Space, Shows and gifts.<strong><br \/>\n<\/strong>Precio por Persona<\/p>\n<\/div>\n<div class=\"col-md-7 d-flex align-items-center justify-content-center\">\n<p><strong>Servicio VIP Todo Incluido: Barra Libre Premium + Buffet Completo + Masajes Spa + Centro de Belleza + Shows en los breaks + 2 Pisos con zona lounge + Transfer Samb\u00f3dromo in \/ Out desde punto de encuentro + Obsequios<\/strong><\/p>\n<\/div>\n<div class=\"col-md-12 mt-5\">\n<div class=\"table-responsive\">\n<div class=\"col-md-7 d-flex align-items-center justify-content-center\"><strong>Paquete: Entrada (Camiseta) + Todo Incluido<\/strong><\/div>\n<div class=\"col-md-7 d-flex align-items-center justify-content-center\">\n<p><strong>Sector:\u00a007<\/strong><\/p>\n<p><span style=\"color: #ff0000;\">Es Obligatorio portar la camiseta de Camarote el d\u00eda del evento como parte del boleto.<\/span><\/p>\n<\/div>\n<\/div>\n<\/div>","protected":false},"excerpt":{"rendered":"<div class=\"col-md-5\">\n<div class=\"col-md-5\">\n<div class=\"col-md-5\">\n<p>Camarote Lounge tiene una de las mejores ubicaciones en Sapuca\u00ed, Sector 07, en plena avenida. Adem\u00e1s, contamos con 30 metros de frente, un moderno sal\u00f3n integrado en la cabina, dos plantas en tres c\u00f3modos espacios. Todo esto con un servicio Todo Incluido Premium: barra libre, buffet, masajes, sal\u00f3n de belleza, espect\u00e1culos y regalos.<strong><br \/>\n<\/strong>Precio por Persona<\/p>\n<\/div>\n<div class=\"col-md-7 d-flex align-items-center justify-content-center\">\n<p><strong>Servicio VIP Todo Incluido: Barra Libre Premium + Buffet Completo + Masajes Spa + Centro de Belleza + Shows en los breaks + 2 Pisos con zona lounge + Transfer Samb\u00f3dromo in \/ Out desde punto de encuentro + Obsequios<\/strong><\/p>\n<\/div>\n<div class=\"col-md-12 mt-5\">\n<div class=\"table-responsive\">\n<div class=\"col-md-7 d-flex align-items-center justify-content-center\"><strong>Paquete: Entrada (Camiseta) + Todo Incluido<\/strong><\/div>\n<div class=\"col-md-7 d-flex align-items-center justify-content-center\">\n<p><strong>Sector:\u00a007<\/strong><\/p>\n<p><span style=\"color: #ff0000;\">Es Obligatorio portar la camiseta de Camarote el d\u00eda del evento como parte del boleto.<\/span><\/p>\n<\/div>\n<\/div>\n<\/div>\n<\/div>\n<\/div>","protected":false},"featured_media":3309,"comment_status":"open","ping_status":"closed","template":"","meta":{"_seopress_robots_primary_cat":"","_seopress_titles_title":"","_seopress_titles_desc":"","_seopress_robots_index":"","_surecart_dashboard_logo_width":"180px","_surecart_dashboard_show_logo":true,"_surecart_dashboard_navigation_orders":true,"_surecart_dashboard_navigation_invoices":true,"_surecart_dashboard_navigation_subscriptions":true,"_surecart_dashboard_navigation_downloads":true,"_surecart_dashboard_navigation_billing":true,"_surecart_dashboard_navigation_account":true,"_uag_custom_page_level_css":"","site-sidebar-layout":"default","site-content-layout":"default","ast-site-content-layout":"default","site-content-style":"default","site-sidebar-style":"default","ast-global-header-display":"","ast-banner-title-visibility":"","ast-main-header-display":"","ast-hfb-above-header-display":"","ast-hfb-below-header-display":"","ast-hfb-mobile-header-display":"","site-post-title":"","ast-breadcrumbs-content":"","ast-featured-img":"","footer-sml-layout":"","ast-disable-related-posts":"","theme-transparent-header-meta":"default","adv-header-id-meta":"","stick-header-meta":"default","header-above-stick-meta":"","header-main-stick-meta":"","header-below-stick-meta":"","astra-migrate-meta-layouts":"set","ast-page-background-enabled":"default","ast-page-background-meta":{"desktop":{"background-color":"","background-image":"","background-repeat":"repeat","background-position":"center center","background-size":"auto","background-attachment":"scroll","background-type":"","background-media":"","overlay-type":"","overlay-color":"","overlay-opacity":"","overlay-gradient":""},"tablet":{"background-color":"","background-image":"","background-repeat":"repeat","background-position":"center center","background-size":"auto","background-attachment":"scroll","background-type":"","background-media":"","overlay-type":"","overlay-color":"","overlay-opacity":"","overlay-gradient":""},"mobile":{"background-color":"","background-image":"","background-repeat":"repeat","background-position":"center center","background-size":"auto","background-attachment":"scroll","background-type":"","background-media":"","overlay-type":"","overlay-color":"","overlay-opacity":"","overlay-gradient":""}},"ast-content-background-meta":{"desktop":{"background-color":"var(--ast-global-color-5)","background-image":"","background-repeat":"repeat","background-position":"center center","background-size":"auto","background-attachment":"scroll","background-type":"","background-media":"","overlay-type":"","overlay-color":"","overlay-opacity":"","overlay-gradient":""},"tablet":{"background-color":"var(--ast-global-color-5)","background-image":"","background-repeat":"repeat","background-position":"center center","background-size":"auto","background-attachment":"scroll","background-type":"","background-media":"","overlay-type":"","overlay-color":"","overlay-opacity":"","overlay-gradient":""},"mobile":{"background-color":"var(--ast-global-color-5)","background-image":"","background-repeat":"repeat","background-position":"center center","background-size":"auto","background-attachment":"scroll","background-type":"","background-media":"","overlay-type":"","overlay-color":"","overlay-opacity":"","overlay-gradient":""}},"iawp_total_views":496},"product_brand":[],"product_cat":[67,33],"product_tag":[],"class_list":{"0":"post-3275","1":"product","2":"type-product","3":"status-publish","4":"has-post-thumbnail","6":"product_cat-camarote-lounge-carioca-all-inclusive","7":"product_cat-vip-camarotes-lounges-rio-carnival-tickets","8":"desktop-align-left","9":"tablet-align-left","10":"mobile-align-left","11":"ast-product-gallery-layout-horizontal-slider","13":"first","14":"instock","15":"taxable","16":"purchasable","17":"product-type-simple"},"uagb_featured_image_src":{"full":["https:\/\/store.ticketrio.com.br\/wp-content\/uploads\/2024\/06\/lounge-cariooca-vip-ticket.jpg",1360,907,false],"thumbnail":["https:\/\/store.ticketrio.com.br\/wp-content\/uploads\/2024\/06\/lounge-cariooca-vip-ticket-150x150.jpg",150,150,true],"medium":["https:\/\/store.ticketrio.com.br\/wp-content\/uploads\/2024\/06\/lounge-cariooca-vip-ticket-300x200.jpg",300,200,true],"medium_large":["https:\/\/store.ticketrio.com.br\/wp-content\/uploads\/2024\/06\/lounge-cariooca-vip-ticket-768x512.jpg",768,512,true],"large":["https:\/\/store.ticketrio.com.br\/wp-content\/uploads\/2024\/06\/lounge-cariooca-vip-ticket-1024x683.jpg",1024,683,true],"1536x1536":["https:\/\/store.ticketrio.com.br\/wp-content\/uploads\/2024\/06\/lounge-cariooca-vip-ticket.jpg",1360,907,false],"2048x2048":["https:\/\/store.ticketrio.com.br\/wp-content\/uploads\/2024\/06\/lounge-cariooca-vip-ticket.jpg",1360,907,false],"trp-custom-language-flag":["https:\/\/store.ticketrio.com.br\/wp-content\/uploads\/2024\/06\/lounge-cariooca-vip-ticket.jpg",18,12,false],"woocommerce_thumbnail":["https:\/\/store.ticketrio.com.br\/wp-content\/uploads\/2024\/06\/lounge-cariooca-vip-ticket-300x300.jpg",300,300,true],"woocommerce_single":["https:\/\/store.ticketrio.com.br\/wp-content\/uploads\/2024\/06\/lounge-cariooca-vip-ticket-600x400.jpg",600,400,true],"woocommerce_gallery_thumbnail":["https:\/\/store.ticketrio.com.br\/wp-content\/uploads\/2024\/06\/lounge-cariooca-vip-ticket-100x100.jpg",100,100,true]},"uagb_author_info":{"display_name":"Duda","author_link":"https:\/\/store.ticketrio.com.br\/es\/author\/"},"uagb_comment_info":0,"uagb_excerpt":"Camarote Lounge has one of the best locations in Sapuca\u00ed, Sector 07, in the middle of the avenue. We also have 30 meters of frontage, a cool lounge integrated into the cabin, two floors in three comfortable spaces. All this with an All Inclusive Premium service of Open Bar, Buffet, Massage, Beauty Space, Shows and&hellip;","jetpack_sharing_enabled":true,"_links":{"self":[{"href":"https:\/\/store.ticketrio.com.br\/es\/wp-json\/wp\/v2\/product\/3275","targetHints":{"allow":["GET"]}}],"collection":[{"href":"https:\/\/store.ticketrio.com.br\/es\/wp-json\/wp\/v2\/product"}],"about":[{"href":"https:\/\/store.ticketrio.com.br\/es\/wp-json\/wp\/v2\/types\/product"}],"replies":[{"embeddable":true,"href":"https:\/\/store.ticketrio.com.br\/es\/wp-json\/wp\/v2\/comments?post=3275"}],"wp:featuredmedia":[{"embeddable":true,"href":"https:\/\/store.ticketrio.com.br\/es\/wp-json\/wp\/v2\/media\/3309"}],"wp:attachment":[{"href":"https:\/\/store.ticketrio.com.br\/es\/wp-json\/wp\/v2\/media?parent=3275"}],"wp:term":[{"taxonomy":"product_brand","embeddable":true,"href":"https:\/\/store.ticketrio.com.br\/es\/wp-json\/wp\/v2\/product_brand?post=3275"},{"taxonomy":"product_cat","embeddable":true,"href":"https:\/\/store.ticketrio.com.br\/es\/wp-json\/wp\/v2\/product_cat?post=3275"},{"taxonomy":"product_tag","embeddable":true,"href":"https:\/\/store.ticketrio.com.br\/es\/wp-json\/wp\/v2\/product_tag?post=3275"}],"curies":[{"name":"wp","href":"https:\/\/api.w.org\/{rel}","templated":true}]}}