{"id":3311,"date":"2024-06-10T02:27:32","date_gmt":"2024-06-10T02:27:32","guid":{"rendered":"https:\/\/store.ticketrio.com.br\/?page_id=3311"},"modified":"2026-04-06T18:44:37","modified_gmt":"2026-04-06T18:44:37","slug":"digital-tickets-rio-sambadrome-carnival-tickets","status":"publish","type":"page","link":"https:\/\/store.ticketrio.com.br\/fr\/digital-tickets-rio-sambadrome-carnival-tickets\/","title":{"rendered":"Rio Carnival Sambadrome Tickets \/ Digital Tickets &#8211; Grandstands Tickets and Front Box"},"content":{"rendered":"<h1 class=\"wp-block-heading has-ast-global-color-0-color has-text-color has-link-color has-medium-font-size wp-elements-ea8c107ac4959078c50c6faaa976052f\">COMMENT RECEVOIR L'ACHAT DE BILLETS NUM\u00c9RIQUES CHEZ TICKET RIO<\/h1>\n\n\n\n<hr class=\"wp-block-separator has-alpha-channel-opacity\"\/>\n\n\n\n<h1 class=\"wp-block-heading has-medium-font-size\"><strong>\u00a0Now your Grandstands Tickets and Front Box (Frisas) for every Sambadrome Sector is Digital tickets (QR code). <\/strong><br><br>The digital tickets will be available 15 days before Carnival. <br><br>Apr\u00e8s l'achat, vous recevez d'abord notre bon par e-mail (qui est votre confirmation d'achat), puis nous vous contacterons par t\u00e9l\u00e9phone (Whatsapp) et par e-mail \u00e0 <strong>INSTRUCTION comment effectuer le transfert de ticket vers votre APPLICATION QUENTRO<\/strong>.<br><br>&#8211;>Camarote VIP All Inclusive are still physical tickets and need to be picked up at selected location (Barra or Copacabana).<br><br>Nos emplacements physiques seront disponibles pour r\u00e9cup\u00e9rer les Front Box ou les billets VIP et pour recevoir les CADEAUX (en option).<br><br>POUR LA TRIBUNE, IL SUFFIT DE SE RENDRE \u00c0 L'ENDROIT CHOISI POUR OBTENIR LES CADEAUX. <br><\/h1>\n\n\n\n<h1 class=\"wp-block-heading has-medium-font-size\">&nbsp;Comment acc\u00e9der \u00e0 mes billets num\u00e9riques achet\u00e9s avec Ticket Rio ?<br><\/h1>\n\n\n\n<p class=\"has-vivid-red-color has-text-color has-link-color has-medium-font-size wp-elements-89265a9f9fc678574d1fda97e447c87d\"><strong>\u2013 T\u00e9l\u00e9chargez l'application QUENTRO sur votre t\u00e9l\u00e9phone.<\/strong><\/p>\n\n\n\n<figure class=\"wp-block-image size-medium\"><a href=\"https:\/\/apps.apple.com\/br\/app\/quentro\/id1446088511\"><img loading=\"lazy\" decoding=\"async\" width=\"300\" height=\"101\" src=\"https:\/\/store.ticketrio.com.br\/wp-content\/uploads\/2024\/06\/SlKyg18510-300x101.png\" alt=\"\" class=\"wp-image-3312\" srcset=\"https:\/\/store.ticketrio.com.br\/wp-content\/uploads\/2024\/06\/SlKyg18510-300x101.png 300w, https:\/\/store.ticketrio.com.br\/wp-content\/uploads\/2024\/06\/SlKyg18510.png 388w\" sizes=\"auto, (max-width: 300px) 100vw, 300px\" \/><\/a><\/figure>\n\n\n\n<figure class=\"wp-block-image size-medium\"><a href=\"https:\/\/play.google.com\/store\/apps\/details?id=com.getcrowder.quentro&amp;hl=pt_BR&amp;gl=US\"><img loading=\"lazy\" decoding=\"async\" width=\"300\" height=\"89\" src=\"https:\/\/store.ticketrio.com.br\/wp-content\/uploads\/2024\/06\/Rglio18210-300x89.png\" alt=\"\" class=\"wp-image-3313\" srcset=\"https:\/\/store.ticketrio.com.br\/wp-content\/uploads\/2024\/06\/Rglio18210-300x89.png 300w, https:\/\/store.ticketrio.com.br\/wp-content\/uploads\/2024\/06\/Rglio18210.png 412w\" sizes=\"auto, (max-width: 300px) 100vw, 300px\" \/><\/a><\/figure>\n\n\n\n<p class=\"has-vivid-red-color has-text-color has-link-color has-medium-font-size wp-elements-e5c7b78413529434502da26b79209bd3\">&#8211; CREATE A QUENTRO ACCOUNT IN THE APP.<br><br> Our offical whatsapp is bellow for any doubt. <br><a href=\"https:\/\/api.whatsapp.com\/send?phone=+14079784355\">+55 21 98379-5068 (T\u00e9l\u00e9phone et WhatsApp)<\/a>)<br><br>Nous transf\u00e9rerons les billets de notre compte Quentro au compte Quentro de l'acheteur. Seulement d'ici janvier 2026.<\/p>\n\n\n\n<h1 class=\"wp-block-heading has-medium-font-size\"><\/h1>\n\n\n\n<figure class=\"wp-block-image aligncenter size-medium is-resized\"><img loading=\"lazy\" decoding=\"async\" width=\"245\" height=\"300\" src=\"https:\/\/store.ticketrio.com.br\/wp-content\/uploads\/2024\/06\/quantro-qr-code-245x300.png\" alt=\"\" class=\"wp-image-3319\" style=\"width:232px;height:auto\" srcset=\"https:\/\/store.ticketrio.com.br\/wp-content\/uploads\/2024\/06\/quantro-qr-code-245x300.png 245w, https:\/\/store.ticketrio.com.br\/wp-content\/uploads\/2024\/06\/quantro-qr-code.png 450w\" sizes=\"auto, (max-width: 245px) 100vw, 245px\" \/><\/figure>\n\n\n\n<h3 class=\"wp-block-heading\">Restez \u00e0 l'\u00e9coute pour les recommandations\u00a0!<\/h3>\n\n\n\n<ul class=\"wp-block-list\">\n<li>Gardez votre t\u00e9l\u00e9phone charg\u00e9, nous scannerons le code QR dans l'application Quentro lors de l'entr\u00e9e. Assurez-vous que votre t\u00e9l\u00e9phone portable est charg\u00e9 lorsque vous arrivez sur le lieu de l'\u00e9v\u00e9nement.<\/li>\n\n\n\n<li>Utilisez votre compte QUENTRO pour acc\u00e9der \u00e0 l'application, utilisez un e-mail valide, de pr\u00e9f\u00e9rence le m\u00eame que celui utilis\u00e9 pour acheter vos billets chez nous, en utilisant \u00e9galement les m\u00eames coordonn\u00e9es que l'acheteur du billet.<\/li>\n\n\n\n<li>V\u00e9rifiez vos informations personnelles. \u00c9vitez les probl\u00e8mes d\u2019identification ! V\u00e9rifiez les d\u00e9tails de votre compte et de votre billet avant d'entrer pour vous assurer que tout se passe bien.<\/li>\n\n\n\n<li>Achetez des billets pour le Rio Sambadrome \u00e0 l\u2019avance. N\u2019attendez pas pour acheter vos billets \u00e0 la derni\u00e8re minute car tout est d\u00e9j\u00e0 organis\u00e9 d\u00e8s votre entr\u00e9e.<\/li>\n<\/ul>\n\n\n\n<h2 class=\"wp-block-heading\"><strong>ATTENTION AUX R\u00c8GLES :<\/strong><\/h2>\n\n\n\n<ol class=\"wp-block-list\">\n<li><strong>Les BILLETS NUM\u00c9RIQUES, une fois livr\u00e9s et confirm\u00e9s par le client, ne pourront plus \u00eatre annul\u00e9s.<\/strong><\/li>\n\n\n\n<li><strong>Les BILLETS NUM\u00c9RIQUES ne sont pas transf\u00e9rables.<\/strong><\/li>\n\n\n\n<li><strong>BILLETS PHYSIQUES OU NUM\u00c9RIQUES, une fois livr\u00e9s, la responsabilit\u00e9 incombera au CLIENT\/DESTINATAIRE.<\/strong><\/li>\n\n\n\n<li><strong>EN CAS DE PERTE, DE VOL OU DE VOL DES TICKETS PHYSIQUES OU DE L\u2019APPAREIL SUR LEQUEL LE TICKET NUM\u00c9RIQUE A \u00c9T\u00c9 ACCEPT\u00c9, celui-ci est de la responsabilit\u00e9 du CLIENT et ne pourra \u00eatre remplac\u00e9 ou annul\u00e9 par notre soci\u00e9t\u00e9.<\/strong><\/li>\n<\/ol>\n\n\n\n<p class=\"has-vivid-red-color has-text-color has-link-color wp-elements-9263e2f701ca051b84f184d368ccae9c\">L'EMPLACEMENT PHYSIQUE EST TOUJOURS DISPONIBLE AU CAS O\u00d9 VOUS NE VOUDRIEZ PAS FAIRE LE PROCESSUS DE BILLET NUM\u00c9RIQUE PAR VOUS-M\u00caME. Notre \u00e9quipe \u00e0 Barra et \u00e0 Vila Mar Copacabana sera \u00e0 votre disposition pendant la semaine du carnaval pour vous aider avec le billet num\u00e9rique.<\/p>\n\n\n\n<p><strong>FRISA ET CAMAROTES&nbsp;<\/strong>LES BILLETS SONT TOUJOURS PHYSIQUES ET DOIVENT \u00caTRE R\u00c9CUP\u00c9R\u00c9S \u00c0 L'ENDROIT S\u00c9LECTIONN\u00c9.<\/p>\n\n\n\n<p class=\"has-large-font-size\">PROFITEZ DU CARNAVAL DE RIO AU SAMBADROME ! <br><br>AMUSEZ-VOUS !<br><\/p>\n\n\n\n<p><\/p>","protected":false},"excerpt":{"rendered":"<p>HOW TO RECEIVE DIGITAL TICKETS PURCHASE AT TICKET RIO \u00a0Now your Grandstands Tickets and Front Box (Frisas) for every Sambadrome Sector is Digital tickets (QR code). The digital tickets will be available 15 days before Carnival. After purchase, first you receive our Voucher by email (which is your purchase confirmation) and then We will contact [&hellip;]<\/p>\n","protected":false},"author":1,"featured_media":0,"parent":0,"menu_order":0,"comment_status":"closed","ping_status":"closed","template":"","meta":{"_seopress_robots_primary_cat":"","_seopress_titles_title":"","_seopress_titles_desc":"","_seopress_robots_index":"","_surecart_dashboard_logo_width":"180px","_surecart_dashboard_show_logo":true,"_surecart_dashboard_navigation_orders":true,"_surecart_dashboard_navigation_invoices":true,"_surecart_dashboard_navigation_subscriptions":true,"_surecart_dashboard_navigation_downloads":true,"_surecart_dashboard_navigation_billing":true,"_surecart_dashboard_navigation_account":true,"_uag_custom_page_level_css":"","site-sidebar-layout":"no-sidebar","site-content-layout":"","ast-site-content-layout":"default","site-content-style":"default","site-sidebar-style":"default","ast-global-header-display":"","ast-banner-title-visibility":"","ast-main-header-display":"","ast-hfb-above-header-display":"","ast-hfb-below-header-display":"","ast-hfb-mobile-header-display":"","site-post-title":"","ast-breadcrumbs-content":"","ast-featured-img":"","footer-sml-layout":"","ast-disable-related-posts":"","theme-transparent-header-meta":"","adv-header-id-meta":"","stick-header-meta":"","header-above-stick-meta":"","header-main-stick-meta":"","header-below-stick-meta":"","astra-migrate-meta-layouts":"set","ast-page-background-enabled":"default","ast-page-background-meta":{"desktop":{"background-color":"","background-image":"","background-repeat":"repeat","background-position":"center center","background-size":"auto","background-attachment":"scroll","background-type":"","background-media":"","overlay-type":"","overlay-color":"","overlay-opacity":"","overlay-gradient":""},"tablet":{"background-color":"","background-image":"","background-repeat":"repeat","background-position":"center center","background-size":"auto","background-attachment":"scroll","background-type":"","background-media":"","overlay-type":"","overlay-color":"","overlay-opacity":"","overlay-gradient":""},"mobile":{"background-color":"","background-image":"","background-repeat":"repeat","background-position":"center center","background-size":"auto","background-attachment":"scroll","background-type":"","background-media":"","overlay-type":"","overlay-color":"","overlay-opacity":"","overlay-gradient":""}},"ast-content-background-meta":{"desktop":{"background-color":"var(--ast-global-color-5)","background-image":"","background-repeat":"repeat","background-position":"center center","background-size":"auto","background-attachment":"scroll","background-type":"","background-media":"","overlay-type":"","overlay-color":"","overlay-opacity":"","overlay-gradient":""},"tablet":{"background-color":"var(--ast-global-color-5)","background-image":"","background-repeat":"repeat","background-position":"center center","background-size":"auto","background-attachment":"scroll","background-type":"","background-media":"","overlay-type":"","overlay-color":"","overlay-opacity":"","overlay-gradient":""},"mobile":{"background-color":"var(--ast-global-color-5)","background-image":"","background-repeat":"repeat","background-position":"center center","background-size":"auto","background-attachment":"scroll","background-type":"","background-media":"","overlay-type":"","overlay-color":"","overlay-opacity":"","overlay-gradient":""}},"iawp_total_views":2050,"footnotes":""},"class_list":["post-3311","page","type-page","status-publish","hentry"],"uagb_featured_image_src":{"full":false,"thumbnail":false,"medium":false,"medium_large":false,"large":false,"1536x1536":false,"2048x2048":false,"trp-custom-language-flag":false,"woocommerce_thumbnail":false,"woocommerce_single":false,"woocommerce_gallery_thumbnail":false},"uagb_author_info":{"display_name":"Duda","author_link":"https:\/\/store.ticketrio.com.br\/fr\/author\/duda\/"},"uagb_comment_info":0,"uagb_excerpt":"HOW TO RECEIVE DIGITAL TICKETS PURCHASE AT TICKET RIO \u00a0Now your Grandstands Tickets and Front Box (Frisas) for every Sambadrome Sector is Digital tickets (QR code). The digital tickets will be available 15 days before Carnival. After purchase, first you receive our Voucher by email (which is your purchase confirmation) and then We will contact\u2026","jetpack_sharing_enabled":true,"_links":{"self":[{"href":"https:\/\/store.ticketrio.com.br\/fr\/wp-json\/wp\/v2\/pages\/3311","targetHints":{"allow":["GET"]}}],"collection":[{"href":"https:\/\/store.ticketrio.com.br\/fr\/wp-json\/wp\/v2\/pages"}],"about":[{"href":"https:\/\/store.ticketrio.com.br\/fr\/wp-json\/wp\/v2\/types\/page"}],"author":[{"embeddable":true,"href":"https:\/\/store.ticketrio.com.br\/fr\/wp-json\/wp\/v2\/users\/1"}],"replies":[{"embeddable":true,"href":"https:\/\/store.ticketrio.com.br\/fr\/wp-json\/wp\/v2\/comments?post=3311"}],"version-history":[{"count":24,"href":"https:\/\/store.ticketrio.com.br\/fr\/wp-json\/wp\/v2\/pages\/3311\/revisions"}],"predecessor-version":[{"id":4597,"href":"https:\/\/store.ticketrio.com.br\/fr\/wp-json\/wp\/v2\/pages\/3311\/revisions\/4597"}],"wp:attachment":[{"href":"https:\/\/store.ticketrio.com.br\/fr\/wp-json\/wp\/v2\/media?parent=3311"}],"curies":[{"name":"wp","href":"https:\/\/api.w.org\/{rel}","templated":true}]}}