{"id":3845,"date":"2025-05-23T16:21:05","date_gmt":"2025-05-23T16:21:05","guid":{"rendered":"https:\/\/store.ticketrio.com.br\/?page_id=3845"},"modified":"2025-05-27T18:00:42","modified_gmt":"2025-05-27T18:00:42","slug":"general-info-sambadrome","status":"publish","type":"page","link":"https:\/\/store.ticketrio.com.br\/fr\/general-info-sambadrome\/","title":{"rendered":"Info Sambodrome"},"content":{"rendered":"<h3 class=\"wp-block-heading\"><strong>INFORMATIONS G\u00c9N\u00c9RALES SUR LE SAMBODR\u00d4ME RIO DE JANEIRO<\/strong><\/h3>\n\n\n\n<p>Le Sambodrome est divis\u00e9 en 13 secteurs. Le prix du billet pour chaque secteur d\u00e9pend de l'emplacement et de la vue sur l'avenue. Les secteurs impairs se trouvent d'un c\u00f4t\u00e9 et les secteurs pairs de l'autre. La num\u00e9rotation augmente vers la fin de l'avenue. Le c\u00f4t\u00e9 impair ne communique pas avec le c\u00f4t\u00e9 pair.<\/p>\n\n\n\n<p>Tous les secteurs sont compos\u00e9s de tribunes, de frisas et de loges VIP. Les frisas sont situ\u00e9es devant les tribunes, la rang\u00e9e A \u00e9tant la plus proche de la piste d'envol du Sambadrome. Les loges VIP sont r\u00e9parties dans diff\u00e9rents secteurs. Les touristes \u00e9trangers peuvent acheter des billets pour n'importe quel secteur du Sambadrome.<\/p>\n\n\n\n<p><strong>Comment se rendre au Sambodrome<\/strong><br><br><strong>UBER <\/strong>\u2013 Uber n\u2019est pas autoris\u00e9 \u00e0 entrer dans la zone entourant le Sambadrome, car la zone est bloqu\u00e9e uniquement pour les v\u00e9hicules autoris\u00e9s.<br><strong>We do not recommend taking UBER as it will leave you far from the main entrances to the Sambadrome.<\/strong><\/p>\n\n\n\n<p><strong>M\u00e9tro<\/strong><br>Metr\u00f4Rio fonctionne 24h\/24 pendant toute la dur\u00e9e du Carnaval de Rio. Son horaire sp\u00e9cial, 24h\/24 et 7j\/7, facilite les d\u00e9placements des f\u00eatards lorsqu'ils se rendent aux diff\u00e9rents quartiers du Carnaval ou assistent aux d\u00e9fil\u00e9s de la Passarela do Samba, au Sambadrome. Le m\u00e9tro est rapide, mais bond\u00e9 pendant les jours de Carnaval. Quoi qu'il en soit, c'est la meilleure option pour se rendre au Sambadrome rapidement, en toute s\u00e9curit\u00e9 et \u00e0 moindre co\u00fbt. Si vous pr\u00e9f\u00e9rez le m\u00e9tro, privil\u00e9giez le c\u00f4t\u00e9 pair, car c'est l\u00e0 que se trouve la station de m\u00e9tro la plus proche du Sambadrome.<br><br><strong>Station de M\u00e9tro M\u00caME C\u00d4T\u00c9<\/strong> \u2013 Pra\u00e7a Onze<br><strong>Station de m\u00e9tro C\u00d4T\u00c9 IMPAIR<\/strong> \u2013 Central do Brasil<br><br><strong>Taxi Cab<\/strong> \u2013 N'utilisez pas de taxis de rue, car ils doivent \u00eatre agr\u00e9\u00e9s. Les taxis agr\u00e9\u00e9s appliquent des tarifs fixes et demandent au client d'appeler \u00e0 l'avance pour r\u00e9server sa course. Les compagnies agr\u00e9\u00e9es pour se rendre \u00e0 l'entr\u00e9e du Sambodrome sont\u00a0:<br> &#8211; <strong>C\u00f4t\u00e9 pair : Coopatur <\/strong>\u2013 Tel: 55 (21) 2573-1009 \/ 3885-1000<br>&nbsp;&#8211; <strong>C\u00f4t\u00e9 impair: Coopertramo<\/strong> \u2013 Tel: 55 (21) 2560-2022 \/ 2560-1474<\/p>\n\n\n\n<p><strong>Transport priv\u00e9 \u2013<\/strong> Pour une arriv\u00e9e au Sambadrome en toute s\u00e9r\u00e9nit\u00e9 et s\u00e9curit\u00e9, nous vous proposons un service de transfert. Consultez nos tarifs ici. <a href=\"https:\/\/store.ticketrio.com.br\/fr\/product-category\/transfer-rio-carnival\/\">https:\/\/store.ticketrio.com.br\/product-category\/transfer-rio-carnival\/<\/a><\/p>\n\n\n\n<p><strong>Quand arriver<\/strong><br>Les portes ouvrent \u00e0 18h. Certaines personnes n'ayant pas de billets pour les places num\u00e9rot\u00e9es arrivent g\u00e9n\u00e9ralement un peu en avance afin de s'assurer les meilleures places. L'heure de d\u00e9but des d\u00e9fil\u00e9s d\u00e9pend du jour du d\u00e9fil\u00e9\u00a0; consultez le programme du d\u00e9fil\u00e9.<\/p>\n\n\n\n<p><strong>Installations<\/strong>\/ <strong>Aire de restauration<\/strong><br>Des bars proposant restauration et boissons, ainsi que des toilettes, sont disponibles dans chaque secteur du Sambadrome. De plus, tous ont acc\u00e8s \u00e0 l'espace ouvert, situ\u00e9 derri\u00e8re les tribunes du Sambadrome, o\u00f9 se trouvent restaurants, glaciers, boutiques de souvenirs et autres toilettes.<\/p>\n\n\n\n<p><strong>S\u00e9curit\u00e9<\/strong> <strong>au Sambadrome<\/strong><br>Les jours de d\u00e9fil\u00e9, le Sambadrome est consid\u00e9r\u00e9 comme l'endroit le plus s\u00fbr d'Am\u00e9rique du Sud. On y trouve une forte concentration de c\u00e9l\u00e9brit\u00e9s internationales, d'hommes politiques et de membres de familles royales. Le Sambadrome est entour\u00e9 d'immenses cl\u00f4tures que personne ne peut franchir sans \u00eatre fouill\u00e9, pour des raisons commerciales et de s\u00e9curit\u00e9.<\/p>\n\n\n\n<p><strong>Quoi apporter<\/strong><br>Soyez pr\u00e9venus\u00a0: seuls des en-cas rapides, comme des pizzas et des cheeseburgers, seront propos\u00e9s au Sambadrome. Vous pouvez \u00e9galement apporter des contenants en plastique contenant des boissons et de la nourriture, comme des sandwichs et des fruits. Le polystyr\u00e8ne, les bouteilles, le verre et les feux d'artifice sont interdits. Les boissons alcoolis\u00e9es sont g\u00e9n\u00e9ralement vendues \u00e0 l'int\u00e9rieur du Sambadrome aux personnes de plus de 18\u00a0ans.<\/p>\n\n\n\n<p><strong>Children<mark style=\"background-color:rgba(0, 0, 0, 0);color:#cf2e2e\" class=\"has-inline-color\"> under 5 year<\/mark>s of age are not allowed to enter the Sambadrome, even if accompanied by their guardians.<\/strong><br><\/p>\n\n\n\n<figure class=\"wp-block-image\"><img decoding=\"async\" src=\"https:\/\/www.ticketrio.com.br\/site\/wp-content\/uploads\/2015\/05\/2012_LIESA_MAPA-SAMBODROMO_Normal.jpg\" alt=\"\"\/><\/figure>\n\n\n\n<ul class=\"wp-block-list\">\n<li><\/li>\n<\/ul>","protected":false},"excerpt":{"rendered":"<p>GENERAL INFORMATION ABOUT SAMBODROME RIO DE JANEIRO Sambadrome is divided into 13 sectors. The ticket price for each sector depends on the position and view of the Avenue. The odd-numbered sectors are on one side and the even-numbered sectors are on the other. The numbers increase towards the end of the Avenue. The odd-numbered side [&hellip;]<\/p>\n","protected":false},"author":1,"featured_media":0,"parent":0,"menu_order":0,"comment_status":"closed","ping_status":"closed","template":"","meta":{"_seopress_robots_primary_cat":"","_seopress_titles_title":"","_seopress_titles_desc":"","_seopress_robots_index":"","_surecart_dashboard_logo_width":"180px","_surecart_dashboard_show_logo":true,"_surecart_dashboard_navigation_orders":true,"_surecart_dashboard_navigation_invoices":true,"_surecart_dashboard_navigation_subscriptions":true,"_surecart_dashboard_navigation_downloads":true,"_surecart_dashboard_navigation_billing":true,"_surecart_dashboard_navigation_account":true,"_uag_custom_page_level_css":"","site-sidebar-layout":"no-sidebar","site-content-layout":"","ast-site-content-layout":"normal-width-container","site-content-style":"default","site-sidebar-style":"default","ast-global-header-display":"","ast-banner-title-visibility":"","ast-main-header-display":"","ast-hfb-above-header-display":"","ast-hfb-below-header-display":"","ast-hfb-mobile-header-display":"","site-post-title":"","ast-breadcrumbs-content":"","ast-featured-img":"","footer-sml-layout":"","ast-disable-related-posts":"","theme-transparent-header-meta":"","adv-header-id-meta":"","stick-header-meta":"","header-above-stick-meta":"","header-main-stick-meta":"","header-below-stick-meta":"","astra-migrate-meta-layouts":"set","ast-page-background-enabled":"default","ast-page-background-meta":{"desktop":{"background-color":"","background-image":"","background-repeat":"repeat","background-position":"center center","background-size":"auto","background-attachment":"scroll","background-type":"","background-media":"","overlay-type":"","overlay-color":"","overlay-gradient":""},"tablet":{"background-color":"","background-image":"","background-repeat":"repeat","background-position":"center center","background-size":"auto","background-attachment":"scroll","background-type":"","background-media":"","overlay-type":"","overlay-color":"","overlay-gradient":""},"mobile":{"background-color":"","background-image":"","background-repeat":"repeat","background-position":"center center","background-size":"auto","background-attachment":"scroll","background-type":"","background-media":"","overlay-type":"","overlay-color":"","overlay-gradient":""}},"ast-content-background-meta":{"desktop":{"background-color":"var(--ast-global-color-5)","background-image":"","background-repeat":"repeat","background-position":"center center","background-size":"auto","background-attachment":"scroll","background-type":"","background-media":"","overlay-type":"","overlay-color":"","overlay-gradient":""},"tablet":{"background-color":"var(--ast-global-color-5)","background-image":"","background-repeat":"repeat","background-position":"center center","background-size":"auto","background-attachment":"scroll","background-type":"","background-media":"","overlay-type":"","overlay-color":"","overlay-gradient":""},"mobile":{"background-color":"var(--ast-global-color-5)","background-image":"","background-repeat":"repeat","background-position":"center center","background-size":"auto","background-attachment":"scroll","background-type":"","background-media":"","overlay-type":"","overlay-color":"","overlay-gradient":""}},"iawp_total_views":1578,"footnotes":""},"class_list":["post-3845","page","type-page","status-publish","hentry"],"uagb_featured_image_src":{"full":false,"thumbnail":false,"medium":false,"medium_large":false,"large":false,"1536x1536":false,"2048x2048":false,"trp-custom-language-flag":false,"woocommerce_thumbnail":false,"woocommerce_single":false,"woocommerce_gallery_thumbnail":false},"uagb_author_info":{"display_name":"Duda","author_link":"https:\/\/store.ticketrio.com.br\/fr\/author\/duda\/"},"uagb_comment_info":0,"uagb_excerpt":"GENERAL INFORMATION ABOUT SAMBODROME RIO DE JANEIRO Sambadrome is divided into 13 sectors. The ticket price for each sector depends on the position and view of the Avenue. The odd-numbered sectors are on one side and the even-numbered sectors are on the other. The numbers increase towards the end of the Avenue. The odd-numbered side\u2026","jetpack_sharing_enabled":true,"_links":{"self":[{"href":"https:\/\/store.ticketrio.com.br\/fr\/wp-json\/wp\/v2\/pages\/3845","targetHints":{"allow":["GET"]}}],"collection":[{"href":"https:\/\/store.ticketrio.com.br\/fr\/wp-json\/wp\/v2\/pages"}],"about":[{"href":"https:\/\/store.ticketrio.com.br\/fr\/wp-json\/wp\/v2\/types\/page"}],"author":[{"embeddable":true,"href":"https:\/\/store.ticketrio.com.br\/fr\/wp-json\/wp\/v2\/users\/1"}],"replies":[{"embeddable":true,"href":"https:\/\/store.ticketrio.com.br\/fr\/wp-json\/wp\/v2\/comments?post=3845"}],"version-history":[{"count":27,"href":"https:\/\/store.ticketrio.com.br\/fr\/wp-json\/wp\/v2\/pages\/3845\/revisions"}],"predecessor-version":[{"id":3894,"href":"https:\/\/store.ticketrio.com.br\/fr\/wp-json\/wp\/v2\/pages\/3845\/revisions\/3894"}],"wp:attachment":[{"href":"https:\/\/store.ticketrio.com.br\/fr\/wp-json\/wp\/v2\/media?parent=3845"}],"curies":[{"name":"wp","href":"https:\/\/api.w.org\/{rel}","templated":true}]}}