{"id":3242,"date":"2024-06-06T18:40:54","date_gmt":"2024-06-06T18:40:54","guid":{"rendered":"https:\/\/store.ticketrio.com.br\/?post_type=product&#038;p=3242"},"modified":"2026-02-27T20:45:55","modified_gmt":"2026-02-27T20:45:55","slug":"grandstand-ticket-sector-03-champions-parade-rio-carnival-tickets","status":"publish","type":"product","link":"https:\/\/store.ticketrio.com.br\/fr\/product\/grandstand-ticket-sector-03-champions-parade-rio-carnival-tickets\/","title":{"rendered":"Grandstand Ticket Sector 03 Champions Parade 13\/02\/2027 Rio Carnival Sambadrome Ticket + Gifts"},"content":{"rendered":"<p><strong>Rio Carnival Sambadrome Tickets 2027<br \/>\nGrandstand Ticket &#8211;\u00a0 Sector 03 &#8211;\u00a0 Champions Parade 13\/02\/2027<br \/>\n<\/strong><\/p>\n<p><strong>Forfait : Billet + Cadeaux<\/strong><\/p>\n<p>L&#039;Absence De Couverture. Cour de nourriture \u00e0 l&#039;int\u00e9rieur de Sambadrome.<\/p>\n<p>Le plus jovial des lieux. Les si\u00e8ges sont de grandes mesures concr\u00e8tes, avec une grande vue de la parade. Tribunes les billets ne sont pas num\u00e9rot\u00e9es, sauf pour le Secteur de 09.<strong><br \/>\n<\/strong><\/p>\n<p>&nbsp;<\/p>","protected":false},"excerpt":{"rendered":"<p><strong>Rio Carnival Sambadrome Tickets 2027<br \/>\nGrandstand Ticket &#8211;\u00a0 Sector 03 &#8211; Champions Parade 13\/02\/2027<br \/>\n<\/strong><\/p>\n<p><strong>Forfait : Billet + Cadeaux<\/strong><\/p>\n<p>L&#039;Absence De Couverture. Cour de nourriture \u00e0 l&#039;int\u00e9rieur de Sambadrome.<\/p>\n<p>Le plus jovial des lieux. Les si\u00e8ges sont de grandes mesures concr\u00e8tes, avec une grande vue de la parade. Tribunes les billets ne sont pas num\u00e9rot\u00e9es, sauf pour le Secteur de 09.<strong><br \/>\n<\/strong><\/p>\n<p>&nbsp;<\/p>\n<p>&nbsp;<\/p>","protected":false},"featured_media":2827,"comment_status":"open","ping_status":"closed","template":"","meta":{"_seopress_robots_primary_cat":"","_seopress_titles_title":"","_seopress_titles_desc":"","_seopress_robots_index":"","_surecart_dashboard_logo_width":"180px","_surecart_dashboard_show_logo":true,"_surecart_dashboard_navigation_orders":true,"_surecart_dashboard_navigation_invoices":true,"_surecart_dashboard_navigation_subscriptions":true,"_surecart_dashboard_navigation_downloads":true,"_surecart_dashboard_navigation_billing":true,"_surecart_dashboard_navigation_account":true,"_uag_custom_page_level_css":"","site-sidebar-layout":"default","site-content-layout":"default","ast-site-content-layout":"default","site-content-style":"default","site-sidebar-style":"default","ast-global-header-display":"","ast-banner-title-visibility":"","ast-main-header-display":"","ast-hfb-above-header-display":"","ast-hfb-below-header-display":"","ast-hfb-mobile-header-display":"","site-post-title":"","ast-breadcrumbs-content":"","ast-featured-img":"","footer-sml-layout":"","ast-disable-related-posts":"","theme-transparent-header-meta":"default","adv-header-id-meta":"","stick-header-meta":"default","header-above-stick-meta":"","header-main-stick-meta":"","header-below-stick-meta":"","astra-migrate-meta-layouts":"set","ast-page-background-enabled":"default","ast-page-background-meta":{"desktop":{"background-color":"","background-image":"","background-repeat":"repeat","background-position":"center center","background-size":"auto","background-attachment":"scroll","background-type":"","background-media":"","overlay-type":"","overlay-color":"","overlay-opacity":"","overlay-gradient":""},"tablet":{"background-color":"","background-image":"","background-repeat":"repeat","background-position":"center center","background-size":"auto","background-attachment":"scroll","background-type":"","background-media":"","overlay-type":"","overlay-color":"","overlay-opacity":"","overlay-gradient":""},"mobile":{"background-color":"","background-image":"","background-repeat":"repeat","background-position":"center center","background-size":"auto","background-attachment":"scroll","background-type":"","background-media":"","overlay-type":"","overlay-color":"","overlay-opacity":"","overlay-gradient":""}},"ast-content-background-meta":{"desktop":{"background-color":"var(--ast-global-color-5)","background-image":"","background-repeat":"repeat","background-position":"center center","background-size":"auto","background-attachment":"scroll","background-type":"","background-media":"","overlay-type":"","overlay-color":"","overlay-opacity":"","overlay-gradient":""},"tablet":{"background-color":"var(--ast-global-color-5)","background-image":"","background-repeat":"repeat","background-position":"center center","background-size":"auto","background-attachment":"scroll","background-type":"","background-media":"","overlay-type":"","overlay-color":"","overlay-opacity":"","overlay-gradient":""},"mobile":{"background-color":"var(--ast-global-color-5)","background-image":"","background-repeat":"repeat","background-position":"center center","background-size":"auto","background-attachment":"scroll","background-type":"","background-media":"","overlay-type":"","overlay-color":"","overlay-opacity":"","overlay-gradient":""}},"iawp_total_views":144},"product_brand":[],"product_cat":[55,43],"product_tag":[],"class_list":{"0":"post-3242","1":"product","2":"type-product","3":"status-publish","4":"has-post-thumbnail","6":"product_cat-champions-parade-rio-carnival-tickets","7":"product_cat-grandstand-rio-de-janeiro-carnival-tickets","8":"desktop-align-left","9":"tablet-align-left","10":"mobile-align-left","11":"ast-product-gallery-layout-horizontal-slider","12":"ast-product-gallery-with-no-image","14":"first","15":"instock","16":"taxable","17":"purchasable","18":"product-type-simple"},"uagb_featured_image_src":{"full":["https:\/\/store.ticketrio.com.br\/wp-content\/uploads\/2024\/05\/rio-sambadrome-carnival-tickets-grandstand-tickets.jpg",720,460,false],"thumbnail":["https:\/\/store.ticketrio.com.br\/wp-content\/uploads\/2024\/05\/rio-sambadrome-carnival-tickets-grandstand-tickets-150x150.jpg",150,150,true],"medium":["https:\/\/store.ticketrio.com.br\/wp-content\/uploads\/2024\/05\/rio-sambadrome-carnival-tickets-grandstand-tickets-300x192.jpg",300,192,true],"medium_large":["https:\/\/store.ticketrio.com.br\/wp-content\/uploads\/2024\/05\/rio-sambadrome-carnival-tickets-grandstand-tickets.jpg",720,460,false],"large":["https:\/\/store.ticketrio.com.br\/wp-content\/uploads\/2024\/05\/rio-sambadrome-carnival-tickets-grandstand-tickets.jpg",720,460,false],"1536x1536":["https:\/\/store.ticketrio.com.br\/wp-content\/uploads\/2024\/05\/rio-sambadrome-carnival-tickets-grandstand-tickets.jpg",720,460,false],"2048x2048":["https:\/\/store.ticketrio.com.br\/wp-content\/uploads\/2024\/05\/rio-sambadrome-carnival-tickets-grandstand-tickets.jpg",720,460,false],"trp-custom-language-flag":["https:\/\/store.ticketrio.com.br\/wp-content\/uploads\/2024\/05\/rio-sambadrome-carnival-tickets-grandstand-tickets.jpg",18,12,false],"woocommerce_thumbnail":["https:\/\/store.ticketrio.com.br\/wp-content\/uploads\/2024\/05\/rio-sambadrome-carnival-tickets-grandstand-tickets-300x300.jpg",300,300,true],"woocommerce_single":["https:\/\/store.ticketrio.com.br\/wp-content\/uploads\/2024\/05\/rio-sambadrome-carnival-tickets-grandstand-tickets-600x383.jpg",600,383,true],"woocommerce_gallery_thumbnail":["https:\/\/store.ticketrio.com.br\/wp-content\/uploads\/2024\/05\/rio-sambadrome-carnival-tickets-grandstand-tickets-100x100.jpg",100,100,true]},"uagb_author_info":{"display_name":"Duda","author_link":"https:\/\/store.ticketrio.com.br\/fr\/author\/"},"uagb_comment_info":0,"uagb_excerpt":"Rio Carnival Sambadrome Tickets 2027 Grandstand Ticket -\u00a0 Sector 03 - Champions Parade 13\/02\/2027 Package: Ticket + Gifts No Cover. Food court inside Sambadrome. Most cheerful places. The seats are large concrete steps with a great view of the parade. Grandstands tickets are not numbered, except for Sector 09. &nbsp; &nbsp;","jetpack_sharing_enabled":true,"_links":{"self":[{"href":"https:\/\/store.ticketrio.com.br\/fr\/wp-json\/wp\/v2\/product\/3242","targetHints":{"allow":["GET"]}}],"collection":[{"href":"https:\/\/store.ticketrio.com.br\/fr\/wp-json\/wp\/v2\/product"}],"about":[{"href":"https:\/\/store.ticketrio.com.br\/fr\/wp-json\/wp\/v2\/types\/product"}],"replies":[{"embeddable":true,"href":"https:\/\/store.ticketrio.com.br\/fr\/wp-json\/wp\/v2\/comments?post=3242"}],"wp:featuredmedia":[{"embeddable":true,"href":"https:\/\/store.ticketrio.com.br\/fr\/wp-json\/wp\/v2\/media\/2827"}],"wp:attachment":[{"href":"https:\/\/store.ticketrio.com.br\/fr\/wp-json\/wp\/v2\/media?parent=3242"}],"wp:term":[{"taxonomy":"product_brand","embeddable":true,"href":"https:\/\/store.ticketrio.com.br\/fr\/wp-json\/wp\/v2\/product_brand?post=3242"},{"taxonomy":"product_cat","embeddable":true,"href":"https:\/\/store.ticketrio.com.br\/fr\/wp-json\/wp\/v2\/product_cat?post=3242"},{"taxonomy":"product_tag","embeddable":true,"href":"https:\/\/store.ticketrio.com.br\/fr\/wp-json\/wp\/v2\/product_tag?post=3242"}],"curies":[{"name":"wp","href":"https:\/\/api.w.org\/{rel}","templated":true}]}}