{"id":3258,"date":"2024-06-09T01:18:32","date_gmt":"2024-06-09T01:18:32","guid":{"rendered":"https:\/\/store.ticketrio.com.br\/?post_type=product&#038;p=3258"},"modified":"2026-03-12T19:59:37","modified_gmt":"2026-03-12T19:59:37","slug":"lounge-carioca-all-inclusive-saturday-parade-vip-rio-carnival-tickets","status":"publish","type":"product","link":"https:\/\/store.ticketrio.com.br\/fr\/product\/lounge-carioca-all-inclusive-saturday-parade-vip-rio-carnival-tickets\/","title":{"rendered":"Lounge Carioca All Inclusive Sector 07 Saturday Parade Gold Serie 06\/02\/2027"},"content":{"rendered":"<div class=\"col-md-5\">\n<p>Le Camarote Lounge b\u00e9n\u00e9ficie d'un emplacement privil\u00e9gi\u00e9 \u00e0 Sapuca\u00ed, dans le secteur 7, au c\u0153ur de l'avenue. Il dispose de 30 m\u00e8tres de fa\u00e7ade, d'un salon convivial int\u00e9gr\u00e9 \u00e0 la cabine, de deux \u00e9tages et de trois espaces confortables. Le tout avec une formule tout compris premium\u00a0: bar ouvert, buffet, massages, espace beaut\u00e9, spectacles et cadeaux.<strong><br \/>\n<\/strong>Prix \u200b\u200bpar personne<\/p>\n<\/div>\n<div class=\"col-md-7 d-flex align-items-center justify-content-center\">\n<p><strong>Service VIP Tout Inclus\u00a0: Open Bar Premium + Buffet Complet + Massage Spa + Centre de Beaut\u00e9 + Spectacles pendant les pauses + 2 \u00c9tages avec un coin salon + Transfert Sambodrome aller\/retour depuis le point de rendez-vous + Cadeaux<\/strong><\/p>\n<\/div>\n<div class=\"col-md-12 mt-5\">\n<div class=\"table-responsive\">\n<div class=\"col-md-7 d-flex align-items-center justify-content-center\"><strong>Forfait : Billet (T-shirt) + Tout Inclus<\/strong><\/div>\n<div class=\"col-md-7 d-flex align-items-center justify-content-center\">\n<p><strong>Secteur\u00a0:\u00a0 07<\/strong><\/p>\n<p><span style=\"color: #ff0000;\">Il est obligatoire de porter le T-shirt Camarote le jour de l\u2019\u00e9v\u00e9nement dans le cadre du billet.<\/span><\/p>\n<\/div>\n<\/div>\n<\/div>","protected":false},"excerpt":{"rendered":"<div class=\"col-md-5\">\n<div class=\"col-md-5\">\n<div class=\"col-md-5\">\n<p>Le Camarote Lounge b\u00e9n\u00e9ficie d'un emplacement privil\u00e9gi\u00e9 \u00e0 Sapuca\u00ed, dans le secteur 7, au c\u0153ur de l'avenue. Il dispose de 30 m\u00e8tres de fa\u00e7ade, d'un salon convivial int\u00e9gr\u00e9 \u00e0 la cabine, de deux \u00e9tages et de trois espaces confortables. Le tout avec une formule tout compris premium\u00a0: bar ouvert, buffet, massages, espace beaut\u00e9, spectacles et cadeaux.<strong><br \/>\n<\/strong>Prix \u200b\u200bpar personne<\/p>\n<\/div>\n<div class=\"col-md-7 d-flex align-items-center justify-content-center\">\n<p><strong>Service VIP Tout Inclus\u00a0: Open Bar Premium + Buffet Complet + Massage Spa + Centre de Beaut\u00e9 + Spectacles pendant les pauses + 2 \u00c9tages avec un coin salon + Transfert Sambodrome aller\/retour depuis le point de rendez-vous + Cadeaux<\/strong><\/p>\n<\/div>\n<div class=\"col-md-12 mt-5\">\n<div class=\"table-responsive\">\n<div class=\"col-md-7 d-flex align-items-center justify-content-center\"><strong>Forfait : Billet (T-shirt) + Tout Inclus<\/strong><\/div>\n<div class=\"col-md-7 d-flex align-items-center justify-content-center\">\n<p><strong>Secteur\u00a0:\u00a0 07<\/strong><\/p>\n<p><span style=\"color: #ff0000;\">Il est obligatoire de porter le T-shirt Camarote le jour de l\u2019\u00e9v\u00e9nement dans le cadre du billet.<\/span><\/p>\n<\/div>\n<\/div>\n<\/div>\n<\/div>\n<\/div>","protected":false},"featured_media":3309,"comment_status":"open","ping_status":"closed","template":"","meta":{"_seopress_robots_primary_cat":"","_seopress_titles_title":"","_seopress_titles_desc":"","_seopress_robots_index":"","_surecart_dashboard_logo_width":"180px","_surecart_dashboard_show_logo":true,"_surecart_dashboard_navigation_orders":true,"_surecart_dashboard_navigation_invoices":true,"_surecart_dashboard_navigation_subscriptions":true,"_surecart_dashboard_navigation_downloads":true,"_surecart_dashboard_navigation_billing":true,"_surecart_dashboard_navigation_account":true,"_uag_custom_page_level_css":"","site-sidebar-layout":"default","site-content-layout":"default","ast-site-content-layout":"default","site-content-style":"default","site-sidebar-style":"default","ast-global-header-display":"","ast-banner-title-visibility":"","ast-main-header-display":"","ast-hfb-above-header-display":"","ast-hfb-below-header-display":"","ast-hfb-mobile-header-display":"","site-post-title":"","ast-breadcrumbs-content":"","ast-featured-img":"","footer-sml-layout":"","ast-disable-related-posts":"","theme-transparent-header-meta":"default","adv-header-id-meta":"","stick-header-meta":"default","header-above-stick-meta":"","header-main-stick-meta":"","header-below-stick-meta":"","astra-migrate-meta-layouts":"set","ast-page-background-enabled":"default","ast-page-background-meta":{"desktop":{"background-color":"","background-image":"","background-repeat":"repeat","background-position":"center center","background-size":"auto","background-attachment":"scroll","background-type":"","background-media":"","overlay-type":"","overlay-color":"","overlay-opacity":"","overlay-gradient":""},"tablet":{"background-color":"","background-image":"","background-repeat":"repeat","background-position":"center center","background-size":"auto","background-attachment":"scroll","background-type":"","background-media":"","overlay-type":"","overlay-color":"","overlay-opacity":"","overlay-gradient":""},"mobile":{"background-color":"","background-image":"","background-repeat":"repeat","background-position":"center center","background-size":"auto","background-attachment":"scroll","background-type":"","background-media":"","overlay-type":"","overlay-color":"","overlay-opacity":"","overlay-gradient":""}},"ast-content-background-meta":{"desktop":{"background-color":"var(--ast-global-color-5)","background-image":"","background-repeat":"repeat","background-position":"center center","background-size":"auto","background-attachment":"scroll","background-type":"","background-media":"","overlay-type":"","overlay-color":"","overlay-opacity":"","overlay-gradient":""},"tablet":{"background-color":"var(--ast-global-color-5)","background-image":"","background-repeat":"repeat","background-position":"center center","background-size":"auto","background-attachment":"scroll","background-type":"","background-media":"","overlay-type":"","overlay-color":"","overlay-opacity":"","overlay-gradient":""},"mobile":{"background-color":"var(--ast-global-color-5)","background-image":"","background-repeat":"repeat","background-position":"center center","background-size":"auto","background-attachment":"scroll","background-type":"","background-media":"","overlay-type":"","overlay-color":"","overlay-opacity":"","overlay-gradient":""}},"iawp_total_views":154},"product_brand":[],"product_cat":[67,33],"product_tag":[198,199],"class_list":{"0":"post-3258","1":"product","2":"type-product","3":"status-publish","4":"has-post-thumbnail","6":"product_cat-camarote-lounge-carioca-all-inclusive","7":"product_cat-vip-camarotes-lounges-rio-carnival-tickets","8":"product_tag-rio-carnival-ticket","9":"product_tag-ticket-for-rio-carnival","10":"desktop-align-left","11":"tablet-align-left","12":"mobile-align-left","13":"ast-product-gallery-layout-horizontal-slider","15":"first","16":"instock","17":"featured","18":"taxable","19":"purchasable","20":"product-type-simple"},"uagb_featured_image_src":{"full":["https:\/\/store.ticketrio.com.br\/wp-content\/uploads\/2024\/06\/lounge-cariooca-vip-ticket.jpg",1360,907,false],"thumbnail":["https:\/\/store.ticketrio.com.br\/wp-content\/uploads\/2024\/06\/lounge-cariooca-vip-ticket-150x150.jpg",150,150,true],"medium":["https:\/\/store.ticketrio.com.br\/wp-content\/uploads\/2024\/06\/lounge-cariooca-vip-ticket-300x200.jpg",300,200,true],"medium_large":["https:\/\/store.ticketrio.com.br\/wp-content\/uploads\/2024\/06\/lounge-cariooca-vip-ticket-768x512.jpg",768,512,true],"large":["https:\/\/store.ticketrio.com.br\/wp-content\/uploads\/2024\/06\/lounge-cariooca-vip-ticket-1024x683.jpg",1024,683,true],"1536x1536":["https:\/\/store.ticketrio.com.br\/wp-content\/uploads\/2024\/06\/lounge-cariooca-vip-ticket.jpg",1360,907,false],"2048x2048":["https:\/\/store.ticketrio.com.br\/wp-content\/uploads\/2024\/06\/lounge-cariooca-vip-ticket.jpg",1360,907,false],"trp-custom-language-flag":["https:\/\/store.ticketrio.com.br\/wp-content\/uploads\/2024\/06\/lounge-cariooca-vip-ticket.jpg",18,12,false],"woocommerce_thumbnail":["https:\/\/store.ticketrio.com.br\/wp-content\/uploads\/2024\/06\/lounge-cariooca-vip-ticket-300x300.jpg",300,300,true],"woocommerce_single":["https:\/\/store.ticketrio.com.br\/wp-content\/uploads\/2024\/06\/lounge-cariooca-vip-ticket-600x400.jpg",600,400,true],"woocommerce_gallery_thumbnail":["https:\/\/store.ticketrio.com.br\/wp-content\/uploads\/2024\/06\/lounge-cariooca-vip-ticket-100x100.jpg",100,100,true]},"uagb_author_info":{"display_name":"Duda","author_link":"https:\/\/store.ticketrio.com.br\/fr\/author\/"},"uagb_comment_info":0,"uagb_excerpt":"Camarote Lounge has one of the best locations in Sapuca\u00ed, Sector 07, in the middle of the avenue. We also have 30 meters of frontage, a cool lounge integrated into the cabin, two floors in three comfortable spaces. All this with an All Inclusive Premium service of Open Bar, Buffet, Massage, Beauty Space, Shows and\u2026","jetpack_sharing_enabled":true,"_links":{"self":[{"href":"https:\/\/store.ticketrio.com.br\/fr\/wp-json\/wp\/v2\/product\/3258","targetHints":{"allow":["GET"]}}],"collection":[{"href":"https:\/\/store.ticketrio.com.br\/fr\/wp-json\/wp\/v2\/product"}],"about":[{"href":"https:\/\/store.ticketrio.com.br\/fr\/wp-json\/wp\/v2\/types\/product"}],"replies":[{"embeddable":true,"href":"https:\/\/store.ticketrio.com.br\/fr\/wp-json\/wp\/v2\/comments?post=3258"}],"wp:featuredmedia":[{"embeddable":true,"href":"https:\/\/store.ticketrio.com.br\/fr\/wp-json\/wp\/v2\/media\/3309"}],"wp:attachment":[{"href":"https:\/\/store.ticketrio.com.br\/fr\/wp-json\/wp\/v2\/media?parent=3258"}],"wp:term":[{"taxonomy":"product_brand","embeddable":true,"href":"https:\/\/store.ticketrio.com.br\/fr\/wp-json\/wp\/v2\/product_brand?post=3258"},{"taxonomy":"product_cat","embeddable":true,"href":"https:\/\/store.ticketrio.com.br\/fr\/wp-json\/wp\/v2\/product_cat?post=3258"},{"taxonomy":"product_tag","embeddable":true,"href":"https:\/\/store.ticketrio.com.br\/fr\/wp-json\/wp\/v2\/product_tag?post=3258"}],"curies":[{"name":"wp","href":"https:\/\/api.w.org\/{rel}","templated":true}]}}