{"id":3308,"date":"2024-06-10T00:29:43","date_gmt":"2024-06-10T00:29:43","guid":{"rendered":"https:\/\/store.ticketrio.com.br\/?post_type=product&#038;p=3308"},"modified":"2026-03-31T18:42:48","modified_gmt":"2026-03-31T18:42:48","slug":"transfer-sambadrome-odd-side-rio-de-janeiro-carnival-tickets","status":"publish","type":"product","link":"https:\/\/store.ticketrio.com.br\/fr\/product\/transfer-sambadrome-odd-side-rio-de-janeiro-carnival-tickets\/","title":{"rendered":"Transfert aller-retour au Sambodrome depuis les h\u00f4tels et les points d'embarquement \u2013 C\u00f4t\u00e9\u200b\u200bIMPAIR"},"content":{"rendered":"<p><strong>\u00a0Carnival TRANSPORTATION Sambadrome ODD SECTOR 03\/ 05\/ 07\/ 09\/ 11\/ 13 \u2013<br \/>\nFOR ANY PARADE DAY CARNAVAL 2027<\/strong><\/p>\n<p>Transport to Rio Sambadrome Stadium are made in vans, micro-buses or bus.<br \/>\nPick-ups locations from many hotels in Copacabana, Ipanema, Flamengo, Barra da Tijuca and Downtown area to Carnival in Sambadrome.<\/p>\n<p><strong>After the purchase you will need to choose the time and embark location by e-mail.<\/strong><\/p>\n<p>D\u00e9part\u00a0: Trois horaires sont disponibles. Points de rendez-vous (devant plusieurs h\u00f4tels). Si ce n'est pas votre h\u00f4tel, choisissez le plus proche.<\/p>\n<p>Return: After the 2nd Samba School break there are many vans leaving all the time.<\/p>\n<p><strong>Package includes:<\/strong> Sambadrome Transportatin In\/Out Credential + Guide + Security<\/p>\n<p>Prix \u200b\u200bpar personne\/jour.<\/p>","protected":false},"excerpt":{"rendered":"<p><strong>TRANSPORTS Sambodrome Carnaval SECTEURS IMPAIRS 03\/ 05\/ 07\/ 09\/ 11\/ 13 \u2013<br \/>\nFOR ANY PARADE DAY CARNAVAL 2027<\/strong><\/p>\n<p>Les transports vers le stade Sambadrome de Rio se font en vans, micro-bus ou bus.<br \/>\nEmbarquez depuis de nombreux h\u00f4tels de Copacabana, Ipanema, Flamengo, Barra da Tijuca et du centre-ville pour le Carnaval au Sambadrome.<\/p>\n<p><strong>Apr\u00e8s l'achat, vous devrez choisir l'heure et le lieu d'embarquement par e-mail.<\/strong><\/p>\n<p>D\u00e9part\u00a0: Trois horaires sont disponibles. Points de rendez-vous (devant plusieurs h\u00f4tels). Si ce n'est pas votre h\u00f4tel, choisissez le plus proche.<\/p>\n<p>Retour : \u00c0 tout moment apr\u00e8s la 2\u00e8me pause de l'\u00e9cole de samba, de nombreuses camionnettes partent tout le temps vers le point de rendez-vous.<\/p>\n<p>&nbsp;<\/p>\n<p>Le forfait comprend : Transfert Sambadrome aller\/retour Accr\u00e9ditation + Guide + S\u00e9curit\u00e9<\/p>\n<p>Prix \u200b\u200bpar personne\/jour.<\/p>","protected":false},"featured_media":3291,"comment_status":"open","ping_status":"closed","template":"","meta":{"_seopress_robots_primary_cat":"","_seopress_titles_title":"","_seopress_titles_desc":"","_seopress_robots_index":"","_surecart_dashboard_logo_width":"180px","_surecart_dashboard_show_logo":true,"_surecart_dashboard_navigation_orders":true,"_surecart_dashboard_navigation_invoices":true,"_surecart_dashboard_navigation_subscriptions":true,"_surecart_dashboard_navigation_downloads":true,"_surecart_dashboard_navigation_billing":true,"_surecart_dashboard_navigation_account":true,"_uag_custom_page_level_css":"","site-sidebar-layout":"default","site-content-layout":"default","ast-site-content-layout":"default","site-content-style":"default","site-sidebar-style":"default","ast-global-header-display":"","ast-banner-title-visibility":"","ast-main-header-display":"","ast-hfb-above-header-display":"","ast-hfb-below-header-display":"","ast-hfb-mobile-header-display":"","site-post-title":"","ast-breadcrumbs-content":"","ast-featured-img":"","footer-sml-layout":"","ast-disable-related-posts":"","theme-transparent-header-meta":"default","adv-header-id-meta":"","stick-header-meta":"default","header-above-stick-meta":"","header-main-stick-meta":"","header-below-stick-meta":"","astra-migrate-meta-layouts":"set","ast-page-background-enabled":"default","ast-page-background-meta":{"desktop":{"background-color":"","background-image":"","background-repeat":"repeat","background-position":"center center","background-size":"auto","background-attachment":"scroll","background-type":"","background-media":"","overlay-type":"","overlay-color":"","overlay-opacity":"","overlay-gradient":""},"tablet":{"background-color":"","background-image":"","background-repeat":"repeat","background-position":"center center","background-size":"auto","background-attachment":"scroll","background-type":"","background-media":"","overlay-type":"","overlay-color":"","overlay-opacity":"","overlay-gradient":""},"mobile":{"background-color":"","background-image":"","background-repeat":"repeat","background-position":"center center","background-size":"auto","background-attachment":"scroll","background-type":"","background-media":"","overlay-type":"","overlay-color":"","overlay-opacity":"","overlay-gradient":""}},"ast-content-background-meta":{"desktop":{"background-color":"var(--ast-global-color-5)","background-image":"","background-repeat":"repeat","background-position":"center center","background-size":"auto","background-attachment":"scroll","background-type":"","background-media":"","overlay-type":"","overlay-color":"","overlay-opacity":"","overlay-gradient":""},"tablet":{"background-color":"var(--ast-global-color-5)","background-image":"","background-repeat":"repeat","background-position":"center center","background-size":"auto","background-attachment":"scroll","background-type":"","background-media":"","overlay-type":"","overlay-color":"","overlay-opacity":"","overlay-gradient":""},"mobile":{"background-color":"var(--ast-global-color-5)","background-image":"","background-repeat":"repeat","background-position":"center center","background-size":"auto","background-attachment":"scroll","background-type":"","background-media":"","overlay-type":"","overlay-color":"","overlay-opacity":"","overlay-gradient":""}},"iawp_total_views":187},"product_brand":[],"product_cat":[44],"product_tag":[],"class_list":{"0":"post-3308","1":"product","2":"type-product","3":"status-publish","4":"has-post-thumbnail","6":"product_cat-transfer-rio-carnival","7":"desktop-align-left","8":"tablet-align-left","9":"mobile-align-left","10":"ast-product-gallery-layout-horizontal-slider","12":"first","13":"instock","14":"featured","15":"taxable","16":"purchasable","17":"product-type-simple"},"uagb_featured_image_src":{"full":["https:\/\/store.ticketrio.com.br\/wp-content\/uploads\/2024\/06\/Nakamura_Grupo_Acesso_10-410-1-768x513-1.jpg",768,513,false],"thumbnail":["https:\/\/store.ticketrio.com.br\/wp-content\/uploads\/2024\/06\/Nakamura_Grupo_Acesso_10-410-1-768x513-1-150x150.jpg",150,150,true],"medium":["https:\/\/store.ticketrio.com.br\/wp-content\/uploads\/2024\/06\/Nakamura_Grupo_Acesso_10-410-1-768x513-1-300x200.jpg",300,200,true],"medium_large":["https:\/\/store.ticketrio.com.br\/wp-content\/uploads\/2024\/06\/Nakamura_Grupo_Acesso_10-410-1-768x513-1.jpg",768,513,false],"large":["https:\/\/store.ticketrio.com.br\/wp-content\/uploads\/2024\/06\/Nakamura_Grupo_Acesso_10-410-1-768x513-1.jpg",768,513,false],"1536x1536":["https:\/\/store.ticketrio.com.br\/wp-content\/uploads\/2024\/06\/Nakamura_Grupo_Acesso_10-410-1-768x513-1.jpg",768,513,false],"2048x2048":["https:\/\/store.ticketrio.com.br\/wp-content\/uploads\/2024\/06\/Nakamura_Grupo_Acesso_10-410-1-768x513-1.jpg",768,513,false],"trp-custom-language-flag":["https:\/\/store.ticketrio.com.br\/wp-content\/uploads\/2024\/06\/Nakamura_Grupo_Acesso_10-410-1-768x513-1.jpg",18,12,false],"woocommerce_thumbnail":["https:\/\/store.ticketrio.com.br\/wp-content\/uploads\/2024\/06\/Nakamura_Grupo_Acesso_10-410-1-768x513-1-300x300.jpg",300,300,true],"woocommerce_single":["https:\/\/store.ticketrio.com.br\/wp-content\/uploads\/2024\/06\/Nakamura_Grupo_Acesso_10-410-1-768x513-1-600x401.jpg",600,401,true],"woocommerce_gallery_thumbnail":["https:\/\/store.ticketrio.com.br\/wp-content\/uploads\/2024\/06\/Nakamura_Grupo_Acesso_10-410-1-768x513-1-100x100.jpg",100,100,true]},"uagb_author_info":{"display_name":"Duda","author_link":"https:\/\/store.ticketrio.com.br\/fr\/author\/"},"uagb_comment_info":0,"uagb_excerpt":"TRANFER Carnival Sambadrome SECTORS ODD 03\/ 05\/ 07\/ 09\/ 11\/ 13 - FOR ANY PARADE DAY CARNAVAL 2027 Transport to Rio Sambadrome Stadium are made in vans, micro-buses ou bus. Embark locations from many hotels in Copacabana, Ipanema, Flamengo, Barra da Tijuca and Downtown area to Carnival in Sambadrome. After the purchase you will need\u2026","jetpack_sharing_enabled":true,"_links":{"self":[{"href":"https:\/\/store.ticketrio.com.br\/fr\/wp-json\/wp\/v2\/product\/3308","targetHints":{"allow":["GET"]}}],"collection":[{"href":"https:\/\/store.ticketrio.com.br\/fr\/wp-json\/wp\/v2\/product"}],"about":[{"href":"https:\/\/store.ticketrio.com.br\/fr\/wp-json\/wp\/v2\/types\/product"}],"replies":[{"embeddable":true,"href":"https:\/\/store.ticketrio.com.br\/fr\/wp-json\/wp\/v2\/comments?post=3308"}],"wp:featuredmedia":[{"embeddable":true,"href":"https:\/\/store.ticketrio.com.br\/fr\/wp-json\/wp\/v2\/media\/3291"}],"wp:attachment":[{"href":"https:\/\/store.ticketrio.com.br\/fr\/wp-json\/wp\/v2\/media?parent=3308"}],"wp:term":[{"taxonomy":"product_brand","embeddable":true,"href":"https:\/\/store.ticketrio.com.br\/fr\/wp-json\/wp\/v2\/product_brand?post=3308"},{"taxonomy":"product_cat","embeddable":true,"href":"https:\/\/store.ticketrio.com.br\/fr\/wp-json\/wp\/v2\/product_cat?post=3308"},{"taxonomy":"product_tag","embeddable":true,"href":"https:\/\/store.ticketrio.com.br\/fr\/wp-json\/wp\/v2\/product_tag?post=3308"}],"curies":[{"name":"wp","href":"https:\/\/api.w.org\/{rel}","templated":true}]}}