{"id":3311,"date":"2024-06-10T02:27:32","date_gmt":"2024-06-10T02:27:32","guid":{"rendered":"https:\/\/store.ticketrio.com.br\/?page_id=3311"},"modified":"2026-04-06T18:44:37","modified_gmt":"2026-04-06T18:44:37","slug":"digital-tickets-rio-sambadrome-carnival-tickets","status":"publish","type":"page","link":"https:\/\/store.ticketrio.com.br\/it\/digital-tickets-rio-sambadrome-carnival-tickets\/","title":{"rendered":"Rio Carnival Sambadrome Tickets \/ Digital Tickets &#8211; Grandstands Tickets and Front Box"},"content":{"rendered":"<h1 class=\"wp-block-heading has-ast-global-color-0-color has-text-color has-link-color has-medium-font-size wp-elements-ea8c107ac4959078c50c6faaa976052f\">COME RICEVERE I BIGLIETTI DIGITALI ACQUISTANDO PRESSO TICKET RIO<\/h1>\n\n\n\n<hr class=\"wp-block-separator has-alpha-channel-opacity\"\/>\n\n\n\n<h1 class=\"wp-block-heading has-medium-font-size\"><strong>\u00a0Now your Grandstands Tickets and Front Box (Frisas) for every Sambadrome Sector is Digital tickets (QR code). <\/strong><br><br>The digital tickets will be available 15 days before Carnival. <br><br>Dopo l'acquisto, riceverai prima il nostro voucher via e-mail (che \u00e8 la conferma dell'acquisto) e poi ti contatteremo telefonicamente (Whatsapp) e via e-mail a <strong>ISTRUZIONI su come effettuare il trasferimento del biglietto sulla tua APP QUENTRO<\/strong>.<br><br>&#8211;>Camarote VIP All Inclusive are still physical tickets and need to be picked up at selected location (Barra or Copacabana).<br><br>Le nostre sedi fisiche saranno disponibili per il ritiro dei Front Box o dei biglietti VIP e per ricevere i REGALI (facoltativo).<br><br>PER LA TRIBUNA \u00c8 SUFFICIENTE RECARSI NEL LUOGO PRESCELTO SE SI DESIDERA RICEVERE I REGALI. <br><\/h1>\n\n\n\n<h1 class=\"wp-block-heading has-medium-font-size\">&nbsp;Come posso accedere ai miei biglietti digitali acquistati con Ticket Rio?<br><\/h1>\n\n\n\n<p class=\"has-vivid-red-color has-text-color has-link-color has-medium-font-size wp-elements-89265a9f9fc678574d1fda97e447c87d\"><strong>\u2013 Scarica l'app QUENTRO sul tuo telefono.<\/strong><\/p>\n\n\n\n<figure class=\"wp-block-image size-medium\"><a href=\"https:\/\/apps.apple.com\/br\/app\/quentro\/id1446088511\"><img loading=\"lazy\" decoding=\"async\" width=\"300\" height=\"101\" src=\"https:\/\/store.ticketrio.com.br\/wp-content\/uploads\/2024\/06\/SlKyg18510-300x101.png\" alt=\"\" class=\"wp-image-3312\" srcset=\"https:\/\/store.ticketrio.com.br\/wp-content\/uploads\/2024\/06\/SlKyg18510-300x101.png 300w, https:\/\/store.ticketrio.com.br\/wp-content\/uploads\/2024\/06\/SlKyg18510.png 388w\" sizes=\"auto, (max-width: 300px) 100vw, 300px\" \/><\/a><\/figure>\n\n\n\n<figure class=\"wp-block-image size-medium\"><a href=\"https:\/\/play.google.com\/store\/apps\/details?id=com.getcrowder.quentro&amp;hl=pt_BR&amp;gl=US\"><img loading=\"lazy\" decoding=\"async\" width=\"300\" height=\"89\" src=\"https:\/\/store.ticketrio.com.br\/wp-content\/uploads\/2024\/06\/Rglio18210-300x89.png\" alt=\"\" class=\"wp-image-3313\" srcset=\"https:\/\/store.ticketrio.com.br\/wp-content\/uploads\/2024\/06\/Rglio18210-300x89.png 300w, https:\/\/store.ticketrio.com.br\/wp-content\/uploads\/2024\/06\/Rglio18210.png 412w\" sizes=\"auto, (max-width: 300px) 100vw, 300px\" \/><\/a><\/figure>\n\n\n\n<p class=\"has-vivid-red-color has-text-color has-link-color has-medium-font-size wp-elements-e5c7b78413529434502da26b79209bd3\">&#8211; CREATE A QUENTRO ACCOUNT IN THE APP.<br><br> Our offical whatsapp is bellow for any doubt. <br><a href=\"https:\/\/api.whatsapp.com\/send?phone=+14079784355\">+55 21 98379-5068 (telefono e WhatsApp)<\/a>)<br><br>Trasferiremo i biglietti dal nostro conto Quentro al conto Quentro dell'acquirente. Solo entro gennaio 2026.<\/p>\n\n\n\n<h1 class=\"wp-block-heading has-medium-font-size\"><\/h1>\n\n\n\n<figure class=\"wp-block-image aligncenter size-medium is-resized\"><img loading=\"lazy\" decoding=\"async\" width=\"245\" height=\"300\" src=\"https:\/\/store.ticketrio.com.br\/wp-content\/uploads\/2024\/06\/quantro-qr-code-245x300.png\" alt=\"\" class=\"wp-image-3319\" style=\"width:232px;height:auto\" srcset=\"https:\/\/store.ticketrio.com.br\/wp-content\/uploads\/2024\/06\/quantro-qr-code-245x300.png 245w, https:\/\/store.ticketrio.com.br\/wp-content\/uploads\/2024\/06\/quantro-qr-code.png 450w\" sizes=\"auto, (max-width: 245px) 100vw, 245px\" \/><\/figure>\n\n\n\n<h3 class=\"wp-block-heading\">Resta sintonizzato per i consigli!<\/h3>\n\n\n\n<ul class=\"wp-block-list\">\n<li>Mantieni il tuo telefono carico, scansioneremo il codice QR nell'app Quentro all'ingresso. Assicurati che il tuo cellulare sia carico quando arrivi al luogo dell'evento.<\/li>\n\n\n\n<li>Utilizza il tuo account QUENTRO per accedere all'applicazione, utilizza un'e-mail valida, preferibilmente la stessa utilizzata per acquistare i tuoi biglietti con noi, utilizzando anche gli stessi dati dell'acquirente del biglietto.<\/li>\n\n\n\n<li>Verifica i tuoi dati personali. Evita problemi di identificazione! Controlla i dettagli del tuo account e del biglietto prima dell'ingresso per assicurarti che tutto funzioni senza intoppi.<\/li>\n\n\n\n<li>Acquista i biglietti per il Sambodromo di Rio in anticipo. Non aspettare per acquistare i tuoi biglietti all'ultimo minuto, cos\u00ec sar\u00e0 gi\u00e0 tutto organizzato quando entri.<\/li>\n<\/ul>\n\n\n\n<h2 class=\"wp-block-heading\"><strong>ATTENZIONE ALLE REGOLE:<\/strong><\/h2>\n\n\n\n<ol class=\"wp-block-list\">\n<li><strong>I BIGLIETTI DIGITALI, una volta consegnati e confermati dal cliente, non potranno pi\u00f9 essere annullati.<\/strong><\/li>\n\n\n\n<li><strong>I BIGLIETTI DIGITALI non sono trasferibili.<\/strong><\/li>\n\n\n\n<li><strong>BIGLIETTI FISICI O DIGITALI, una volta consegnati, la responsabilit\u00e0 ricadr\u00e0 sul CLIENTE\/DESTINATARIO.<\/strong><\/li>\n\n\n\n<li><strong>IN CASO DI SMARRIMENTO, FURTO O FURTO DEI BIGLIETTI FISICI O DEL DISPOSITIVO SU CUI \u00c8 STATO ACCETTATO IL BIGLIETTO DIGITALE, la responsabilit\u00e0 \u00e8 del CLIENTE e non pu\u00f2 essere sostituita o annullata dalla nostra azienda.<\/strong><\/li>\n<\/ol>\n\n\n\n<p class=\"has-vivid-red-color has-text-color has-link-color wp-elements-9263e2f701ca051b84f184d368ccae9c\">LA POSTAZIONE FISICA \u00c8 ANCORA DISPONIBILE NEL CASO IN CUI NON VOGLIATE EFFETTUARE IL PROCESSO DI EMISSIONE DEL BIGLIETTO DIGITALE DA SOLI. Il nostro team a Barra e a Vila Mar Copacabana sar\u00e0 a vostra disposizione nella settimana di carnevale per aiutarvi con il biglietto digitale.<\/p>\n\n\n\n<p><strong>FRISA E CAMAROTE&nbsp;<\/strong>I BIGLIETTI SONO ANCORA FISICI E DEVONO ESSERE RITIRATI PRESSO IL LUOGO SELEZIONATO.<\/p>\n\n\n\n<p class=\"has-large-font-size\">GODETEVI IL CARNEVALE DI RIO AL SAMBADROME! <br><br>DIVERTIRSI!<br><\/p>\n\n\n\n<p><\/p>","protected":false},"excerpt":{"rendered":"<p>HOW TO RECEIVE DIGITAL TICKETS PURCHASE AT TICKET RIO \u00a0Now your Grandstands Tickets and Front Box (Frisas) for every Sambadrome Sector is Digital tickets (QR code). The digital tickets will be available 15 days before Carnival. After purchase, first you receive our Voucher by email (which is your purchase confirmation) and then We will contact [&hellip;]<\/p>\n","protected":false},"author":1,"featured_media":0,"parent":0,"menu_order":0,"comment_status":"closed","ping_status":"closed","template":"","meta":{"_seopress_robots_primary_cat":"","_seopress_titles_title":"","_seopress_titles_desc":"","_seopress_robots_index":"","_surecart_dashboard_logo_width":"180px","_surecart_dashboard_show_logo":true,"_surecart_dashboard_navigation_orders":true,"_surecart_dashboard_navigation_invoices":true,"_surecart_dashboard_navigation_subscriptions":true,"_surecart_dashboard_navigation_downloads":true,"_surecart_dashboard_navigation_billing":true,"_surecart_dashboard_navigation_account":true,"_uag_custom_page_level_css":"","site-sidebar-layout":"no-sidebar","site-content-layout":"","ast-site-content-layout":"default","site-content-style":"default","site-sidebar-style":"default","ast-global-header-display":"","ast-banner-title-visibility":"","ast-main-header-display":"","ast-hfb-above-header-display":"","ast-hfb-below-header-display":"","ast-hfb-mobile-header-display":"","site-post-title":"","ast-breadcrumbs-content":"","ast-featured-img":"","footer-sml-layout":"","ast-disable-related-posts":"","theme-transparent-header-meta":"","adv-header-id-meta":"","stick-header-meta":"","header-above-stick-meta":"","header-main-stick-meta":"","header-below-stick-meta":"","astra-migrate-meta-layouts":"set","ast-page-background-enabled":"default","ast-page-background-meta":{"desktop":{"background-color":"","background-image":"","background-repeat":"repeat","background-position":"center center","background-size":"auto","background-attachment":"scroll","background-type":"","background-media":"","overlay-type":"","overlay-color":"","overlay-opacity":"","overlay-gradient":""},"tablet":{"background-color":"","background-image":"","background-repeat":"repeat","background-position":"center center","background-size":"auto","background-attachment":"scroll","background-type":"","background-media":"","overlay-type":"","overlay-color":"","overlay-opacity":"","overlay-gradient":""},"mobile":{"background-color":"","background-image":"","background-repeat":"repeat","background-position":"center center","background-size":"auto","background-attachment":"scroll","background-type":"","background-media":"","overlay-type":"","overlay-color":"","overlay-opacity":"","overlay-gradient":""}},"ast-content-background-meta":{"desktop":{"background-color":"var(--ast-global-color-5)","background-image":"","background-repeat":"repeat","background-position":"center center","background-size":"auto","background-attachment":"scroll","background-type":"","background-media":"","overlay-type":"","overlay-color":"","overlay-opacity":"","overlay-gradient":""},"tablet":{"background-color":"var(--ast-global-color-5)","background-image":"","background-repeat":"repeat","background-position":"center center","background-size":"auto","background-attachment":"scroll","background-type":"","background-media":"","overlay-type":"","overlay-color":"","overlay-opacity":"","overlay-gradient":""},"mobile":{"background-color":"var(--ast-global-color-5)","background-image":"","background-repeat":"repeat","background-position":"center center","background-size":"auto","background-attachment":"scroll","background-type":"","background-media":"","overlay-type":"","overlay-color":"","overlay-opacity":"","overlay-gradient":""}},"iawp_total_views":2050,"footnotes":""},"class_list":["post-3311","page","type-page","status-publish","hentry"],"uagb_featured_image_src":{"full":false,"thumbnail":false,"medium":false,"medium_large":false,"large":false,"1536x1536":false,"2048x2048":false,"trp-custom-language-flag":false,"woocommerce_thumbnail":false,"woocommerce_single":false,"woocommerce_gallery_thumbnail":false},"uagb_author_info":{"display_name":"Duda","author_link":"https:\/\/store.ticketrio.com.br\/it\/author\/duda\/"},"uagb_comment_info":0,"uagb_excerpt":"HOW TO RECEIVE DIGITAL TICKETS PURCHASE AT TICKET RIO \u00a0Now your Grandstands Tickets and Front Box (Frisas) for every Sambadrome Sector is Digital tickets (QR code). The digital tickets will be available 15 days before Carnival. After purchase, first you receive our Voucher by email (which is your purchase confirmation) and then We will contact&hellip;","jetpack_sharing_enabled":true,"_links":{"self":[{"href":"https:\/\/store.ticketrio.com.br\/it\/wp-json\/wp\/v2\/pages\/3311","targetHints":{"allow":["GET"]}}],"collection":[{"href":"https:\/\/store.ticketrio.com.br\/it\/wp-json\/wp\/v2\/pages"}],"about":[{"href":"https:\/\/store.ticketrio.com.br\/it\/wp-json\/wp\/v2\/types\/page"}],"author":[{"embeddable":true,"href":"https:\/\/store.ticketrio.com.br\/it\/wp-json\/wp\/v2\/users\/1"}],"replies":[{"embeddable":true,"href":"https:\/\/store.ticketrio.com.br\/it\/wp-json\/wp\/v2\/comments?post=3311"}],"version-history":[{"count":24,"href":"https:\/\/store.ticketrio.com.br\/it\/wp-json\/wp\/v2\/pages\/3311\/revisions"}],"predecessor-version":[{"id":4597,"href":"https:\/\/store.ticketrio.com.br\/it\/wp-json\/wp\/v2\/pages\/3311\/revisions\/4597"}],"wp:attachment":[{"href":"https:\/\/store.ticketrio.com.br\/it\/wp-json\/wp\/v2\/media?parent=3311"}],"curies":[{"name":"wp","href":"https:\/\/api.w.org\/{rel}","templated":true}]}}