{"id":3845,"date":"2025-05-23T16:21:05","date_gmt":"2025-05-23T16:21:05","guid":{"rendered":"https:\/\/store.ticketrio.com.br\/?page_id=3845"},"modified":"2025-05-27T18:00:42","modified_gmt":"2025-05-27T18:00:42","slug":"general-info-sambadrome","status":"publish","type":"page","link":"https:\/\/store.ticketrio.com.br\/it\/general-info-sambadrome\/","title":{"rendered":"Info Sambodromo"},"content":{"rendered":"<h3 class=\"wp-block-heading\"><strong>INFORMAZIONI GENERALI SUL SAMBODROME RIO DE JANEIRO<\/strong><\/h3>\n\n\n\n<p>Il Sambodromo \u00e8 diviso in 13 settori. Il prezzo del biglietto per ogni settore dipende dalla posizione e dalla vista sul viale. I settori dispari si trovano su un lato e quelli pari sull'altro. I numeri aumentano verso la fine del viale. Il lato dispari non \u00e8 collegato al lato pari.<\/p>\n\n\n\n<p>Tutti i settori sono composti da tribune, frisas e palchi VIP. Le frisas si trovano di fronte alle tribune, con la fila A, la pi\u00f9 vicina alla pista di parata del Sambodromo. I palchi VIP si trovano in vari settori. I turisti stranieri possono acquistare i biglietti per qualsiasi settore del Sambodromo.<\/p>\n\n\n\n<p><strong>Come arrivare al Sambodromo<\/strong><br><br><strong>UBER <\/strong>\u2013 Uber non \u00e8 autorizzato ad accedere all\u2019area circostante il Sambodromo, poich\u00e9 l\u2019accesso \u00e8 consentito solo ai veicoli autorizzati.<br><strong>We do not recommend taking UBER as it will leave you far from the main entrances to the Sambadrome.<\/strong><\/p>\n\n\n\n<p><strong>Metropolitano<\/strong><br>Metr\u00f4Rio \u00e8 attivo 24 ore su 24 per tutto il Carnevale di Rio. Metr\u00f4Rio ha un orario speciale, continuo e 24 ore su 24, per facilitare gli spostamenti dei partecipanti ai blocchi del Carnevale o alle sfilate alla Passarela do Samba, al Sambodromo. \u00c8 veloce, ma affollato durante i giorni di Carnevale. In ogni caso, \u00e8 l'opzione migliore per avvicinarsi al Sambodromo in modo rapido, sicuro ed economico. Se preferite la metropolitana, scegliete il lato pari, poich\u00e9 \u00e8 la stazione pi\u00f9 vicina al Sambodromo.<br><br><strong>Stazione della metropolitana LATO PARI<\/strong> \u2013 Pra\u00e7a Onze<br><strong>Stazione della metropolitana LATO DISPARI<\/strong> \u2013 Central do Brasil<br><br><strong>Taxi Cab<\/strong> \u2013 Non utilizzare i taxi di strada, poich\u00e9 devono essere compagnie accreditate. I taxi accreditati hanno tariffe fisse e richiedono al cliente di chiamare in anticipo per prenotare la corsa. Le compagnie accreditate per fornire servizi taxi per raggiungere l'ingresso del Sambodromo sono:<br> &#8211; <strong>Lato pari: Coopatur <\/strong>\u2013 Tel: 55 (21) 2573-1009 \/ 3885-1000<br>&nbsp;&#8211; <strong>Lato dispari: Coopertramo<\/strong> \u2013 Tel: 55 (21) 2560-2022 \/ 2560-1474<\/p>\n\n\n\n<p><strong>Trasporto privato \u2013<\/strong> Per garantire che il vostro arrivo al Sambodromo sia il pi\u00f9 agevole e sicuro possibile, offriamo un servizio di trasferimento per il Sambodromo. Consultate i nostri prezzi qui. <a href=\"https:\/\/store.ticketrio.com.br\/it\/carnevale-rio-de-janeiro-biglietto\/transfer-rio-carnival\/\">https:\/\/store.ticketrio.com.br\/product-category\/transfer-rio-carnival\/<\/a><\/p>\n\n\n\n<p><strong>Quando arrivare<\/strong><br>Le porte aprono alle 18:00. Chi non ha biglietti per i posti numerati di solito arriva un po' prima per assicurarsi i posti migliori. L'orario di inizio delle sfilate dipende dal giorno della sfilata; consultare il programma.<\/p>\n\n\n\n<p><strong>Strutture<\/strong>\/ <strong>Corte del cibo<\/strong><br>Ci sono bar con cibo e bevande e bagni in ogni settore del Sambodromo. Inoltre, tutti hanno accesso all'area aperta, uno spazio che si trova dietro le tribune del Sambodromo, dove si trovano ristoranti, gelaterie, negozi di souvenir e altri bagni.<\/p>\n\n\n\n<p><strong>Sicurezza<\/strong> <strong>al Sambodromo<\/strong><br>Nei giorni delle parate, il Sambodromo \u00e8 considerato il luogo pi\u00f9 sicuro del Sud America. Tra la folla si concentra un'altissima concentrazione di celebrit\u00e0 internazionali, politici e membri di famiglie reali. Il Sambodromo \u00e8 circondato da enormi recinzioni attraverso le quali nessuno pu\u00f2 passare senza essere perquisito, per motivi commerciali e di sicurezza.<\/p>\n\n\n\n<p><strong>Cosa portare<\/strong><br>Preparatevi al fatto che al Sambodromo saranno disponibili solo snack veloci, come pizza e cheeseburger. Potete anche portare contenitori di plastica con bevande e alcuni alimenti, come panini e frutta. Polistirolo, bottiglie, vetro e fuochi d'artificio sono vietati. Le bevande alcoliche sono normalmente vendute all'interno del Sambodromo ai maggiori di 18 anni.<\/p>\n\n\n\n<p><strong>Children<mark style=\"background-color:rgba(0, 0, 0, 0);color:#cf2e2e\" class=\"has-inline-color\"> under 5 year<\/mark>s of age are not allowed to enter the Sambadrome, even if accompanied by their guardians.<\/strong><br><\/p>\n\n\n\n<figure class=\"wp-block-image\"><img decoding=\"async\" src=\"https:\/\/www.ticketrio.com.br\/site\/wp-content\/uploads\/2015\/05\/2012_LIESA_MAPA-SAMBODROMO_Normal.jpg\" alt=\"\"\/><\/figure>\n\n\n\n<ul class=\"wp-block-list\">\n<li><\/li>\n<\/ul>","protected":false},"excerpt":{"rendered":"<p>GENERAL INFORMATION ABOUT SAMBODROME RIO DE JANEIRO Sambadrome is divided into 13 sectors. The ticket price for each sector depends on the position and view of the Avenue. The odd-numbered sectors are on one side and the even-numbered sectors are on the other. The numbers increase towards the end of the Avenue. The odd-numbered side [&hellip;]<\/p>\n","protected":false},"author":1,"featured_media":0,"parent":0,"menu_order":0,"comment_status":"closed","ping_status":"closed","template":"","meta":{"_seopress_robots_primary_cat":"","_seopress_titles_title":"","_seopress_titles_desc":"","_seopress_robots_index":"","_surecart_dashboard_logo_width":"180px","_surecart_dashboard_show_logo":true,"_surecart_dashboard_navigation_orders":true,"_surecart_dashboard_navigation_invoices":true,"_surecart_dashboard_navigation_subscriptions":true,"_surecart_dashboard_navigation_downloads":true,"_surecart_dashboard_navigation_billing":true,"_surecart_dashboard_navigation_account":true,"_uag_custom_page_level_css":"","site-sidebar-layout":"no-sidebar","site-content-layout":"","ast-site-content-layout":"normal-width-container","site-content-style":"default","site-sidebar-style":"default","ast-global-header-display":"","ast-banner-title-visibility":"","ast-main-header-display":"","ast-hfb-above-header-display":"","ast-hfb-below-header-display":"","ast-hfb-mobile-header-display":"","site-post-title":"","ast-breadcrumbs-content":"","ast-featured-img":"","footer-sml-layout":"","ast-disable-related-posts":"","theme-transparent-header-meta":"","adv-header-id-meta":"","stick-header-meta":"","header-above-stick-meta":"","header-main-stick-meta":"","header-below-stick-meta":"","astra-migrate-meta-layouts":"set","ast-page-background-enabled":"default","ast-page-background-meta":{"desktop":{"background-color":"","background-image":"","background-repeat":"repeat","background-position":"center center","background-size":"auto","background-attachment":"scroll","background-type":"","background-media":"","overlay-type":"","overlay-color":"","overlay-gradient":""},"tablet":{"background-color":"","background-image":"","background-repeat":"repeat","background-position":"center center","background-size":"auto","background-attachment":"scroll","background-type":"","background-media":"","overlay-type":"","overlay-color":"","overlay-gradient":""},"mobile":{"background-color":"","background-image":"","background-repeat":"repeat","background-position":"center center","background-size":"auto","background-attachment":"scroll","background-type":"","background-media":"","overlay-type":"","overlay-color":"","overlay-gradient":""}},"ast-content-background-meta":{"desktop":{"background-color":"var(--ast-global-color-5)","background-image":"","background-repeat":"repeat","background-position":"center center","background-size":"auto","background-attachment":"scroll","background-type":"","background-media":"","overlay-type":"","overlay-color":"","overlay-gradient":""},"tablet":{"background-color":"var(--ast-global-color-5)","background-image":"","background-repeat":"repeat","background-position":"center center","background-size":"auto","background-attachment":"scroll","background-type":"","background-media":"","overlay-type":"","overlay-color":"","overlay-gradient":""},"mobile":{"background-color":"var(--ast-global-color-5)","background-image":"","background-repeat":"repeat","background-position":"center center","background-size":"auto","background-attachment":"scroll","background-type":"","background-media":"","overlay-type":"","overlay-color":"","overlay-gradient":""}},"iawp_total_views":1578,"footnotes":""},"class_list":["post-3845","page","type-page","status-publish","hentry"],"uagb_featured_image_src":{"full":false,"thumbnail":false,"medium":false,"medium_large":false,"large":false,"1536x1536":false,"2048x2048":false,"trp-custom-language-flag":false,"woocommerce_thumbnail":false,"woocommerce_single":false,"woocommerce_gallery_thumbnail":false},"uagb_author_info":{"display_name":"Duda","author_link":"https:\/\/store.ticketrio.com.br\/it\/author\/duda\/"},"uagb_comment_info":0,"uagb_excerpt":"GENERAL INFORMATION ABOUT SAMBODROME RIO DE JANEIRO Sambadrome is divided into 13 sectors. The ticket price for each sector depends on the position and view of the Avenue. The odd-numbered sectors are on one side and the even-numbered sectors are on the other. The numbers increase towards the end of the Avenue. The odd-numbered side&hellip;","jetpack_sharing_enabled":true,"_links":{"self":[{"href":"https:\/\/store.ticketrio.com.br\/it\/wp-json\/wp\/v2\/pages\/3845","targetHints":{"allow":["GET"]}}],"collection":[{"href":"https:\/\/store.ticketrio.com.br\/it\/wp-json\/wp\/v2\/pages"}],"about":[{"href":"https:\/\/store.ticketrio.com.br\/it\/wp-json\/wp\/v2\/types\/page"}],"author":[{"embeddable":true,"href":"https:\/\/store.ticketrio.com.br\/it\/wp-json\/wp\/v2\/users\/1"}],"replies":[{"embeddable":true,"href":"https:\/\/store.ticketrio.com.br\/it\/wp-json\/wp\/v2\/comments?post=3845"}],"version-history":[{"count":27,"href":"https:\/\/store.ticketrio.com.br\/it\/wp-json\/wp\/v2\/pages\/3845\/revisions"}],"predecessor-version":[{"id":3894,"href":"https:\/\/store.ticketrio.com.br\/it\/wp-json\/wp\/v2\/pages\/3845\/revisions\/3894"}],"wp:attachment":[{"href":"https:\/\/store.ticketrio.com.br\/it\/wp-json\/wp\/v2\/media?parent=3845"}],"curies":[{"name":"wp","href":"https:\/\/api.w.org\/{rel}","templated":true}]}}