{"id":1218,"date":"2024-05-16T19:02:54","date_gmt":"2024-05-16T19:02:54","guid":{"rendered":"https:\/\/store.ticketrio.com.br\/store\/"},"modified":"2026-04-06T18:47:33","modified_gmt":"2026-04-06T18:47:33","slug":"store-ticket-rio-carnival","status":"publish","type":"page","link":"https:\/\/store.ticketrio.com.br\/pt\/store-ticket-rio-carnival\/","title":{"rendered":"Store Ticket Rio Carnaval"},"content":{"rendered":"<figure class=\"wp-block-image alignleft size-full is-resized\"><img loading=\"lazy\" decoding=\"async\" width=\"250\" height=\"117\" src=\"https:\/\/store.ticketrio.com.br\/wp-content\/uploads\/2025\/08\/a-empresa-ticket-rio-logos-e1755781346568.png\" alt=\"\" class=\"wp-image-4035\" style=\"width:374px\"\/><\/figure>\n\n\n\n<p class=\"has-large-font-size\"><strong><span style=\"text-decoration: underline;\">Selecione os Ingressos de Carnaval que deseja comprar:<\/span><\/strong><\/p>\n\n\n\n<p><strong>Pague com PayPal ou cart\u00e3o de cr\u00e9dito. \u00c9 seguro e f\u00e1cil.<\/strong><\/p>\n\n\n\n<p>Voc\u00ea deve escolher o local para retirar seus ingressos. (MESMO PARA INGRESSOS DIGITAIS)<\/p>\n\n\n\n<p><strong>Loja Barra da Tijuca&nbsp;<\/strong>\u2013 Nossa loja f\u00edsica na Barra funciona o ano inteiro. Endere\u00e7o: Av. das Am\u00e9ricas, Loja 700 112 L \u2013 Barra da Tijuca Hor\u00e1rio: 10h \u00e0s 18h (inclusive dias de carnaval)<\/p>\n\n\n\n<p><strong>Help Desk Copacabana Hotel Vila Mar  \u2013&nbsp;<\/strong>Aberto apenas na Semana do Carnaval. Endere\u00e7o: Hotel VilaMar \u2013 Rua Bol\u00edvar, 75 Copacabana. Hor\u00e1rio: 10h \u00e0s 18h (inclusive dias de carnaval)<\/p>\n\n\n\n<p class=\"has-ast-global-color-0-color has-text-color has-link-color wp-elements-e9a48db2bbe8bc38a9b161f56393bdee\"><strong><br><\/strong><strong>Ap\u00f3s a compra:<\/strong><\/p>\n\n\n\n<p><mark style=\"background-color:rgba(0, 0, 0, 0);color:#ff6900\" class=\"has-inline-color\"><strong>Nosso atendimento ao cliente\u00a0<\/strong>will send the <strong>Ticket Rio<\/strong> <strong>Voucher<\/strong><\/mark><strong> <\/strong>to the register e-mail. <br>This voucher is your purchase confirmation.<br><br><br><strong><mark style=\"background-color:rgba(0, 0, 0, 0);color:#9b51e0\" class=\"has-inline-color\">Grandstand tickets are digital tickets (QR code at Quentro App &#8211; Sambadrome Entrance App).<\/mark><\/strong><mark style=\"background-color:rgba(0, 0, 0, 0);color:#f78da7\" class=\"has-inline-color\"><br><\/mark>15 days before Carnival parades\u00a0we will contact you by\u00a0<strong>Whatsapp +5521 98379-5068<\/strong> to\u00a0proceed with the\u00a0ticket transfering to the customer Quentro app.<br><br>Grandstand are 100% digital and we\u00b4ll be sent through Quentro app by Whatsapp.<br><br><mark style=\"background-color:rgba(0, 0, 0, 0);color:#cf2e2e\" class=\"has-inline-color\"><strong>Front box and Camarotes\u00a0still have Physical\u00a0tickets and need to be picked up during carnival week .<\/strong>To receive the Physical tickets please\u00a0provide the Original\u00a0Identity Document and these Voucher at Copacabana or Barra locations during carnival week.<\/mark> <br><br>Copacabana Vila Mar will be still\u00a0available\u00a0in case you need our assistance for Digital Tickets or if you want to get the Gifts.<br><br>If you want the gifts you can get them\u00a0at a selected\u00a0location during carnival week (Optional).<\/p>\n\n\n\n<p><strong><mark style=\"background-color:rgba(0, 0, 0, 0)\" class=\"has-inline-color has-ast-global-color-1-color\">For more info on Digital Tickets :<\/mark><br><a href=\"https:\/\/store.ticketrio.com.br\/pt\/ingressos-digitais-rio-sambodromo-ingressos-de-carnaval\/\">https:\/\/store.ticketrio.com.br\/digital-tickets-rio-sambadrome-carnival-tickets\/<\/a><\/strong><br><br><\/p>\n\n\n\n<p><\/p>\n\n\n\n<p class=\"has-ast-global-color-7-color has-text-color has-link-color wp-elements-77a8139f4addbb8fd849ec7599a91a5a\"><strong>Cancellation: 7\u00a0 Calendar days<\/strong> (Brazilian Law)<br>After you receive the Ticket Rio Voucher, you have 7 calendar days to ask the cancelation for whatever reason and 100% refund will be provided.<br><br> After this period until December 31, we charge 30% cancelation fee due the administration process and due time holding the tickets for you for the event and you will receive 70% refund to the original payment. <br><br>After December 31, it\u2019s not possible to cancel but you can send us and e-mail and we check the possibility to resell your tickets to another customer and return your money (70% refund).<\/p>\n\n\n\n<h4 class=\"wp-block-heading has-luminous-vivid-orange-color has-text-color has-link-color wp-elements-fa9c246c845f70a064aeb923b4c186b7\"><strong><br>COMO RECEBER SEUS INGRESSOS PARA O SAMB\u00c1DROME DO CARNAVAL DO RIO<\/strong>:<\/h4>\n\n\n\n<p><br><strong>&#8211; For Digital Tickets &#8211; GRANDSTAND and ALLOCATED CHAIR<\/strong>.<br>100 % Digital Tickets sent to Quentro Customer app.<strong><br><\/strong><br><mark style=\"background-color:rgba(0, 0, 0, 0);color:#0693e3\" class=\"has-inline-color\"><strong>Entramos em contato com todos por meio de<\/strong><\/mark><strong><mark style=\"background-color:rgba(0, 0, 0, 0);color:#00d084\" class=\"has-inline-color\">WHATSAPP<\/mark><\/strong> <strong>15 days before Carnival <\/strong>to starts transfering the <mark style=\"background-color:rgba(0, 0, 0, 0);color:#ff6900\" class=\"has-inline-color\">Digital Ticket to Quentro App<\/mark> (sambadrome entrance app). Please inform your whatsapp in the moment of your purchase. We also have our physical store and Copacabana Vila Mar Holel in case you want to receive your Digital Tickets in person.<br><br>Read all the info about Digital Ticket transfering here &#8211;> <a href=\"https:\/\/store.ticketrio.com.br\/pt\/ingressos-digitais-rio-sambodromo-ingressos-de-carnaval\/\">https:\/\/store.ticketrio.com.br\/digital-tickets-rio-sambadrome-carnival-tickets\/<\/a><br><br><br><strong>\u2013 Para Ingressos F\u00edsicos<\/strong> &#8211; FRONT BOX and VIP Camarotes All Inclusive.<br><strong>Sambadrome Tickets will be available on Carnival Week at selected location.<br><\/strong>Traga seu voucher para receber seus ingressos na Semana de Carnaval no Help Desk de Copacabana ou na Loja da Barra da Tijuca das 10h \u00e0s 18h (inclusive todos os dias de carnaval).<br><br><strong><br><\/strong><\/p>\n\n\n\n<p><\/p>\n\n\n\n<h4 class=\"wp-block-heading\"><strong>Ingressos vem com brindes<\/strong>.<\/h4>","protected":false},"excerpt":{"rendered":"<p>Select the Tickets you want to buy Pay with PayPal or Credit Card. It&#8217;s safe and easy. You must to choose the location to pick-up your tickets. (EVEN FOR DIGITAL TICKETS) Barra da Tijuca Store&nbsp;\u2013 Our Physical store in Barra open the whole year. Address: Av. das Am\u00e9ricas, Loja 700 112 L \u2013 Barra da [&hellip;]<\/p>\n","protected":false},"author":1,"featured_media":0,"parent":0,"menu_order":0,"comment_status":"closed","ping_status":"closed","template":"","meta":{"_seopress_robots_primary_cat":"","_seopress_titles_title":"","_seopress_titles_desc":"","_seopress_robots_index":"","_surecart_dashboard_logo_width":"180px","_surecart_dashboard_show_logo":true,"_surecart_dashboard_navigation_orders":true,"_surecart_dashboard_navigation_invoices":true,"_surecart_dashboard_navigation_subscriptions":true,"_surecart_dashboard_navigation_downloads":true,"_surecart_dashboard_navigation_billing":true,"_surecart_dashboard_navigation_account":true,"_uag_custom_page_level_css":"","site-sidebar-layout":"no-sidebar","site-content-layout":"default","ast-site-content-layout":"default","site-content-style":"default","site-sidebar-style":"default","ast-global-header-display":"","ast-banner-title-visibility":"","ast-main-header-display":"","ast-hfb-above-header-display":"","ast-hfb-below-header-display":"","ast-hfb-mobile-header-display":"","site-post-title":"disabled","ast-breadcrumbs-content":"","ast-featured-img":"","footer-sml-layout":"","ast-disable-related-posts":"","theme-transparent-header-meta":"default","adv-header-id-meta":"","stick-header-meta":"","header-above-stick-meta":"","header-main-stick-meta":"","header-below-stick-meta":"","astra-migrate-meta-layouts":"set","ast-page-background-enabled":"default","ast-page-background-meta":{"desktop":{"background-color":"","background-image":"","background-repeat":"repeat","background-position":"center center","background-size":"auto","background-attachment":"scroll","background-type":"","background-media":"","overlay-type":"","overlay-color":"","overlay-opacity":"","overlay-gradient":""},"tablet":{"background-color":"","background-image":"","background-repeat":"repeat","background-position":"center center","background-size":"auto","background-attachment":"scroll","background-type":"","background-media":"","overlay-type":"","overlay-color":"","overlay-opacity":"","overlay-gradient":""},"mobile":{"background-color":"","background-image":"","background-repeat":"repeat","background-position":"center center","background-size":"auto","background-attachment":"scroll","background-type":"","background-media":"","overlay-type":"","overlay-color":"","overlay-opacity":"","overlay-gradient":""}},"ast-content-background-meta":{"desktop":{"background-color":"var(--ast-global-color-5)","background-image":"","background-repeat":"repeat","background-position":"center center","background-size":"auto","background-attachment":"scroll","background-type":"","background-media":"","overlay-type":"","overlay-color":"","overlay-opacity":"","overlay-gradient":""},"tablet":{"background-color":"var(--ast-global-color-5)","background-image":"","background-repeat":"repeat","background-position":"center center","background-size":"auto","background-attachment":"scroll","background-type":"","background-media":"","overlay-type":"","overlay-color":"","overlay-opacity":"","overlay-gradient":""},"mobile":{"background-color":"var(--ast-global-color-5)","background-image":"","background-repeat":"repeat","background-position":"center center","background-size":"auto","background-attachment":"scroll","background-type":"","background-media":"","overlay-type":"","overlay-color":"","overlay-opacity":"","overlay-gradient":""}},"iawp_total_views":1118,"footnotes":""},"class_list":["post-1218","page","type-page","status-publish","hentry"],"uagb_featured_image_src":{"full":false,"thumbnail":false,"medium":false,"medium_large":false,"large":false,"1536x1536":false,"2048x2048":false,"trp-custom-language-flag":false,"woocommerce_thumbnail":false,"woocommerce_single":false,"woocommerce_gallery_thumbnail":false},"uagb_author_info":{"display_name":"Duda","author_link":"https:\/\/store.ticketrio.com.br\/pt\/author\/duda\/"},"uagb_comment_info":0,"uagb_excerpt":"Select the Tickets you want to buy Pay with PayPal or Credit Card. It&#8217;s safe and easy. You must to choose the location to pick-up your tickets. (EVEN FOR DIGITAL TICKETS) Barra da Tijuca Store&nbsp;\u2013 Our Physical store in Barra open the whole year. Address: Av. das Am\u00e9ricas, Loja 700 112 L \u2013 Barra da&hellip;","jetpack_sharing_enabled":true,"_links":{"self":[{"href":"https:\/\/store.ticketrio.com.br\/pt\/wp-json\/wp\/v2\/pages\/1218","targetHints":{"allow":["GET"]}}],"collection":[{"href":"https:\/\/store.ticketrio.com.br\/pt\/wp-json\/wp\/v2\/pages"}],"about":[{"href":"https:\/\/store.ticketrio.com.br\/pt\/wp-json\/wp\/v2\/types\/page"}],"author":[{"embeddable":true,"href":"https:\/\/store.ticketrio.com.br\/pt\/wp-json\/wp\/v2\/users\/1"}],"replies":[{"embeddable":true,"href":"https:\/\/store.ticketrio.com.br\/pt\/wp-json\/wp\/v2\/comments?post=1218"}],"version-history":[{"count":15,"href":"https:\/\/store.ticketrio.com.br\/pt\/wp-json\/wp\/v2\/pages\/1218\/revisions"}],"predecessor-version":[{"id":4600,"href":"https:\/\/store.ticketrio.com.br\/pt\/wp-json\/wp\/v2\/pages\/1218\/revisions\/4600"}],"wp:attachment":[{"href":"https:\/\/store.ticketrio.com.br\/pt\/wp-json\/wp\/v2\/media?parent=1218"}],"curies":[{"name":"wp","href":"https:\/\/api.w.org\/{rel}","templated":true}]}}