{"id":3311,"date":"2024-06-10T02:27:32","date_gmt":"2024-06-10T02:27:32","guid":{"rendered":"https:\/\/store.ticketrio.com.br\/?page_id=3311"},"modified":"2026-04-06T18:44:37","modified_gmt":"2026-04-06T18:44:37","slug":"digital-tickets-rio-sambadrome-carnival-tickets","status":"publish","type":"page","link":"https:\/\/store.ticketrio.com.br\/pt\/digital-tickets-rio-sambadrome-carnival-tickets\/","title":{"rendered":"Rio Carnival Sambadrome Tickets \/ Digital Tickets &#8211; Grandstands Tickets and Front Box"},"content":{"rendered":"<h1 class=\"wp-block-heading has-ast-global-color-0-color has-text-color has-link-color has-medium-font-size wp-elements-ea8c107ac4959078c50c6faaa976052f\">COMO RECEBER A COMPRA DE INGRESSOS DIGITAIS NA TICKET RIO<\/h1>\n\n\n\n<hr class=\"wp-block-separator has-alpha-channel-opacity\"\/>\n\n\n\n<h1 class=\"wp-block-heading has-medium-font-size\"><strong>\u00a0Now your Grandstands Tickets and Front Box (Frisas) for every Sambadrome Sector is Digital tickets (QR code). <\/strong><br><br>The digital tickets will be available 15 days before Carnival. <br><br>Ap\u00f3s a compra, primeiramente voc\u00ea receber\u00e1 nosso Voucher por e-mail (que \u00e9 a sua confirma\u00e7\u00e3o de compra) e depois entraremos em contato por Telefone (Whatsapp) e E-mail para <strong>INSTRU\u00c7\u00d5ES de como fazer a transfer\u00eancia do ingresso para seu APP QUENTRO<\/strong>.<br><br>&#8211;>Camarote VIP All Inclusive are still physical tickets and need to be picked up at selected location (Barra or Copacabana).<br><br>Nossos locais f\u00edsicos estar\u00e3o dispon\u00edveis para retirada de frisa ou ingressos VIP e para recebimento de brindes (opcional).<br><br>PARA A ARQUIBANCADA, VOC\u00ca S\u00d3 PRECISA IR AO LOCAL ESCOLHIDO SE QUISER OS BRINDES. <br><\/h1>\n\n\n\n<h1 class=\"wp-block-heading has-medium-font-size\">&nbsp;Como ter acesso aos meus ingressos digitais comprados com a Ticket Rio?<br><\/h1>\n\n\n\n<p class=\"has-vivid-red-color has-text-color has-link-color has-medium-font-size wp-elements-89265a9f9fc678574d1fda97e447c87d\"><strong>\u2013 Baixe o aplicativo QUENTRO no seu telefone.<\/strong><\/p>\n\n\n\n<figure class=\"wp-block-image size-medium\"><a href=\"https:\/\/apps.apple.com\/br\/app\/quentro\/id1446088511\"><img loading=\"lazy\" decoding=\"async\" width=\"300\" height=\"101\" src=\"https:\/\/store.ticketrio.com.br\/wp-content\/uploads\/2024\/06\/SlKyg18510-300x101.png\" alt=\"\" class=\"wp-image-3312\" srcset=\"https:\/\/store.ticketrio.com.br\/wp-content\/uploads\/2024\/06\/SlKyg18510-300x101.png 300w, https:\/\/store.ticketrio.com.br\/wp-content\/uploads\/2024\/06\/SlKyg18510.png 388w\" sizes=\"auto, (max-width: 300px) 100vw, 300px\" \/><\/a><\/figure>\n\n\n\n<figure class=\"wp-block-image size-medium\"><a href=\"https:\/\/play.google.com\/store\/apps\/details?id=com.getcrowder.quentro&amp;hl=pt_BR&amp;gl=US\"><img loading=\"lazy\" decoding=\"async\" width=\"300\" height=\"89\" src=\"https:\/\/store.ticketrio.com.br\/wp-content\/uploads\/2024\/06\/Rglio18210-300x89.png\" alt=\"\" class=\"wp-image-3313\" srcset=\"https:\/\/store.ticketrio.com.br\/wp-content\/uploads\/2024\/06\/Rglio18210-300x89.png 300w, https:\/\/store.ticketrio.com.br\/wp-content\/uploads\/2024\/06\/Rglio18210.png 412w\" sizes=\"auto, (max-width: 300px) 100vw, 300px\" \/><\/a><\/figure>\n\n\n\n<p class=\"has-vivid-red-color has-text-color has-link-color has-medium-font-size wp-elements-e5c7b78413529434502da26b79209bd3\">&#8211; CREATE A QUENTRO ACCOUNT IN THE APP.<br><br> Our offical whatsapp is bellow for any doubt. <br><a href=\"https:\/\/api.whatsapp.com\/send?phone=+14079784355\">+55 21 98379-5068 (Telefone e WhatsApp)<\/a>)<br><br>Transferiremos os bilhetes de nossa conta Quentro para a conta Quentro do comprador. Somente at\u00e9 janeiro de 2026.<\/p>\n\n\n\n<h1 class=\"wp-block-heading has-medium-font-size\"><\/h1>\n\n\n\n<figure class=\"wp-block-image aligncenter size-medium is-resized\"><img loading=\"lazy\" decoding=\"async\" width=\"245\" height=\"300\" src=\"https:\/\/store.ticketrio.com.br\/wp-content\/uploads\/2024\/06\/quantro-qr-code-245x300.png\" alt=\"\" class=\"wp-image-3319\" style=\"width:232px;height:auto\" srcset=\"https:\/\/store.ticketrio.com.br\/wp-content\/uploads\/2024\/06\/quantro-qr-code-245x300.png 245w, https:\/\/store.ticketrio.com.br\/wp-content\/uploads\/2024\/06\/quantro-qr-code.png 450w\" sizes=\"auto, (max-width: 245px) 100vw, 245px\" \/><\/figure>\n\n\n\n<h3 class=\"wp-block-heading\">Fique atento \u00e0s recomenda\u00e7\u00f5es!<\/h3>\n\n\n\n<ul class=\"wp-block-list\">\n<li>Mantenha seu telefone carregado. Iremos escanear o c\u00f3digo QR no aplicativo Quentro na entrada. Certifique-se de que seu celular esteja carregado quando chegar ao local do evento.<\/li>\n\n\n\n<li>Utilize sua conta QUENTRO para entrar no aplicativo, utilize um e-mail v\u00e1lido, de prefer\u00eancia o mesmo utilizado para adquirir seus ingressos conosco, utilizando tamb\u00e9m os mesmos dados do comprador do ingresso.<\/li>\n\n\n\n<li>Verifique seus dados pessoais. Evite problemas de identifica\u00e7\u00e3o! Verifique os detalhes da sua conta e do ingresso antes da entrada para garantir que tudo corra bem.<\/li>\n\n\n\n<li>Compre ingressos para o Samb\u00f3dromo do Rio com anteced\u00eancia. N\u00e3o espere para comprar seus ingressos de \u00faltima hora para que tudo j\u00e1 esteja organizado quando voc\u00ea entrar.<\/li>\n<\/ul>\n\n\n\n<h2 class=\"wp-block-heading\"><strong>ATEN\u00c7\u00c3O PARA AS REGRAS:<\/strong><\/h2>\n\n\n\n<ol class=\"wp-block-list\">\n<li><strong>INGRESSOS DIGITAIS, uma vez entregues e confirmados pelo cliente, n\u00e3o poder\u00e3o mais ser cancelados.<\/strong><\/li>\n\n\n\n<li><strong>INGRESSOS DIGITAIS s\u00e3o intransfer\u00edveis.<\/strong><\/li>\n\n\n\n<li><strong>INGRESSOS F\u00cdSICOS OU DIGITAIS, uma vez entregues, a responsabilidade ser\u00e1 do CLIENTE\/DESTINAT\u00c1RIO.<\/strong><\/li>\n\n\n\n<li><strong>EM CASO DE PERDA, ROUBO OU FURTO DOS INGRESSOS F\u00cdSICOS OU DO DISPOSITIVO ONDE O INGRESSO DIGITAL FOI ACEITO, a responsabilidade \u00e9 do CLIENTE e n\u00e3o poder\u00e1 ser substitu\u00edda ou cancelada por nossa empresa.<\/strong><\/li>\n<\/ol>\n\n\n\n<p class=\"has-vivid-red-color has-text-color has-link-color wp-elements-9263e2f701ca051b84f184d368ccae9c\">O LOCAL F\u00cdSICO AINDA EST\u00c1 DISPON\u00cdVEL CASO VOC\u00ca N\u00c3O QUEIRA FAZER O PROCESSO DE EMISS\u00c3O DO INGRESSO DIGITAL POR CONTA PR\u00d3PRIA. Nossa equipe na Barra e na Vila Mar Copacabana estar\u00e1 na semana do carnaval \u00e0 sua disposi\u00e7\u00e3o para ajudar com o ingresso digital.<\/p>\n\n\n\n<p><strong>FRISA E CAMAROTES&nbsp;<\/strong>SAO INGRESSOS F\u00cdSICOS QUE DEVEM SER RETIRADOS NO LOCAL SELECIONADO.<\/p>\n\n\n\n<p class=\"has-large-font-size\">APROVEITE SEU CARNAVAL CARIOCA NO SAMB\u00d3DROMO! <br><br>DIVIRTA-SE!<br><\/p>\n\n\n\n<p><\/p>","protected":false},"excerpt":{"rendered":"<p>HOW TO RECEIVE DIGITAL TICKETS PURCHASE AT TICKET RIO \u00a0Now your Grandstands Tickets and Front Box (Frisas) for every Sambadrome Sector is Digital tickets (QR code). The digital tickets will be available 15 days before Carnival. After purchase, first you receive our Voucher by email (which is your purchase confirmation) and then We will contact [&hellip;]<\/p>\n","protected":false},"author":1,"featured_media":0,"parent":0,"menu_order":0,"comment_status":"closed","ping_status":"closed","template":"","meta":{"_seopress_robots_primary_cat":"","_seopress_titles_title":"","_seopress_titles_desc":"","_seopress_robots_index":"","_surecart_dashboard_logo_width":"180px","_surecart_dashboard_show_logo":true,"_surecart_dashboard_navigation_orders":true,"_surecart_dashboard_navigation_invoices":true,"_surecart_dashboard_navigation_subscriptions":true,"_surecart_dashboard_navigation_downloads":true,"_surecart_dashboard_navigation_billing":true,"_surecart_dashboard_navigation_account":true,"_uag_custom_page_level_css":"","site-sidebar-layout":"no-sidebar","site-content-layout":"","ast-site-content-layout":"default","site-content-style":"default","site-sidebar-style":"default","ast-global-header-display":"","ast-banner-title-visibility":"","ast-main-header-display":"","ast-hfb-above-header-display":"","ast-hfb-below-header-display":"","ast-hfb-mobile-header-display":"","site-post-title":"","ast-breadcrumbs-content":"","ast-featured-img":"","footer-sml-layout":"","ast-disable-related-posts":"","theme-transparent-header-meta":"","adv-header-id-meta":"","stick-header-meta":"","header-above-stick-meta":"","header-main-stick-meta":"","header-below-stick-meta":"","astra-migrate-meta-layouts":"set","ast-page-background-enabled":"default","ast-page-background-meta":{"desktop":{"background-color":"","background-image":"","background-repeat":"repeat","background-position":"center center","background-size":"auto","background-attachment":"scroll","background-type":"","background-media":"","overlay-type":"","overlay-color":"","overlay-opacity":"","overlay-gradient":""},"tablet":{"background-color":"","background-image":"","background-repeat":"repeat","background-position":"center center","background-size":"auto","background-attachment":"scroll","background-type":"","background-media":"","overlay-type":"","overlay-color":"","overlay-opacity":"","overlay-gradient":""},"mobile":{"background-color":"","background-image":"","background-repeat":"repeat","background-position":"center center","background-size":"auto","background-attachment":"scroll","background-type":"","background-media":"","overlay-type":"","overlay-color":"","overlay-opacity":"","overlay-gradient":""}},"ast-content-background-meta":{"desktop":{"background-color":"var(--ast-global-color-5)","background-image":"","background-repeat":"repeat","background-position":"center center","background-size":"auto","background-attachment":"scroll","background-type":"","background-media":"","overlay-type":"","overlay-color":"","overlay-opacity":"","overlay-gradient":""},"tablet":{"background-color":"var(--ast-global-color-5)","background-image":"","background-repeat":"repeat","background-position":"center center","background-size":"auto","background-attachment":"scroll","background-type":"","background-media":"","overlay-type":"","overlay-color":"","overlay-opacity":"","overlay-gradient":""},"mobile":{"background-color":"var(--ast-global-color-5)","background-image":"","background-repeat":"repeat","background-position":"center center","background-size":"auto","background-attachment":"scroll","background-type":"","background-media":"","overlay-type":"","overlay-color":"","overlay-opacity":"","overlay-gradient":""}},"iawp_total_views":2106,"footnotes":""},"class_list":["post-3311","page","type-page","status-publish","hentry"],"uagb_featured_image_src":{"full":false,"thumbnail":false,"medium":false,"medium_large":false,"large":false,"1536x1536":false,"2048x2048":false,"trp-custom-language-flag":false,"woocommerce_thumbnail":false,"woocommerce_single":false,"woocommerce_gallery_thumbnail":false},"uagb_author_info":{"display_name":"Duda","author_link":"https:\/\/store.ticketrio.com.br\/pt\/author\/duda\/"},"uagb_comment_info":0,"uagb_excerpt":"HOW TO RECEIVE DIGITAL TICKETS PURCHASE AT TICKET RIO \u00a0Now your Grandstands Tickets and Front Box (Frisas) for every Sambadrome Sector is Digital tickets (QR code). The digital tickets will be available 15 days before Carnival. After purchase, first you receive our Voucher by email (which is your purchase confirmation) and then We will contact&hellip;","jetpack_sharing_enabled":true,"_links":{"self":[{"href":"https:\/\/store.ticketrio.com.br\/pt\/wp-json\/wp\/v2\/pages\/3311","targetHints":{"allow":["GET"]}}],"collection":[{"href":"https:\/\/store.ticketrio.com.br\/pt\/wp-json\/wp\/v2\/pages"}],"about":[{"href":"https:\/\/store.ticketrio.com.br\/pt\/wp-json\/wp\/v2\/types\/page"}],"author":[{"embeddable":true,"href":"https:\/\/store.ticketrio.com.br\/pt\/wp-json\/wp\/v2\/users\/1"}],"replies":[{"embeddable":true,"href":"https:\/\/store.ticketrio.com.br\/pt\/wp-json\/wp\/v2\/comments?post=3311"}],"version-history":[{"count":24,"href":"https:\/\/store.ticketrio.com.br\/pt\/wp-json\/wp\/v2\/pages\/3311\/revisions"}],"predecessor-version":[{"id":4597,"href":"https:\/\/store.ticketrio.com.br\/pt\/wp-json\/wp\/v2\/pages\/3311\/revisions\/4597"}],"wp:attachment":[{"href":"https:\/\/store.ticketrio.com.br\/pt\/wp-json\/wp\/v2\/media?parent=3311"}],"curies":[{"name":"wp","href":"https:\/\/api.w.org\/{rel}","templated":true}]}}