{"id":3845,"date":"2025-05-23T16:21:05","date_gmt":"2025-05-23T16:21:05","guid":{"rendered":"https:\/\/store.ticketrio.com.br\/?page_id=3845"},"modified":"2025-05-27T18:00:42","modified_gmt":"2025-05-27T18:00:42","slug":"general-info-sambadrome","status":"publish","type":"page","link":"https:\/\/store.ticketrio.com.br\/pt\/general-info-sambadrome\/","title":{"rendered":"Info  Samb\u00f3dromo"},"content":{"rendered":"<h3 class=\"wp-block-heading\"><strong>INFORMA\u00c7\u00d5ES GERAIS SOBRE O SAMB\u00d3DROMO RIO DE JANEIRO<\/strong><\/h3>\n\n\n\n<p>O Samb\u00f3dromo \u00e9 dividido em 13 setores. O pre\u00e7o do ingresso para cada setor depende da localiza\u00e7\u00e3o e da vista da avenida. Os setores \u00edmpares ficam de um lado e os pares do outro. A numera\u00e7\u00e3o aumenta em dire\u00e7\u00e3o ao final da avenida. O lado \u00edmpar n\u00e3o se conecta ao lado par.<\/p>\n\n\n\n<p>Todos os setores s\u00e3o compostos por arquibancadas, frisas e camarotes VIP. As frisas ficam em frente \u00e0s arquibancadas, com a fileira A, mais pr\u00f3xima da pista de desfile do Samb\u00f3dromo. Os camarotes VIP est\u00e3o localizados em v\u00e1rios setores. Turistas estrangeiros podem comprar ingressos para qualquer setor do Samb\u00f3dromo.<\/p>\n\n\n\n<p><strong>Como chegar ao Samb\u00f3dromo<\/strong><br><br><strong>UBER <\/strong>\u2013 A Uber n\u00e3o est\u00e1 autorizada a entrar na \u00e1rea ao redor do Samb\u00f3dromo, pois a \u00e1rea \u00e9 bloqueada apenas para ve\u00edculos autorizados.<br><strong>We do not recommend taking UBER as it will leave you far from the main entrances to the Sambadrome.<\/strong><\/p>\n\n\n\n<p><strong>Metr\u00f4<\/strong><br>O Metr\u00f4Rio funciona 24 horas por dia durante o Carnaval do Rio. O Metr\u00f4Rio tem um hor\u00e1rio especial de opera\u00e7\u00e3o 24 horas, sem paradas, para facilitar a locomo\u00e7\u00e3o dos foli\u00f5es quando v\u00e3o aos blocos de Carnaval ou assistem aos desfiles na Passarela do Samba, no Samb\u00f3dromo. \u00c9 r\u00e1pido, mas lotado durante os dias de Carnaval. De qualquer forma, \u00e9 a melhor op\u00e7\u00e3o para chegar mais perto do Samb\u00f3dromo de forma r\u00e1pida, segura e barata. Se voc\u00ea quiser ir de metr\u00f4, escolha o lado par, pois \u00e9 nele que fica a esta\u00e7\u00e3o de metr\u00f4 mais pr\u00f3xima do Samb\u00f3dromo.<br><br><strong>Esta\u00e7\u00e3o de metr\u00f4 LADO PAR<\/strong> \u2013 Pra\u00e7a Onze<br><strong>Esta\u00e7\u00e3o de metr\u00f4 LADO IMPAR<\/strong> \u2013 Central do Brasil<br><br><strong>Taxi Cab<\/strong> \u2013 N\u00e3o utilize t\u00e1xis de rua, pois eles devem ser de uma empresa credenciada. Os t\u00e1xis credenciados t\u00eam pre\u00e7os fixos e exigem que o cliente ligue com anteced\u00eancia para agendar o trajeto. As empresas credenciadas para fornecer servi\u00e7os de t\u00e1xi at\u00e9 a entrada do Samb\u00f3dromo s\u00e3o:<br> &#8211; <strong>Lado par: Coopatur <\/strong>\u2013 Tel: 55 (21) 2573-1009 \/ 3885-1000<br>&nbsp;&#8211; <strong>Lado \u00edmpar: Coopertramo<\/strong> \u2013 Tel: 55 (21) 2560-2022 \/ 2560-1474<\/p>\n\n\n\n<p><strong>Transporte Privado \u2013<\/strong> Para garantir que sua chegada ao Samb\u00f3dromo seja o mais tranquila e segura poss\u00edvel, oferecemos o Servi\u00e7o de Traslado ao Samb\u00f3dromo. Confira nossos pre\u00e7os aqui. <a href=\"https:\/\/store.ticketrio.com.br\/pt\/ingresso-rio-de-janeiro-sambodromo\/transfer-rio-carnival\/\">https:\/\/store.ticketrio.com.br\/product-category\/transfer-rio-carnival\/<\/a><\/p>\n\n\n\n<p><strong>Quando Chegar<\/strong><br>As portas abrem \u00e0s 18h. Algumas pessoas que n\u00e3o t\u00eam ingressos para os assentos numerados costumam chegar um pouco mais cedo para garantir os melhores lugares. O hor\u00e1rio de in\u00edcio dos desfiles depende do dia do desfile; consulte a programa\u00e7\u00e3o.<\/p>\n\n\n\n<p><strong>Instala\u00e7\u00f5es<\/strong>\/ <strong>Pra\u00e7a de alimenta\u00e7\u00e3o<\/strong><br>H\u00e1 bares com comidas e bebidas, al\u00e9m de banheiros em cada setor do Samb\u00f3dromo. Al\u00e9m disso, todos t\u00eam acesso \u00e0 \u00e1rea aberta, um espa\u00e7o que fica atr\u00e1s das arquibancadas do Samb\u00f3dromo, onde h\u00e1 restaurantes, sorveterias, lojas de souvenirs e mais banheiros.<\/p>\n\n\n\n<p><strong>Seguran\u00e7a<\/strong> <strong>no Samb\u00f3dromo<\/strong><br>Em dias de desfile, o Samb\u00f3dromo \u00e9 considerado o local mais seguro da Am\u00e9rica do Sul. H\u00e1 uma concentra\u00e7\u00e3o alt\u00edssima de celebridades internacionais, pol\u00edticos e membros da fam\u00edlia real entre a multid\u00e3o. O Samb\u00f3dromo \u00e9 cercado por enormes cercas pelas quais ningu\u00e9m pode passar sem ser revistado, por raz\u00f5es comerciais e de seguran\u00e7a.<\/p>\n\n\n\n<p><strong>O que levar<\/strong><br>Esteja preparado para o fato de que apenas lanches r\u00e1pidos, como pizza e cheeseburgers, estar\u00e3o dispon\u00edveis no Samb\u00f3dromo. Voc\u00ea tamb\u00e9m pode trazer recipientes pl\u00e1sticos com bebidas e alguns alimentos, como sandu\u00edches e frutas. Isopor, garrafas, vidro e fogos de artif\u00edcio s\u00e3o proibidos. Bebidas alco\u00f3licas s\u00e3o normalmente vendidas dentro do Samb\u00f3dromo para maiores de 18 anos.<\/p>\n\n\n\n<p><strong>Children<mark style=\"background-color:rgba(0, 0, 0, 0);color:#cf2e2e\" class=\"has-inline-color\"> under 5 year<\/mark>s of age are not allowed to enter the Sambadrome, even if accompanied by their guardians.<\/strong><br><\/p>\n\n\n\n<figure class=\"wp-block-image\"><img decoding=\"async\" src=\"https:\/\/www.ticketrio.com.br\/site\/wp-content\/uploads\/2015\/05\/2012_LIESA_MAPA-SAMBODROMO_Normal.jpg\" alt=\"\"\/><\/figure>\n\n\n\n<ul class=\"wp-block-list\">\n<li><\/li>\n<\/ul>","protected":false},"excerpt":{"rendered":"<p>GENERAL INFORMATION ABOUT SAMBODROME RIO DE JANEIRO Sambadrome is divided into 13 sectors. The ticket price for each sector depends on the position and view of the Avenue. The odd-numbered sectors are on one side and the even-numbered sectors are on the other. The numbers increase towards the end of the Avenue. The odd-numbered side [&hellip;]<\/p>\n","protected":false},"author":1,"featured_media":0,"parent":0,"menu_order":0,"comment_status":"closed","ping_status":"closed","template":"","meta":{"_seopress_robots_primary_cat":"","_seopress_titles_title":"","_seopress_titles_desc":"","_seopress_robots_index":"","_surecart_dashboard_logo_width":"180px","_surecart_dashboard_show_logo":true,"_surecart_dashboard_navigation_orders":true,"_surecart_dashboard_navigation_invoices":true,"_surecart_dashboard_navigation_subscriptions":true,"_surecart_dashboard_navigation_downloads":true,"_surecart_dashboard_navigation_billing":true,"_surecart_dashboard_navigation_account":true,"_uag_custom_page_level_css":"","site-sidebar-layout":"no-sidebar","site-content-layout":"","ast-site-content-layout":"normal-width-container","site-content-style":"default","site-sidebar-style":"default","ast-global-header-display":"","ast-banner-title-visibility":"","ast-main-header-display":"","ast-hfb-above-header-display":"","ast-hfb-below-header-display":"","ast-hfb-mobile-header-display":"","site-post-title":"","ast-breadcrumbs-content":"","ast-featured-img":"","footer-sml-layout":"","ast-disable-related-posts":"","theme-transparent-header-meta":"","adv-header-id-meta":"","stick-header-meta":"","header-above-stick-meta":"","header-main-stick-meta":"","header-below-stick-meta":"","astra-migrate-meta-layouts":"set","ast-page-background-enabled":"default","ast-page-background-meta":{"desktop":{"background-color":"","background-image":"","background-repeat":"repeat","background-position":"center center","background-size":"auto","background-attachment":"scroll","background-type":"","background-media":"","overlay-type":"","overlay-color":"","overlay-gradient":""},"tablet":{"background-color":"","background-image":"","background-repeat":"repeat","background-position":"center center","background-size":"auto","background-attachment":"scroll","background-type":"","background-media":"","overlay-type":"","overlay-color":"","overlay-gradient":""},"mobile":{"background-color":"","background-image":"","background-repeat":"repeat","background-position":"center center","background-size":"auto","background-attachment":"scroll","background-type":"","background-media":"","overlay-type":"","overlay-color":"","overlay-gradient":""}},"ast-content-background-meta":{"desktop":{"background-color":"var(--ast-global-color-5)","background-image":"","background-repeat":"repeat","background-position":"center center","background-size":"auto","background-attachment":"scroll","background-type":"","background-media":"","overlay-type":"","overlay-color":"","overlay-gradient":""},"tablet":{"background-color":"var(--ast-global-color-5)","background-image":"","background-repeat":"repeat","background-position":"center center","background-size":"auto","background-attachment":"scroll","background-type":"","background-media":"","overlay-type":"","overlay-color":"","overlay-gradient":""},"mobile":{"background-color":"var(--ast-global-color-5)","background-image":"","background-repeat":"repeat","background-position":"center center","background-size":"auto","background-attachment":"scroll","background-type":"","background-media":"","overlay-type":"","overlay-color":"","overlay-gradient":""}},"iawp_total_views":1578,"footnotes":""},"class_list":["post-3845","page","type-page","status-publish","hentry"],"uagb_featured_image_src":{"full":false,"thumbnail":false,"medium":false,"medium_large":false,"large":false,"1536x1536":false,"2048x2048":false,"trp-custom-language-flag":false,"woocommerce_thumbnail":false,"woocommerce_single":false,"woocommerce_gallery_thumbnail":false},"uagb_author_info":{"display_name":"Duda","author_link":"https:\/\/store.ticketrio.com.br\/pt\/author\/duda\/"},"uagb_comment_info":0,"uagb_excerpt":"GENERAL INFORMATION ABOUT SAMBODROME RIO DE JANEIRO Sambadrome is divided into 13 sectors. The ticket price for each sector depends on the position and view of the Avenue. The odd-numbered sectors are on one side and the even-numbered sectors are on the other. The numbers increase towards the end of the Avenue. The odd-numbered side&hellip;","jetpack_sharing_enabled":true,"_links":{"self":[{"href":"https:\/\/store.ticketrio.com.br\/pt\/wp-json\/wp\/v2\/pages\/3845","targetHints":{"allow":["GET"]}}],"collection":[{"href":"https:\/\/store.ticketrio.com.br\/pt\/wp-json\/wp\/v2\/pages"}],"about":[{"href":"https:\/\/store.ticketrio.com.br\/pt\/wp-json\/wp\/v2\/types\/page"}],"author":[{"embeddable":true,"href":"https:\/\/store.ticketrio.com.br\/pt\/wp-json\/wp\/v2\/users\/1"}],"replies":[{"embeddable":true,"href":"https:\/\/store.ticketrio.com.br\/pt\/wp-json\/wp\/v2\/comments?post=3845"}],"version-history":[{"count":27,"href":"https:\/\/store.ticketrio.com.br\/pt\/wp-json\/wp\/v2\/pages\/3845\/revisions"}],"predecessor-version":[{"id":3894,"href":"https:\/\/store.ticketrio.com.br\/pt\/wp-json\/wp\/v2\/pages\/3845\/revisions\/3894"}],"wp:attachment":[{"href":"https:\/\/store.ticketrio.com.br\/pt\/wp-json\/wp\/v2\/media?parent=3845"}],"curies":[{"name":"wp","href":"https:\/\/api.w.org\/{rel}","templated":true}]}}